
{"id":9674,"date":"2023-05-17T11:50:52","date_gmt":"2023-05-17T09:50:52","guid":{"rendered":"https:\/\/eyewearstore.hu\/?post_type=product&#038;p=9674"},"modified":"2026-04-30T13:47:54","modified_gmt":"2026-04-30T11:47:54","slug":"zaritabo-cc0072-c4-54-17-140","status":"publish","type":"product","link":"https:\/\/eyewearstore.hu\/en\/product\/zaritabo-cc0072-c4-54-17-140\/","title":{"rendered":"Zarita&amp;Bo CC0072 C4 54\/17\/140"},"content":{"rendered":"","protected":false},"excerpt":{"rendered":"<p>Szem\u00fcvegkeret m\u00e1gneses napszem\u00fcveg el\u0151t\u00e9ttel.<\/p>","protected":false},"featured_media":9691,"comment_status":"open","ping_status":"closed","template":"","meta":{"_seopress_robots_primary_cat":"none","_seopress_titles_title":"","_seopress_titles_desc":"","_seopress_robots_index":""},"product_cat":[112,120,58,82,61,85],"product_tag":[],"class_list":{"0":"post-9674","1":"product","2":"type-product","3":"status-publish","4":"has-post-thumbnail","6":"product_cat-szemuvegkeretek-napszemuveg-elotettel","7":"product_cat-zaritabo","8":"product_cat-products_frame","9":"product_cat-fem","10":"product_cat-ferfi","11":"product_cat-teli-keret","13":"first","14":"instock","15":"taxable","16":"shipping-taxable","17":"purchasable","18":"product-type-simple"},"_links":{"self":[{"href":"https:\/\/eyewearstore.hu\/en\/wp-json\/wp\/v2\/product\/9674","targetHints":{"allow":["GET"]}}],"collection":[{"href":"https:\/\/eyewearstore.hu\/en\/wp-json\/wp\/v2\/product"}],"about":[{"href":"https:\/\/eyewearstore.hu\/en\/wp-json\/wp\/v2\/types\/product"}],"replies":[{"embeddable":true,"href":"https:\/\/eyewearstore.hu\/en\/wp-json\/wp\/v2\/comments?post=9674"}],"wp:featuredmedia":[{"embeddable":true,"href":"https:\/\/eyewearstore.hu\/en\/wp-json\/wp\/v2\/media\/9691"}],"wp:attachment":[{"href":"https:\/\/eyewearstore.hu\/en\/wp-json\/wp\/v2\/media?parent=9674"}],"wp:term":[{"taxonomy":"product_cat","embeddable":true,"href":"https:\/\/eyewearstore.hu\/en\/wp-json\/wp\/v2\/product_cat?post=9674"},{"taxonomy":"product_tag","embeddable":true,"href":"https:\/\/eyewearstore.hu\/en\/wp-json\/wp\/v2\/product_tag?post=9674"}],"curies":[{"name":"wp","href":"https:\/\/api.w.org\/{rel}","templated":true}]}}