
{"id":9664,"date":"2023-05-17T11:58:10","date_gmt":"2023-05-17T09:58:10","guid":{"rendered":"https:\/\/eyewearstore.hu\/?post_type=product&#038;p=9664"},"modified":"2026-01-20T19:01:36","modified_gmt":"2026-01-20T18:01:36","slug":"zaritabo-zb2036-c1-57-17-145","status":"publish","type":"product","link":"https:\/\/eyewearstore.hu\/en\/product\/zaritabo-zb2036-c1-57-17-145\/","title":{"rendered":"Zarita&amp;Bo ZB2036 C1 57\/17\/145"},"content":{"rendered":"","protected":false},"excerpt":{"rendered":"<p>Szem\u00fcvegkeret m\u00e1gneses napszem\u00fcveg el\u0151t\u00e9ttel.<\/p>","protected":false},"featured_media":9682,"comment_status":"open","ping_status":"closed","template":"","meta":{"_seopress_robots_primary_cat":"none","_seopress_titles_title":"","_seopress_titles_desc":"","_seopress_robots_index":""},"product_cat":[112,120,58,61,81,85],"product_tag":[],"class_list":{"0":"post-9664","1":"product","2":"type-product","3":"status-publish","4":"has-post-thumbnail","6":"product_cat-szemuvegkeretek-napszemuveg-elotettel","7":"product_cat-zaritabo","8":"product_cat-products_frame","9":"product_cat-ferfi","10":"product_cat-muanyag","11":"product_cat-teli-keret","13":"first","14":"instock","15":"taxable","16":"shipping-taxable","17":"purchasable","18":"product-type-simple"},"_links":{"self":[{"href":"https:\/\/eyewearstore.hu\/en\/wp-json\/wp\/v2\/product\/9664","targetHints":{"allow":["GET"]}}],"collection":[{"href":"https:\/\/eyewearstore.hu\/en\/wp-json\/wp\/v2\/product"}],"about":[{"href":"https:\/\/eyewearstore.hu\/en\/wp-json\/wp\/v2\/types\/product"}],"replies":[{"embeddable":true,"href":"https:\/\/eyewearstore.hu\/en\/wp-json\/wp\/v2\/comments?post=9664"}],"wp:featuredmedia":[{"embeddable":true,"href":"https:\/\/eyewearstore.hu\/en\/wp-json\/wp\/v2\/media\/9682"}],"wp:attachment":[{"href":"https:\/\/eyewearstore.hu\/en\/wp-json\/wp\/v2\/media?parent=9664"}],"wp:term":[{"taxonomy":"product_cat","embeddable":true,"href":"https:\/\/eyewearstore.hu\/en\/wp-json\/wp\/v2\/product_cat?post=9664"},{"taxonomy":"product_tag","embeddable":true,"href":"https:\/\/eyewearstore.hu\/en\/wp-json\/wp\/v2\/product_tag?post=9664"}],"curies":[{"name":"wp","href":"https:\/\/api.w.org\/{rel}","templated":true}]}}