
{"id":7486,"date":"2023-04-06T18:24:31","date_gmt":"2023-04-06T16:24:31","guid":{"rendered":"https:\/\/eyewearstore.hu\/?post_type=product&#038;p=7486"},"modified":"2025-08-01T16:02:58","modified_gmt":"2025-08-01T14:02:58","slug":"bs-squid-dioptrias-uszoszemuveg","status":"publish","type":"product","link":"https:\/\/eyewearstore.hu\/en\/product\/bs-squid-dioptrias-uszoszemuveg\/","title":{"rendered":"B&#038;S &#8222;Squid&#8221; Dioptri\u00e1zhat\u00f3 \u00fasz\u00f3szem\u00fcveg"},"content":{"rendered":"<p>B &amp; S \u00fasz\u00f3szem\u00fcvegei kiv\u00e1l\u00f3an alkalmasak ak\u00e1r a tengerben, ak\u00e1r a<br \/>\nmedenc\u00e9ben val\u00f3 \u00fasz\u00e1sra, sportol\u00e1sra.<\/p>\n<p>A verhetetlen \u00e1r\/teljes\u00edtm\u00e9ny ar\u00e1ny mellett rendk\u00edv\u00fcl k\u00e9nyelmes a haszn\u00e1latuk,<br \/>\nkomfortos a viselet\u00fck \u00e9s nem utols\u00f3 sorban strapab\u00edr\u00f3ak is.<\/p>\n<p>Minden B &amp; S \u00fasz\u00f3szem\u00fcveg megfelel a szigor\u00fa brit szabv\u00e1nyoknak (British<br \/>\nStandard for swimming goggles \u2013 BS 5883:1996).<\/p>","protected":false},"excerpt":{"rendered":"<h4>Squid &#8211; A tintahal<\/h4>\n<ul>\n<li>Puha \u00e9s strapab\u00edr\u00f3 gumi t\u00f6m\u00edt\u00e9sek<\/li>\n<li>S\u00f3s v\u00edznek is ellen\u00e1ll\u00f3<\/li>\n<li>Cser\u00e9lhet\u0151 lencs\u00e9k<\/li>\n<li>Optikus \u00e1ltal egyedileg dioptri\u00e1zhat\u00f3<\/li>\n<\/ul>\n<p>Lencsesz\u00e9less\u00e9g: 39 mm<br \/>\nLencsemagass\u00e1g: 26 mm<br \/>\n3 k\u00fcl\u00f6nf\u00e9le h\u00eddm\u00e9rettel: 20, 22, 24 mm<\/p>\n<ul>\n<li>Kem\u00e9ny m\u0171anyag tokkal<\/li>\n<li>Tartal\u00e9k t\u00f6m\u00edt\u0151gy\u0171r\u0171kkel<\/li>\n<\/ul>","protected":false},"featured_media":7488,"comment_status":"open","ping_status":"closed","template":"","meta":{"_seopress_robots_primary_cat":"822","_seopress_titles_title":"","_seopress_titles_desc":"","_seopress_robots_index":""},"product_cat":[58,822],"product_tag":[],"class_list":{"0":"post-7486","1":"product","2":"type-product","3":"status-publish","4":"has-post-thumbnail","6":"product_cat-products_frame","7":"product_cat-uszoszemuveg","9":"first","10":"instock","11":"taxable","12":"shipping-taxable","13":"purchasable","14":"product-type-variable"},"_links":{"self":[{"href":"https:\/\/eyewearstore.hu\/en\/wp-json\/wp\/v2\/product\/7486","targetHints":{"allow":["GET"]}}],"collection":[{"href":"https:\/\/eyewearstore.hu\/en\/wp-json\/wp\/v2\/product"}],"about":[{"href":"https:\/\/eyewearstore.hu\/en\/wp-json\/wp\/v2\/types\/product"}],"replies":[{"embeddable":true,"href":"https:\/\/eyewearstore.hu\/en\/wp-json\/wp\/v2\/comments?post=7486"}],"wp:featuredmedia":[{"embeddable":true,"href":"https:\/\/eyewearstore.hu\/en\/wp-json\/wp\/v2\/media\/7488"}],"wp:attachment":[{"href":"https:\/\/eyewearstore.hu\/en\/wp-json\/wp\/v2\/media?parent=7486"}],"wp:term":[{"taxonomy":"product_cat","embeddable":true,"href":"https:\/\/eyewearstore.hu\/en\/wp-json\/wp\/v2\/product_cat?post=7486"},{"taxonomy":"product_tag","embeddable":true,"href":"https:\/\/eyewearstore.hu\/en\/wp-json\/wp\/v2\/product_tag?post=7486"}],"curies":[{"name":"wp","href":"https:\/\/api.w.org\/{rel}","templated":true}]}}