
{"id":7476,"date":"2023-04-05T18:22:30","date_gmt":"2023-04-05T16:22:30","guid":{"rendered":"https:\/\/eyewearstore.hu\/?post_type=product&#038;p=7476"},"modified":"2025-08-01T16:02:58","modified_gmt":"2025-08-01T14:02:58","slug":"atlatszo-szemuveg-szarveg","status":"publish","type":"product","link":"https:\/\/eyewearstore.hu\/en\/product\/atlatszo-szemuveg-szarveg\/","title":{"rendered":"\u00c1tl\u00e1tsz\u00f3 szem\u00fcveg sz\u00e1rv\u00e9g"},"content":{"rendered":"","protected":false},"excerpt":{"rendered":"<p>\u00c1tl\u00e1tsz\u00f3, m\u0171anyag sz\u00e1rv\u00e9g szem\u00fcveghez.<\/p>","protected":false},"featured_media":7481,"comment_status":"open","ping_status":"closed","template":"","meta":{"_seopress_robots_primary_cat":"","_seopress_titles_title":"","_seopress_titles_desc":"","_seopress_robots_index":""},"product_cat":[34,825],"product_tag":[],"class_list":{"0":"post-7476","1":"product","2":"type-product","3":"status-publish","4":"has-post-thumbnail","6":"product_cat-egyeb","7":"product_cat-szarvegek","9":"first","10":"instock","11":"taxable","12":"shipping-taxable","13":"purchasable","14":"product-type-variable"},"_links":{"self":[{"href":"https:\/\/eyewearstore.hu\/en\/wp-json\/wp\/v2\/product\/7476","targetHints":{"allow":["GET"]}}],"collection":[{"href":"https:\/\/eyewearstore.hu\/en\/wp-json\/wp\/v2\/product"}],"about":[{"href":"https:\/\/eyewearstore.hu\/en\/wp-json\/wp\/v2\/types\/product"}],"replies":[{"embeddable":true,"href":"https:\/\/eyewearstore.hu\/en\/wp-json\/wp\/v2\/comments?post=7476"}],"wp:featuredmedia":[{"embeddable":true,"href":"https:\/\/eyewearstore.hu\/en\/wp-json\/wp\/v2\/media\/7481"}],"wp:attachment":[{"href":"https:\/\/eyewearstore.hu\/en\/wp-json\/wp\/v2\/media?parent=7476"}],"wp:term":[{"taxonomy":"product_cat","embeddable":true,"href":"https:\/\/eyewearstore.hu\/en\/wp-json\/wp\/v2\/product_cat?post=7476"},{"taxonomy":"product_tag","embeddable":true,"href":"https:\/\/eyewearstore.hu\/en\/wp-json\/wp\/v2\/product_tag?post=7476"}],"curies":[{"name":"wp","href":"https:\/\/api.w.org\/{rel}","templated":true}]}}