
{"id":7380,"date":"2023-03-29T16:01:00","date_gmt":"2023-03-29T14:01:00","guid":{"rendered":"https:\/\/eyewearstore.hu\/?post_type=product&#038;p=7380"},"modified":"2025-08-01T16:02:58","modified_gmt":"2025-08-01T14:02:58","slug":"bs-dioptrias-uszoszemuveg","status":"publish","type":"product","link":"https:\/\/eyewearstore.hu\/en\/product\/bs-dioptrias-uszoszemuveg\/","title":{"rendered":"B&#038;S &#8222;Shell&#8221; Dioptri\u00e1s \u00fasz\u00f3szem\u00fcveg"},"content":{"rendered":"<p>B &amp; S \u00fasz\u00f3szem\u00fcvegei kiv\u00e1l\u00f3an alkalmasak ak\u00e1r a tengerben, ak\u00e1r a<br \/>\nmedenc\u00e9ben val\u00f3 \u00fasz\u00e1sra, sportol\u00e1sra.<\/p>\n<p>A verhetetlen \u00e1r\/teljes\u00edtm\u00e9ny ar\u00e1ny mellett rendk\u00edv\u00fcl k\u00e9nyelmes a haszn\u00e1latuk,<br \/>\nkomfortos a viselet\u00fck \u00e9s nem utols\u00f3 sorban strapab\u00edr\u00f3ak is.<\/p>\n<p>Minden B &amp; S \u00fasz\u00f3szem\u00fcveg megfelel a szigor\u00fa brit szabv\u00e1nyoknak (British<br \/>\nStandard for swimming goggles \u2013 BS 5883:1996) \u00e9s teljes UV v\u00e9delemmel<br \/>\nrendelkeznek.<\/p>","protected":false},"excerpt":{"rendered":"<h4>Shell &#8211; A kagyl\u00f3<\/h4>\n<ul>\n<li>\u00dct\u00e9s\u00e1ll\u00f3 polikarbon\u00e1t lencs\u00e9kkel<\/li>\n<li>A lencse bels\u0151 fel\u00e9n p\u00e1r\u00e1sod\u00e1sg\u00e1tl\u00f3 bevonattal,<br \/>\namely mikrosz\u00e1las t\u00f6rl\u0151kend\u0151vel NEM tiszt\u00edthat\u00f3!<\/li>\n<li>V\u00e1laszthat\u00f3 dioptri\u00e1val<\/li>\n<li>K\u00e9k \u00e9s fekete sz\u00ednekben<\/li>\n<\/ul>\n<p>&nbsp;<\/p>","protected":false},"featured_media":7391,"comment_status":"open","ping_status":"closed","template":"","meta":{"_seopress_robots_primary_cat":"822","_seopress_titles_title":"","_seopress_titles_desc":"","_seopress_robots_index":""},"product_cat":[58,822],"product_tag":[],"class_list":{"0":"post-7380","1":"product","2":"type-product","3":"status-publish","4":"has-post-thumbnail","6":"product_cat-products_frame","7":"product_cat-uszoszemuveg","9":"first","10":"instock","11":"taxable","12":"shipping-taxable","13":"purchasable","14":"product-type-variable"},"_links":{"self":[{"href":"https:\/\/eyewearstore.hu\/en\/wp-json\/wp\/v2\/product\/7380","targetHints":{"allow":["GET"]}}],"collection":[{"href":"https:\/\/eyewearstore.hu\/en\/wp-json\/wp\/v2\/product"}],"about":[{"href":"https:\/\/eyewearstore.hu\/en\/wp-json\/wp\/v2\/types\/product"}],"replies":[{"embeddable":true,"href":"https:\/\/eyewearstore.hu\/en\/wp-json\/wp\/v2\/comments?post=7380"}],"wp:featuredmedia":[{"embeddable":true,"href":"https:\/\/eyewearstore.hu\/en\/wp-json\/wp\/v2\/media\/7391"}],"wp:attachment":[{"href":"https:\/\/eyewearstore.hu\/en\/wp-json\/wp\/v2\/media?parent=7380"}],"wp:term":[{"taxonomy":"product_cat","embeddable":true,"href":"https:\/\/eyewearstore.hu\/en\/wp-json\/wp\/v2\/product_cat?post=7380"},{"taxonomy":"product_tag","embeddable":true,"href":"https:\/\/eyewearstore.hu\/en\/wp-json\/wp\/v2\/product_tag?post=7380"}],"curies":[{"name":"wp","href":"https:\/\/api.w.org\/{rel}","templated":true}]}}