
{"id":7350,"date":"2023-04-11T15:09:05","date_gmt":"2023-04-11T13:09:05","guid":{"rendered":"https:\/\/eyewearstore.hu\/?post_type=product&#038;p=7350"},"modified":"2025-08-01T16:02:57","modified_gmt":"2025-08-01T14:02:57","slug":"police-spl771-08ff-57-17-145","status":"publish","type":"product","link":"https:\/\/eyewearstore.hu\/en\/product\/police-spl771-08ff-57-17-145\/","title":{"rendered":"Police SPL771 08FF 57\/17\/145"},"content":{"rendered":"","protected":false},"excerpt":{"rendered":"<p>A Police legend\u00e1s t\u00f6rt\u00e9nete \u00e9vtizedek \u00f3ta siker sztori. Napjainkban is piacvezet\u0151 szerepet t\u00f6lt be a szem\u00fcvegkeretek vil\u00e1g\u00e1ban, k\u00f6sz\u00f6nhet\u0151 mindez az innovat\u00edv technol\u00f3giai h\u00e1tt\u00e9rnek \u00e9s a tradicion\u00e1lis olasz gy\u00f6kerekben rejl\u0151 divat szeretet\u00e9nek.<\/p>","protected":false},"featured_media":7505,"comment_status":"open","ping_status":"closed","template":"","meta":{"_seopress_robots_primary_cat":"none","_seopress_titles_title":"","_seopress_titles_desc":"","_seopress_robots_index":""},"product_cat":[82,61,59,65,85],"product_tag":[],"class_list":{"0":"post-7350","1":"product","2":"type-product","3":"status-publish","4":"has-post-thumbnail","6":"product_cat-fem","7":"product_cat-ferfi","8":"product_cat-products_sunglasses","9":"product_cat-police","10":"product_cat-teli-keret","12":"first","13":"instock","14":"taxable","15":"shipping-taxable","16":"purchasable","17":"product-type-simple"},"_links":{"self":[{"href":"https:\/\/eyewearstore.hu\/en\/wp-json\/wp\/v2\/product\/7350","targetHints":{"allow":["GET"]}}],"collection":[{"href":"https:\/\/eyewearstore.hu\/en\/wp-json\/wp\/v2\/product"}],"about":[{"href":"https:\/\/eyewearstore.hu\/en\/wp-json\/wp\/v2\/types\/product"}],"replies":[{"embeddable":true,"href":"https:\/\/eyewearstore.hu\/en\/wp-json\/wp\/v2\/comments?post=7350"}],"wp:featuredmedia":[{"embeddable":true,"href":"https:\/\/eyewearstore.hu\/en\/wp-json\/wp\/v2\/media\/7505"}],"wp:attachment":[{"href":"https:\/\/eyewearstore.hu\/en\/wp-json\/wp\/v2\/media?parent=7350"}],"wp:term":[{"taxonomy":"product_cat","embeddable":true,"href":"https:\/\/eyewearstore.hu\/en\/wp-json\/wp\/v2\/product_cat?post=7350"},{"taxonomy":"product_tag","embeddable":true,"href":"https:\/\/eyewearstore.hu\/en\/wp-json\/wp\/v2\/product_tag?post=7350"}],"curies":[{"name":"wp","href":"https:\/\/api.w.org\/{rel}","templated":true}]}}