
{"id":7325,"date":"2023-04-13T16:53:17","date_gmt":"2023-04-13T14:53:17","guid":{"rendered":"https:\/\/eyewearstore.hu\/?post_type=product&#038;p=7325"},"modified":"2026-02-11T19:02:15","modified_gmt":"2026-02-11T18:02:15","slug":"furla-vfu635-0700-54-15-140","status":"publish","type":"product","link":"https:\/\/eyewearstore.hu\/en\/product\/furla-vfu635-0700-54-15-140\/","title":{"rendered":"FURLA VFU635 0700 54\/15\/140"},"content":{"rendered":"","protected":false},"excerpt":{"rendered":"<div class=\"elementor-element elementor-element-7c8ca294 elementor-widget elementor-widget-heading\" data-id=\"7c8ca294\" data-element_type=\"widget\" data-widget_type=\"heading.default\">\n<div class=\"elementor-widget-container\">\n<h6 class=\"elementor-heading-title elementor-size-default\">A Furla luxuscikk m\u00e1rk\u00e1t a Furlanetto csal\u00e1d hozta l\u00e9tre 1927-ben, mely a mai napig a tulajdonukban van.<\/h6>\n<\/div>\n<\/div>\n<div class=\"elementor-element elementor-element-4874f670 elementor-widget elementor-widget-text-editor\" data-id=\"4874f670\" data-element_type=\"widget\" data-widget_type=\"text-editor.default\">\n<div class=\"elementor-widget-container\">\n<h6>Term\u00e9kei t\u00f6bb mint 1000 \u00fczletben \u00e9s 320 m\u00e1rkakeresked\u00e9sben van jelen, a vil\u00e1g 71 orsz\u00e1g\u00e1ban.<\/h6>\n<\/div>\n<\/div>","protected":false},"featured_media":7556,"comment_status":"open","ping_status":"closed","template":"","meta":{"_seopress_robots_primary_cat":"none","_seopress_titles_title":"","_seopress_titles_desc":"","_seopress_robots_index":""},"product_cat":[58,60,81,62,85],"product_tag":[],"class_list":{"0":"post-7325","1":"product","2":"type-product","3":"status-publish","4":"has-post-thumbnail","6":"product_cat-products_frame","7":"product_cat-furla","8":"product_cat-muanyag","9":"product_cat-noi","10":"product_cat-teli-keret","12":"first","13":"instock","14":"taxable","15":"shipping-taxable","16":"purchasable","17":"product-type-simple"},"_links":{"self":[{"href":"https:\/\/eyewearstore.hu\/en\/wp-json\/wp\/v2\/product\/7325","targetHints":{"allow":["GET"]}}],"collection":[{"href":"https:\/\/eyewearstore.hu\/en\/wp-json\/wp\/v2\/product"}],"about":[{"href":"https:\/\/eyewearstore.hu\/en\/wp-json\/wp\/v2\/types\/product"}],"replies":[{"embeddable":true,"href":"https:\/\/eyewearstore.hu\/en\/wp-json\/wp\/v2\/comments?post=7325"}],"wp:featuredmedia":[{"embeddable":true,"href":"https:\/\/eyewearstore.hu\/en\/wp-json\/wp\/v2\/media\/7556"}],"wp:attachment":[{"href":"https:\/\/eyewearstore.hu\/en\/wp-json\/wp\/v2\/media?parent=7325"}],"wp:term":[{"taxonomy":"product_cat","embeddable":true,"href":"https:\/\/eyewearstore.hu\/en\/wp-json\/wp\/v2\/product_cat?post=7325"},{"taxonomy":"product_tag","embeddable":true,"href":"https:\/\/eyewearstore.hu\/en\/wp-json\/wp\/v2\/product_tag?post=7325"}],"curies":[{"name":"wp","href":"https:\/\/api.w.org\/{rel}","templated":true}]}}