
{"id":7196,"date":"2023-03-07T16:11:26","date_gmt":"2023-03-07T15:11:26","guid":{"rendered":"https:\/\/eyewearstore.hu\/?post_type=product&#038;p=7196"},"modified":"2025-08-01T16:02:59","modified_gmt":"2025-08-01T14:02:59","slug":"barna-csiptetheto-napszemuveg-elotet-65x56mm","status":"publish","type":"product","link":"https:\/\/eyewearstore.hu\/en\/product\/barna-csiptetheto-napszemuveg-elotet-65x56mm\/","title":{"rendered":"Barna csiptethet\u0151 napszem\u00fcveg el\u0151t\u00e9t 65x56mm"},"content":{"rendered":"","protected":false},"excerpt":{"rendered":"<p>Polariz\u00e1lt Clip-on<\/p>\n<p>Felhajthat\u00f3, extra keskeny r\u00f6gz\u00edt\u00e9ssel.<\/p>\n<ul>\n<li>\u00a0F\u00e9m \u00e9s m\u0171anyag keretekre egyar\u00e1nt<\/li>\n<li>Strapab\u00edr\u00f3 \u00e9s extra v\u00e9kony f\u00e9m kapcsol\u00f3szerkezet<\/li>\n<li>H\u00e1toldali antireflex bevonattal<\/li>\n<li>Tokkal, mikrosz\u00e1las t\u00f6rl\u0151kend\u0151vel<\/li>\n<\/ul>\n<p>Lencse m\u00e9retek: 65x56mm<br \/>\nH\u00edd: 13mm<\/p>","protected":false},"featured_media":7193,"comment_status":"open","ping_status":"closed","template":"","meta":{"_seopress_robots_primary_cat":"none","_seopress_titles_title":"","_seopress_titles_desc":"","_seopress_robots_index":""},"product_cat":[803,34],"product_tag":[],"class_list":{"0":"post-7196","1":"product","2":"type-product","3":"status-publish","4":"has-post-thumbnail","6":"product_cat-csiptetheto-napszemuveg-elotet","7":"product_cat-egyeb","9":"first","10":"instock","11":"taxable","12":"shipping-taxable","13":"purchasable","14":"product-type-simple"},"_links":{"self":[{"href":"https:\/\/eyewearstore.hu\/en\/wp-json\/wp\/v2\/product\/7196","targetHints":{"allow":["GET"]}}],"collection":[{"href":"https:\/\/eyewearstore.hu\/en\/wp-json\/wp\/v2\/product"}],"about":[{"href":"https:\/\/eyewearstore.hu\/en\/wp-json\/wp\/v2\/types\/product"}],"replies":[{"embeddable":true,"href":"https:\/\/eyewearstore.hu\/en\/wp-json\/wp\/v2\/comments?post=7196"}],"wp:featuredmedia":[{"embeddable":true,"href":"https:\/\/eyewearstore.hu\/en\/wp-json\/wp\/v2\/media\/7193"}],"wp:attachment":[{"href":"https:\/\/eyewearstore.hu\/en\/wp-json\/wp\/v2\/media?parent=7196"}],"wp:term":[{"taxonomy":"product_cat","embeddable":true,"href":"https:\/\/eyewearstore.hu\/en\/wp-json\/wp\/v2\/product_cat?post=7196"},{"taxonomy":"product_tag","embeddable":true,"href":"https:\/\/eyewearstore.hu\/en\/wp-json\/wp\/v2\/product_tag?post=7196"}],"curies":[{"name":"wp","href":"https:\/\/api.w.org\/{rel}","templated":true}]}}