
{"id":7122,"date":"2023-03-03T11:21:36","date_gmt":"2023-03-03T10:21:36","guid":{"rendered":"https:\/\/eyewearstore.hu\/?post_type=product&#038;p=7122"},"modified":"2026-04-03T13:45:47","modified_gmt":"2026-04-03T11:45:47","slug":"nike-windshield-cw4664-010-75-9-130","status":"publish","type":"product","link":"https:\/\/eyewearstore.hu\/en\/product\/nike-windshield-cw4664-010-75-9-130\/","title":{"rendered":"Nike Windshield CW4664 010 75\/9\/130"},"content":{"rendered":"","protected":false},"excerpt":{"rendered":"<p>M\u0171anyag Nike napszem\u00fcveg. Magas b\u00e1zisg\u00f6rb\u00fclet, sportol\u00e1shoz t\u00f6k\u00e9letes. Sz\u00e9pen takar mindenhol.<\/p>","protected":false},"featured_media":7159,"comment_status":"open","ping_status":"closed","template":"","meta":{"_seopress_robots_primary_cat":"none","_seopress_titles_title":"","_seopress_titles_desc":"","_seopress_robots_index":""},"product_cat":[59,81,71,85,63],"product_tag":[],"class_list":{"0":"post-7122","1":"product","2":"type-product","3":"status-publish","4":"has-post-thumbnail","6":"product_cat-products_sunglasses","7":"product_cat-muanyag","8":"product_cat-nike","9":"product_cat-teli-keret","10":"product_cat-unisex","12":"first","13":"instock","14":"taxable","15":"shipping-taxable","16":"purchasable","17":"product-type-simple"},"_links":{"self":[{"href":"https:\/\/eyewearstore.hu\/en\/wp-json\/wp\/v2\/product\/7122","targetHints":{"allow":["GET"]}}],"collection":[{"href":"https:\/\/eyewearstore.hu\/en\/wp-json\/wp\/v2\/product"}],"about":[{"href":"https:\/\/eyewearstore.hu\/en\/wp-json\/wp\/v2\/types\/product"}],"replies":[{"embeddable":true,"href":"https:\/\/eyewearstore.hu\/en\/wp-json\/wp\/v2\/comments?post=7122"}],"wp:featuredmedia":[{"embeddable":true,"href":"https:\/\/eyewearstore.hu\/en\/wp-json\/wp\/v2\/media\/7159"}],"wp:attachment":[{"href":"https:\/\/eyewearstore.hu\/en\/wp-json\/wp\/v2\/media?parent=7122"}],"wp:term":[{"taxonomy":"product_cat","embeddable":true,"href":"https:\/\/eyewearstore.hu\/en\/wp-json\/wp\/v2\/product_cat?post=7122"},{"taxonomy":"product_tag","embeddable":true,"href":"https:\/\/eyewearstore.hu\/en\/wp-json\/wp\/v2\/product_tag?post=7122"}],"curies":[{"name":"wp","href":"https:\/\/api.w.org\/{rel}","templated":true}]}}