
{"id":7112,"date":"2023-03-03T12:03:44","date_gmt":"2023-03-03T11:03:44","guid":{"rendered":"https:\/\/eyewearstore.hu\/?post_type=product&#038;p=7112"},"modified":"2026-01-15T19:00:40","modified_gmt":"2026-01-15T18:00:40","slug":"nike-8047-074-56-17-140","status":"publish","type":"product","link":"https:\/\/eyewearstore.hu\/en\/product\/nike-8047-074-56-17-140\/","title":{"rendered":"Nike 8047 074 56\/17\/140"},"content":{"rendered":"","protected":false},"excerpt":{"rendered":"<p>Er\u0151s f\u00e9rfi f\u00e9m keret, rug\u00f3s sz\u00e1rakkal.<\/p>","protected":false},"featured_media":7140,"comment_status":"open","ping_status":"closed","template":"","meta":{"_seopress_robots_primary_cat":"none","_seopress_titles_title":"","_seopress_titles_desc":"","_seopress_robots_index":""},"product_cat":[82,61,71,58,85],"product_tag":[],"class_list":{"0":"post-7112","1":"product","2":"type-product","3":"status-publish","4":"has-post-thumbnail","6":"product_cat-fem","7":"product_cat-ferfi","8":"product_cat-nike","9":"product_cat-products_frame","10":"product_cat-teli-keret","12":"first","13":"instock","14":"sale","15":"taxable","16":"shipping-taxable","17":"purchasable","18":"product-type-simple"},"_links":{"self":[{"href":"https:\/\/eyewearstore.hu\/en\/wp-json\/wp\/v2\/product\/7112","targetHints":{"allow":["GET"]}}],"collection":[{"href":"https:\/\/eyewearstore.hu\/en\/wp-json\/wp\/v2\/product"}],"about":[{"href":"https:\/\/eyewearstore.hu\/en\/wp-json\/wp\/v2\/types\/product"}],"replies":[{"embeddable":true,"href":"https:\/\/eyewearstore.hu\/en\/wp-json\/wp\/v2\/comments?post=7112"}],"wp:featuredmedia":[{"embeddable":true,"href":"https:\/\/eyewearstore.hu\/en\/wp-json\/wp\/v2\/media\/7140"}],"wp:attachment":[{"href":"https:\/\/eyewearstore.hu\/en\/wp-json\/wp\/v2\/media?parent=7112"}],"wp:term":[{"taxonomy":"product_cat","embeddable":true,"href":"https:\/\/eyewearstore.hu\/en\/wp-json\/wp\/v2\/product_cat?post=7112"},{"taxonomy":"product_tag","embeddable":true,"href":"https:\/\/eyewearstore.hu\/en\/wp-json\/wp\/v2\/product_tag?post=7112"}],"curies":[{"name":"wp","href":"https:\/\/api.w.org\/{rel}","templated":true}]}}