
{"id":7049,"date":"2023-02-22T13:48:22","date_gmt":"2023-02-22T12:48:22","guid":{"rendered":"https:\/\/eyewearstore.hu\/?post_type=product&#038;p=7049"},"modified":"2026-02-04T12:41:40","modified_gmt":"2026-02-04T11:41:40","slug":"cicas-kutyas-mikroszalas-torlokendo-139055","status":"publish","type":"product","link":"https:\/\/eyewearstore.hu\/en\/product\/cicas-kutyas-mikroszalas-torlokendo-139055\/","title":{"rendered":"Cic\u00e1s-kuty\u00e1s mikrosz\u00e1las t\u00f6rl\u0151kend\u0151 139055"},"content":{"rendered":"","protected":false},"excerpt":{"rendered":"<p>Mint\u00e1s mikrosz\u00e1las t\u00f6rl\u0151kend\u0151.<\/p>\n<p>M\u00e9ret: 150&#215;180 mm<\/p>","protected":false},"featured_media":7050,"comment_status":"open","ping_status":"closed","template":"","meta":{"_seopress_robots_primary_cat":"none","_seopress_titles_title":"","_seopress_titles_desc":"","_seopress_robots_index":""},"product_cat":[96],"product_tag":[],"class_list":{"0":"post-7049","1":"product","2":"type-product","3":"status-publish","4":"has-post-thumbnail","6":"product_cat-mintas-mikroszalas-torlokendok","8":"first","9":"instock","10":"taxable","11":"shipping-taxable","12":"purchasable","13":"product-type-simple"},"_links":{"self":[{"href":"https:\/\/eyewearstore.hu\/en\/wp-json\/wp\/v2\/product\/7049","targetHints":{"allow":["GET"]}}],"collection":[{"href":"https:\/\/eyewearstore.hu\/en\/wp-json\/wp\/v2\/product"}],"about":[{"href":"https:\/\/eyewearstore.hu\/en\/wp-json\/wp\/v2\/types\/product"}],"replies":[{"embeddable":true,"href":"https:\/\/eyewearstore.hu\/en\/wp-json\/wp\/v2\/comments?post=7049"}],"wp:featuredmedia":[{"embeddable":true,"href":"https:\/\/eyewearstore.hu\/en\/wp-json\/wp\/v2\/media\/7050"}],"wp:attachment":[{"href":"https:\/\/eyewearstore.hu\/en\/wp-json\/wp\/v2\/media?parent=7049"}],"wp:term":[{"taxonomy":"product_cat","embeddable":true,"href":"https:\/\/eyewearstore.hu\/en\/wp-json\/wp\/v2\/product_cat?post=7049"},{"taxonomy":"product_tag","embeddable":true,"href":"https:\/\/eyewearstore.hu\/en\/wp-json\/wp\/v2\/product_tag?post=7049"}],"curies":[{"name":"wp","href":"https:\/\/api.w.org\/{rel}","templated":true}]}}