
{"id":6998,"date":"2023-02-21T14:45:14","date_gmt":"2023-02-21T13:45:14","guid":{"rendered":"https:\/\/eyewearstore.hu\/?post_type=product&#038;p=6998"},"modified":"2026-01-03T08:05:14","modified_gmt":"2026-01-03T07:05:14","slug":"szurke-szemuvegpant-137370","status":"publish","type":"product","link":"https:\/\/eyewearstore.hu\/en\/product\/szurke-szemuvegpant-137370\/","title":{"rendered":"Sz\u00fcrke szem\u00fcvegp\u00e1nt 137370"},"content":{"rendered":"","protected":false},"excerpt":{"rendered":"<p>Puha, szivacsos, sz\u00fcrke szem\u00fcvegp\u00e1nt. \u00c1ll\u00edthat\u00f3 hossz\u00fas\u00e1g. Fent marad a v\u00edzen.<\/p>","protected":false},"featured_media":6996,"comment_status":"open","ping_status":"closed","template":"","meta":{"_seopress_robots_primary_cat":"none","_seopress_titles_title":"","_seopress_titles_desc":"","_seopress_robots_index":""},"product_cat":[34,106],"product_tag":[],"class_list":{"0":"post-6998","1":"product","2":"type-product","3":"status-publish","4":"has-post-thumbnail","6":"product_cat-egyeb","7":"product_cat-zsinorok-lancok-pantok-egyeb","9":"first","10":"instock","11":"taxable","12":"shipping-taxable","13":"purchasable","14":"product-type-simple"},"_links":{"self":[{"href":"https:\/\/eyewearstore.hu\/en\/wp-json\/wp\/v2\/product\/6998","targetHints":{"allow":["GET"]}}],"collection":[{"href":"https:\/\/eyewearstore.hu\/en\/wp-json\/wp\/v2\/product"}],"about":[{"href":"https:\/\/eyewearstore.hu\/en\/wp-json\/wp\/v2\/types\/product"}],"replies":[{"embeddable":true,"href":"https:\/\/eyewearstore.hu\/en\/wp-json\/wp\/v2\/comments?post=6998"}],"wp:featuredmedia":[{"embeddable":true,"href":"https:\/\/eyewearstore.hu\/en\/wp-json\/wp\/v2\/media\/6996"}],"wp:attachment":[{"href":"https:\/\/eyewearstore.hu\/en\/wp-json\/wp\/v2\/media?parent=6998"}],"wp:term":[{"taxonomy":"product_cat","embeddable":true,"href":"https:\/\/eyewearstore.hu\/en\/wp-json\/wp\/v2\/product_cat?post=6998"},{"taxonomy":"product_tag","embeddable":true,"href":"https:\/\/eyewearstore.hu\/en\/wp-json\/wp\/v2\/product_tag?post=6998"}],"curies":[{"name":"wp","href":"https:\/\/api.w.org\/{rel}","templated":true}]}}