
{"id":6901,"date":"2023-02-15T15:12:14","date_gmt":"2023-02-15T14:12:14","guid":{"rendered":"https:\/\/eyewearstore.hu\/?post_type=product&#038;p=6901"},"modified":"2026-03-10T12:59:39","modified_gmt":"2026-03-10T11:59:39","slug":"klasszikus-nagyito-75mm-2-5x-5x","status":"publish","type":"product","link":"https:\/\/eyewearstore.hu\/en\/product\/klasszikus-nagyito-75mm-2-5x-5x\/","title":{"rendered":"Klasszikus nagy\u00edt\u00f3 75mm 2.5x\/5x"},"content":{"rendered":"<p>A legelterjedtebb t\u00edpus, a legt\u00f6bb optikai \u00fczletben kaphat\u00f3 k\u00e9zi nagy\u00edt\u00f3. K\u00f6nny\u0171 megtanulni a haszn\u00e1lat\u00e1t, r\u00f6videbb sz\u00f6vegek olvas\u00e1s\u00e1ra alkalmas. A nagy\u00edt\u00e1s er\u0151ss\u00e9ge v\u00e1ltoz\u00f3, \u00e1ltal\u00e1ban 1,5-t\u0151l 5-sz\u00f6r\u00f6sig terjed, hogy melyikre van sz\u00fcks\u00e9g, az a rendeltet\u00e9st\u0151l \u00e9s a l\u00e1t\u00e1s\u00e9less\u00e9gt\u0151l f\u00fcgg. T\u00f6bbf\u00e9le kivitelben gy\u00e1rtj\u00e1k. Egysz\u00edn\u0171, vagy sz\u00ednes, k\u00f6nnyen foghat\u00f3 ny\u00e9l kapcsol\u00f3dik hozz\u00e1. A k\u00e9zi nagy\u00edt\u00f3 el\u0151nye, hogy mobil, t\u00e1sk\u00e1ban elf\u00e9r, b\u00e1rhol \u00e9s b\u00e1rmikor haszn\u00e1lhat\u00f3. H\u00e1tr\u00e1nya, hogy tartani kell a pontos f\u00f3kusz miatt, ami f\u00e1raszt\u00f3 lehet. Az id\u0151s korban gyakran fell\u00e9p\u0151 k\u00e9zremeg\u00e9s is nehez\u00edti a haszn\u00e1lat\u00e1t.<\/p>","protected":false},"excerpt":{"rendered":"<p>\u00c1tm\u00e9r\u0151 75mm<br \/>\n2,5x\/5X nagy\u00edt\u00e1s<br \/>\nm\u0171anyag<\/p>","protected":false},"featured_media":6904,"comment_status":"open","ping_status":"closed","template":"","meta":{"_seopress_robots_primary_cat":"none","_seopress_titles_title":"","_seopress_titles_desc":"","_seopress_robots_index":""},"product_cat":[95],"product_tag":[],"class_list":{"0":"post-6901","1":"product","2":"type-product","3":"status-publish","4":"has-post-thumbnail","6":"product_cat-nagyito","8":"first","9":"instock","10":"taxable","11":"shipping-taxable","12":"purchasable","13":"product-type-simple"},"_links":{"self":[{"href":"https:\/\/eyewearstore.hu\/en\/wp-json\/wp\/v2\/product\/6901","targetHints":{"allow":["GET"]}}],"collection":[{"href":"https:\/\/eyewearstore.hu\/en\/wp-json\/wp\/v2\/product"}],"about":[{"href":"https:\/\/eyewearstore.hu\/en\/wp-json\/wp\/v2\/types\/product"}],"replies":[{"embeddable":true,"href":"https:\/\/eyewearstore.hu\/en\/wp-json\/wp\/v2\/comments?post=6901"}],"wp:featuredmedia":[{"embeddable":true,"href":"https:\/\/eyewearstore.hu\/en\/wp-json\/wp\/v2\/media\/6904"}],"wp:attachment":[{"href":"https:\/\/eyewearstore.hu\/en\/wp-json\/wp\/v2\/media?parent=6901"}],"wp:term":[{"taxonomy":"product_cat","embeddable":true,"href":"https:\/\/eyewearstore.hu\/en\/wp-json\/wp\/v2\/product_cat?post=6901"},{"taxonomy":"product_tag","embeddable":true,"href":"https:\/\/eyewearstore.hu\/en\/wp-json\/wp\/v2\/product_tag?post=6901"}],"curies":[{"name":"wp","href":"https:\/\/api.w.org\/{rel}","templated":true}]}}