
{"id":6892,"date":"2023-02-15T14:39:57","date_gmt":"2023-02-15T13:39:57","guid":{"rendered":"https:\/\/eyewearstore.hu\/?post_type=product&#038;p=6892"},"modified":"2026-02-04T14:01:45","modified_gmt":"2026-02-04T13:01:45","slug":"lapnagyito-2x","status":"publish","type":"product","link":"https:\/\/eyewearstore.hu\/en\/product\/lapnagyito-2x\/","title":{"rendered":"Lapnagy\u00edt\u00f3 2x"},"content":{"rendered":"","protected":false},"excerpt":{"rendered":"<p>Egyszer\u0171, k\u00e9zben tartand\u00f3, nagy A4 m\u00e9ret\u0171 lapnagy\u00edt\u00f3. A nagy\u00edt\u00f3 k\u00f6rk\u00f6r\u00f6s lencs\u00e9kb\u0151l (Freshnel) tev\u0151dik \u00f6ssze \u00edgy torz\u00edthat. Id\u0151skori makuladegener\u00e1ci\u00f3 \u00e9s m\u00e1s egy\u00e9b szembetegs\u00e9gben szenved\u0151 klienseknek nem aj\u00e1nlatos.<\/p>\n<p>Nagy\u00edt\u00e1s: 2x<\/p>","protected":false},"featured_media":6895,"comment_status":"open","ping_status":"closed","template":"","meta":{"_seopress_robots_primary_cat":"none","_seopress_titles_title":"","_seopress_titles_desc":"","_seopress_robots_index":""},"product_cat":[95],"product_tag":[],"class_list":{"0":"post-6892","1":"product","2":"type-product","3":"status-publish","4":"has-post-thumbnail","6":"product_cat-nagyito","8":"first","9":"instock","10":"taxable","11":"shipping-taxable","12":"purchasable","13":"product-type-simple"},"_links":{"self":[{"href":"https:\/\/eyewearstore.hu\/en\/wp-json\/wp\/v2\/product\/6892","targetHints":{"allow":["GET"]}}],"collection":[{"href":"https:\/\/eyewearstore.hu\/en\/wp-json\/wp\/v2\/product"}],"about":[{"href":"https:\/\/eyewearstore.hu\/en\/wp-json\/wp\/v2\/types\/product"}],"replies":[{"embeddable":true,"href":"https:\/\/eyewearstore.hu\/en\/wp-json\/wp\/v2\/comments?post=6892"}],"wp:featuredmedia":[{"embeddable":true,"href":"https:\/\/eyewearstore.hu\/en\/wp-json\/wp\/v2\/media\/6895"}],"wp:attachment":[{"href":"https:\/\/eyewearstore.hu\/en\/wp-json\/wp\/v2\/media?parent=6892"}],"wp:term":[{"taxonomy":"product_cat","embeddable":true,"href":"https:\/\/eyewearstore.hu\/en\/wp-json\/wp\/v2\/product_cat?post=6892"},{"taxonomy":"product_tag","embeddable":true,"href":"https:\/\/eyewearstore.hu\/en\/wp-json\/wp\/v2\/product_tag?post=6892"}],"curies":[{"name":"wp","href":"https:\/\/api.w.org\/{rel}","templated":true}]}}