
{"id":6086,"date":"2022-12-13T14:21:12","date_gmt":"2022-12-13T13:21:12","guid":{"rendered":"https:\/\/eyewearstore.hu\/?post_type=product&#038;p=6086"},"modified":"2026-02-02T12:03:46","modified_gmt":"2026-02-02T11:03:46","slug":"szemuvegre-csiptetheto-nagyito-2-0","status":"publish","type":"product","link":"https:\/\/eyewearstore.hu\/en\/product\/szemuvegre-csiptetheto-nagyito-2-0\/","title":{"rendered":"Szem\u00fcvegre csiptethet\u0151 nagy\u00edt\u00f3 +2.0"},"content":{"rendered":"","protected":false},"excerpt":{"rendered":"<p>Szem\u00fcvegre csiptethet\u0151 nagy\u00edt\u00f3, massz\u00edv csiptet\u0151vel.<\/p>\n<p>+2.0 dioptri\u00e1val.<\/p>\n<p>Felhajthat\u00f3.<\/p>","protected":false},"featured_media":5653,"comment_status":"open","ping_status":"closed","template":"","meta":{"_seopress_robots_primary_cat":"none","_seopress_titles_title":"","_seopress_titles_desc":"","_seopress_robots_index":""},"product_cat":[95],"product_tag":[],"class_list":{"0":"post-6086","1":"product","2":"type-product","3":"status-publish","4":"has-post-thumbnail","6":"product_cat-nagyito","8":"first","9":"instock","10":"taxable","11":"shipping-taxable","12":"purchasable","13":"product-type-simple"},"_links":{"self":[{"href":"https:\/\/eyewearstore.hu\/en\/wp-json\/wp\/v2\/product\/6086","targetHints":{"allow":["GET"]}}],"collection":[{"href":"https:\/\/eyewearstore.hu\/en\/wp-json\/wp\/v2\/product"}],"about":[{"href":"https:\/\/eyewearstore.hu\/en\/wp-json\/wp\/v2\/types\/product"}],"replies":[{"embeddable":true,"href":"https:\/\/eyewearstore.hu\/en\/wp-json\/wp\/v2\/comments?post=6086"}],"wp:featuredmedia":[{"embeddable":true,"href":"https:\/\/eyewearstore.hu\/en\/wp-json\/wp\/v2\/media\/5653"}],"wp:attachment":[{"href":"https:\/\/eyewearstore.hu\/en\/wp-json\/wp\/v2\/media?parent=6086"}],"wp:term":[{"taxonomy":"product_cat","embeddable":true,"href":"https:\/\/eyewearstore.hu\/en\/wp-json\/wp\/v2\/product_cat?post=6086"},{"taxonomy":"product_tag","embeddable":true,"href":"https:\/\/eyewearstore.hu\/en\/wp-json\/wp\/v2\/product_tag?post=6086"}],"curies":[{"name":"wp","href":"https:\/\/api.w.org\/{rel}","templated":true}]}}