
{"id":5988,"date":"2023-01-16T12:45:59","date_gmt":"2023-01-16T11:45:59","guid":{"rendered":"https:\/\/eyewearstore.hu\/?post_type=product&#038;p=5988"},"modified":"2025-08-01T16:03:04","modified_gmt":"2025-08-01T14:03:04","slug":"zaritabo-zb23109-c2-54-17-140","status":"publish","type":"product","link":"https:\/\/eyewearstore.hu\/en\/product\/zaritabo-zb23109-c2-54-17-140\/","title":{"rendered":"Zarita&#038;Bo ZB23109 C2 54\/17\/140"},"content":{"rendered":"","protected":false},"excerpt":{"rendered":"<p>Szem\u00fcvegkeret m\u00e1gneses napszem\u00fcveg el\u0151t\u00e9ttel.<\/p>","protected":false},"featured_media":6305,"comment_status":"open","ping_status":"closed","template":"","meta":{"_seopress_robots_primary_cat":"none","_seopress_titles_title":"","_seopress_titles_desc":"","_seopress_robots_index":""},"product_cat":[82,62,58,112,85,120],"product_tag":[],"class_list":{"0":"post-5988","1":"product","2":"type-product","3":"status-publish","4":"has-post-thumbnail","6":"product_cat-fem","7":"product_cat-noi","8":"product_cat-products_frame","9":"product_cat-szemuvegkeretek-napszemuveg-elotettel","10":"product_cat-teli-keret","11":"product_cat-zaritabo","13":"first","14":"instock","15":"taxable","16":"shipping-taxable","17":"purchasable","18":"product-type-simple"},"_links":{"self":[{"href":"https:\/\/eyewearstore.hu\/en\/wp-json\/wp\/v2\/product\/5988","targetHints":{"allow":["GET"]}}],"collection":[{"href":"https:\/\/eyewearstore.hu\/en\/wp-json\/wp\/v2\/product"}],"about":[{"href":"https:\/\/eyewearstore.hu\/en\/wp-json\/wp\/v2\/types\/product"}],"replies":[{"embeddable":true,"href":"https:\/\/eyewearstore.hu\/en\/wp-json\/wp\/v2\/comments?post=5988"}],"wp:featuredmedia":[{"embeddable":true,"href":"https:\/\/eyewearstore.hu\/en\/wp-json\/wp\/v2\/media\/6305"}],"wp:attachment":[{"href":"https:\/\/eyewearstore.hu\/en\/wp-json\/wp\/v2\/media?parent=5988"}],"wp:term":[{"taxonomy":"product_cat","embeddable":true,"href":"https:\/\/eyewearstore.hu\/en\/wp-json\/wp\/v2\/product_cat?post=5988"},{"taxonomy":"product_tag","embeddable":true,"href":"https:\/\/eyewearstore.hu\/en\/wp-json\/wp\/v2\/product_tag?post=5988"}],"curies":[{"name":"wp","href":"https:\/\/api.w.org\/{rel}","templated":true}]}}