
{"id":5806,"date":"2022-11-10T11:08:55","date_gmt":"2022-11-10T10:08:55","guid":{"rendered":"https:\/\/eyewearstore.hu\/?post_type=product&#038;p=5806"},"modified":"2025-08-01T16:03:07","modified_gmt":"2025-08-01T14:03:07","slug":"zeiss-nedves-szemuveg-torlokendo-30-db-box","status":"publish","type":"product","link":"https:\/\/eyewearstore.hu\/en\/product\/zeiss-nedves-szemuveg-torlokendo-30-db-box\/","title":{"rendered":"ZEISS nedves szem\u00fcveg t\u00f6rl\u0151kend\u0151 (30 db\/box)"},"content":{"rendered":"<p style=\"text-align: center;\"><iframe class=\"wistia_embed\" title=\"Wistia video player\" src=\"https:\/\/fast.wistia.net\/embed\/iframe\/lyyw0o5ucb\" name=\"wistia_embed\" width=\"400\" height=\"225\" frameborder=\"0\" scrolling=\"no\" allowfullscreen=\"allowfullscreen\"><span data-mce-type=\"bookmark\" style=\"display: inline-block; width: 250px; overflow: hidden; line-height: 400px;\" class=\"mce_SELRES_start\"><span data-mce-type=\"bookmark\" style=\"display: inline-block; width: 0px; overflow: hidden; line-height: 0;\" class=\"mce_SELRES_start\"><\/span><span data-mce-type=\"bookmark\" style=\"display: inline-block; width: 250px; overflow: hidden; line-height: 400px;\" class=\"mce_SELRES_start\"><\/span><\/span><\/iframe><\/p>","protected":false},"excerpt":{"rendered":"<p>A nedves t\u00f6rl\u0151kend\u0151 szerkezete rendk\u00edv\u00fcl finom, \u00edgy k\u00edm\u00e9letes szem\u00fcveglencse tiszt\u00edt\u00e1st biztos\u00edt. Orvosi eszk\u00f6z\u00f6k tiszt\u00edt\u00e1s\u00e1hoz is haszn\u00e1lt k\u00e9t hat\u00e9kony szer egyedi kombin\u00e1ci\u00f3j\u00e1val nedves\u00edtj\u00fck. Ezek az \u00e1rtalmatlan szerek nem tartalmaznak agressz\u00edv hat\u00e1s\u00fa tiszt\u00edt\u00f3szereket vagy mesters\u00e9ges illatanyagot. \u00c9s a legjobb, hogy a ZEISS nedves t\u00f6rl\u0151kend\u0151 b\u00e1rmilyen finom optikai fel\u00fclethez haszn\u00e1lhat\u00f3 (pl. LCD kijelz\u0151h\u00f6z, okostelefonhoz, tablethez, laptophoz, mobiltelefonhoz stb) an\u00e9lk\u00fcl, hogy cs\u00edkot hagyna maga ut\u00e1n.<\/p>","protected":false},"featured_media":6810,"comment_status":"open","ping_status":"closed","template":"","meta":{"_seopress_robots_primary_cat":"none","_seopress_titles_title":"","_seopress_titles_desc":"","_seopress_robots_index":""},"product_cat":[34,92],"product_tag":[],"class_list":{"0":"post-5806","1":"product","2":"type-product","3":"status-publish","4":"has-post-thumbnail","6":"product_cat-egyeb","7":"product_cat-tisztitoeszkozok","9":"first","10":"instock","11":"taxable","12":"shipping-taxable","13":"purchasable","14":"product-type-simple"},"_links":{"self":[{"href":"https:\/\/eyewearstore.hu\/en\/wp-json\/wp\/v2\/product\/5806","targetHints":{"allow":["GET"]}}],"collection":[{"href":"https:\/\/eyewearstore.hu\/en\/wp-json\/wp\/v2\/product"}],"about":[{"href":"https:\/\/eyewearstore.hu\/en\/wp-json\/wp\/v2\/types\/product"}],"replies":[{"embeddable":true,"href":"https:\/\/eyewearstore.hu\/en\/wp-json\/wp\/v2\/comments?post=5806"}],"wp:featuredmedia":[{"embeddable":true,"href":"https:\/\/eyewearstore.hu\/en\/wp-json\/wp\/v2\/media\/6810"}],"wp:attachment":[{"href":"https:\/\/eyewearstore.hu\/en\/wp-json\/wp\/v2\/media?parent=5806"}],"wp:term":[{"taxonomy":"product_cat","embeddable":true,"href":"https:\/\/eyewearstore.hu\/en\/wp-json\/wp\/v2\/product_cat?post=5806"},{"taxonomy":"product_tag","embeddable":true,"href":"https:\/\/eyewearstore.hu\/en\/wp-json\/wp\/v2\/product_tag?post=5806"}],"curies":[{"name":"wp","href":"https:\/\/api.w.org\/{rel}","templated":true}]}}