
{"id":5792,"date":"2022-11-09T15:39:22","date_gmt":"2022-11-09T14:39:22","guid":{"rendered":"https:\/\/eyewearstore.hu\/?post_type=product&#038;p=5792"},"modified":"2025-08-01T16:03:07","modified_gmt":"2025-08-01T14:03:07","slug":"ajandekutalvany-10000-ft","status":"publish","type":"product","link":"https:\/\/eyewearstore.hu\/en\/product\/ajandekutalvany-10000-ft\/","title":{"rendered":"Aj\u00e1nd\u00e9kutalv\u00e1ny 10&#8217;000 Ft"},"content":{"rendered":"","protected":false},"excerpt":{"rendered":"<p>Aj\u00e1nd\u00e9kutalv\u00e1ny szem\u00fcvegeseknek vagy kontaktlencs\u00e9seknek.<\/p>\n<p>F\u00e9nyes, kem\u00e9ny alapanyag\u00fa pap\u00edrb\u00f3l, egyedi bor\u00edt\u00e9kkal.<\/p>\n<p>Bev\u00e1lthat\u00f3 szem\u00e9lyesen \u00fczlet\u00fcnkben.<\/p>","protected":false},"featured_media":5794,"comment_status":"open","ping_status":"closed","template":"","meta":{"_seopress_robots_primary_cat":"","_seopress_titles_title":"","_seopress_titles_desc":"","_seopress_robots_index":""},"product_cat":[109],"product_tag":[],"class_list":{"0":"post-5792","1":"product","2":"type-product","3":"status-publish","4":"has-post-thumbnail","6":"product_cat-ajandekutalvany","8":"first","9":"instock","10":"taxable","11":"shipping-taxable","12":"purchasable","13":"product-type-simple"},"_links":{"self":[{"href":"https:\/\/eyewearstore.hu\/en\/wp-json\/wp\/v2\/product\/5792","targetHints":{"allow":["GET"]}}],"collection":[{"href":"https:\/\/eyewearstore.hu\/en\/wp-json\/wp\/v2\/product"}],"about":[{"href":"https:\/\/eyewearstore.hu\/en\/wp-json\/wp\/v2\/types\/product"}],"replies":[{"embeddable":true,"href":"https:\/\/eyewearstore.hu\/en\/wp-json\/wp\/v2\/comments?post=5792"}],"wp:featuredmedia":[{"embeddable":true,"href":"https:\/\/eyewearstore.hu\/en\/wp-json\/wp\/v2\/media\/5794"}],"wp:attachment":[{"href":"https:\/\/eyewearstore.hu\/en\/wp-json\/wp\/v2\/media?parent=5792"}],"wp:term":[{"taxonomy":"product_cat","embeddable":true,"href":"https:\/\/eyewearstore.hu\/en\/wp-json\/wp\/v2\/product_cat?post=5792"},{"taxonomy":"product_tag","embeddable":true,"href":"https:\/\/eyewearstore.hu\/en\/wp-json\/wp\/v2\/product_tag?post=5792"}],"curies":[{"name":"wp","href":"https:\/\/api.w.org\/{rel}","templated":true}]}}