
{"id":5785,"date":"2022-11-04T16:50:40","date_gmt":"2022-11-04T15:50:40","guid":{"rendered":"https:\/\/eyewearstore.hu\/?post_type=product&#038;p=5785"},"modified":"2025-08-01T16:03:07","modified_gmt":"2025-08-01T14:03:07","slug":"zeiss-specialis-nedves-monitor-torlokendo-30-db","status":"publish","type":"product","link":"https:\/\/eyewearstore.hu\/en\/product\/zeiss-specialis-nedves-monitor-torlokendo-30-db\/","title":{"rendered":"ZEISS speci\u00e1lis nedves monitor t\u00f6rl\u0151kend\u0151 30 db"},"content":{"rendered":"<p>A mobiltelefonunk \u00e9s tablet\u00fcnk kijelz\u0151i gyakran piszkosak, ami nem is meglep\u0151, tekintve, hogy a nap folyam\u00e1n sz\u00e1mos alkalommal haszn\u00e1ljuk \u0151ket. Az \u00e9rint\u0151k\u00e9perny\u0151t nem csup\u00e1n azzal piszkoljuk \u00f6ssze, hogy az ujjunkkal haszn\u00e1ljuk, hanem a t\u00e1sk\u00e1nkb\u00f3l \u00e9s zseb\u00fcnkb\u0151l is sz\u00e1mos szennyez\u0151d\u00e9s tapad r\u00e1.<\/p>\n<p>A nedves monitor t\u00f6rl\u0151kend\u0151 alkoholmentes formul\u00e1ja antisztatikus tulajdons\u00e1gokkal rendelkezik, \u00e9s garant\u00e1ltan cs\u00edkmentesen tiszt\u00edt.<\/p>\n<p>A ZEISS nedves monitor t\u00f6rl\u0151kend\u0151 ide\u00e1lis okostelefonok, tabletek, LCD kijelz\u0151k, laptopok \u00e9s hasonl\u00f3 k\u00e9sz\u00fcl\u00e9kek kijelz\u0151inek tiszt\u00edt\u00e1s\u00e1ra.<\/p>","protected":false},"excerpt":{"rendered":"<p>A nedves monitor t\u00f6rl\u0151kend\u0151 alkoholmentes formul\u00e1ja antisztatikus tulajdons\u00e1gokkal rendelkezik, \u00e9s garant\u00e1ltan cs\u00edkmentesen tiszt\u00edt.<\/p>\n<p>A ZEISS nedves monitor t\u00f6rl\u0151kend\u0151 ide\u00e1lis okostelefonok, tabletek, LCD kijelz\u0151k, laptopok \u00e9s hasonl\u00f3 k\u00e9sz\u00fcl\u00e9kek kijelz\u0151inek tiszt\u00edt\u00e1s\u00e1ra.<\/p>","protected":false},"featured_media":6811,"comment_status":"open","ping_status":"closed","template":"","meta":{"_seopress_robots_primary_cat":"none","_seopress_titles_title":"","_seopress_titles_desc":"","_seopress_robots_index":""},"product_cat":[34,92],"product_tag":[],"class_list":{"0":"post-5785","1":"product","2":"type-product","3":"status-publish","4":"has-post-thumbnail","6":"product_cat-egyeb","7":"product_cat-tisztitoeszkozok","9":"first","10":"instock","11":"taxable","12":"shipping-taxable","13":"purchasable","14":"product-type-simple"},"_links":{"self":[{"href":"https:\/\/eyewearstore.hu\/en\/wp-json\/wp\/v2\/product\/5785","targetHints":{"allow":["GET"]}}],"collection":[{"href":"https:\/\/eyewearstore.hu\/en\/wp-json\/wp\/v2\/product"}],"about":[{"href":"https:\/\/eyewearstore.hu\/en\/wp-json\/wp\/v2\/types\/product"}],"replies":[{"embeddable":true,"href":"https:\/\/eyewearstore.hu\/en\/wp-json\/wp\/v2\/comments?post=5785"}],"wp:featuredmedia":[{"embeddable":true,"href":"https:\/\/eyewearstore.hu\/en\/wp-json\/wp\/v2\/media\/6811"}],"wp:attachment":[{"href":"https:\/\/eyewearstore.hu\/en\/wp-json\/wp\/v2\/media?parent=5785"}],"wp:term":[{"taxonomy":"product_cat","embeddable":true,"href":"https:\/\/eyewearstore.hu\/en\/wp-json\/wp\/v2\/product_cat?post=5785"},{"taxonomy":"product_tag","embeddable":true,"href":"https:\/\/eyewearstore.hu\/en\/wp-json\/wp\/v2\/product_tag?post=5785"}],"curies":[{"name":"wp","href":"https:\/\/api.w.org\/{rel}","templated":true}]}}