
{"id":5704,"date":"2022-10-25T13:24:13","date_gmt":"2022-10-25T11:24:13","guid":{"rendered":"https:\/\/eyewearstore.hu\/?post_type=product&#038;p=5704"},"modified":"2025-08-01T16:03:07","modified_gmt":"2025-08-01T14:03:07","slug":"progear-windguard-m-es","status":"publish","type":"product","link":"https:\/\/eyewearstore.hu\/en\/product\/progear-windguard-m-es\/","title":{"rendered":"Progear Windguard M-es"},"content":{"rendered":"","protected":false},"excerpt":{"rendered":"<p>A Windguard egy kieg\u00e9sz\u00edt\u0151 a Progear sportkeretekhez. V\u00e9d az er\u0151s sz\u00e9lt\u0151l \u00e9s az er\u0151teljesen \u00e1raml\u00f3 leveg\u0151t\u0151l. A szem\u00fcvegre csatlakoztatva nem juthat a szem\u00fcnkbe a s\u0171r\u0171 por vagy t\u00f6rmel\u00e9k. Fokozza a biztons\u00e1got \u00e9s komfort\u00e9rzetet.<\/p>","protected":false},"featured_media":5707,"comment_status":"open","ping_status":"closed","template":"","meta":{"_seopress_robots_primary_cat":"none","_seopress_titles_title":"","_seopress_titles_desc":"","_seopress_robots_index":""},"product_cat":[34,97,91],"product_tag":[],"class_list":{"0":"post-5704","1":"product","2":"type-product","3":"status-publish","4":"has-post-thumbnail","6":"product_cat-egyeb","7":"product_cat-hasznos-praktikus","8":"product_cat-progear","10":"first","11":"instock","12":"taxable","13":"shipping-taxable","14":"purchasable","15":"product-type-simple"},"_links":{"self":[{"href":"https:\/\/eyewearstore.hu\/en\/wp-json\/wp\/v2\/product\/5704","targetHints":{"allow":["GET"]}}],"collection":[{"href":"https:\/\/eyewearstore.hu\/en\/wp-json\/wp\/v2\/product"}],"about":[{"href":"https:\/\/eyewearstore.hu\/en\/wp-json\/wp\/v2\/types\/product"}],"replies":[{"embeddable":true,"href":"https:\/\/eyewearstore.hu\/en\/wp-json\/wp\/v2\/comments?post=5704"}],"wp:featuredmedia":[{"embeddable":true,"href":"https:\/\/eyewearstore.hu\/en\/wp-json\/wp\/v2\/media\/5707"}],"wp:attachment":[{"href":"https:\/\/eyewearstore.hu\/en\/wp-json\/wp\/v2\/media?parent=5704"}],"wp:term":[{"taxonomy":"product_cat","embeddable":true,"href":"https:\/\/eyewearstore.hu\/en\/wp-json\/wp\/v2\/product_cat?post=5704"},{"taxonomy":"product_tag","embeddable":true,"href":"https:\/\/eyewearstore.hu\/en\/wp-json\/wp\/v2\/product_tag?post=5704"}],"curies":[{"name":"wp","href":"https:\/\/api.w.org\/{rel}","templated":true}]}}