
{"id":5629,"date":"2022-10-12T13:34:58","date_gmt":"2022-10-12T11:34:58","guid":{"rendered":"https:\/\/eyewearstore.hu\/?post_type=product&#038;p=5629"},"modified":"2026-03-02T16:54:53","modified_gmt":"2026-03-02T15:54:53","slug":"air-active-legparnas-orrtamasz-14-5-mm-csavaros-1-par","status":"publish","type":"product","link":"https:\/\/eyewearstore.hu\/en\/product\/air-active-legparnas-orrtamasz-14-5-mm-csavaros-1-par\/","title":{"rendered":"Air Active l\u00e9gp\u00e1rn\u00e1s orrt\u00e1masz (Csavaros) 1 p\u00e1r"},"content":{"rendered":"","protected":false},"excerpt":{"rendered":"<h5>Rendk\u00edv\u00fcl hajl\u00e9kony anyagb\u00f3l, amely maxim\u00e1lis k\u00e9nyelmet biztos\u00edt a l\u00e9gp\u00e1rn\u00e1knak k\u00f6sz\u00f6nhet\u0151en. Nem hagy lenyomatot az orrnyergen.<\/h5>\n<ul>\n<li>\n<h5>Csavaros r\u00f6gz\u00edt\u00e9s<\/h5>\n<\/li>\n<li>\n<h5>V\u00e1laszthat\u00f3 m\u00e9retek<\/h5>\n<\/li>\n<li>\n<h5>1 p\u00e1r<\/h5>\n<\/li>\n<\/ul>","protected":false},"featured_media":5385,"comment_status":"open","ping_status":"closed","template":"","meta":{"_seopress_robots_primary_cat":"none","_seopress_titles_title":"","_seopress_titles_desc":"","_seopress_robots_index":""},"product_cat":[34,97,100],"product_tag":[],"class_list":{"0":"post-5629","1":"product","2":"type-product","3":"status-publish","4":"has-post-thumbnail","6":"product_cat-egyeb","7":"product_cat-hasznos-praktikus","8":"product_cat-orrtamaszok-egyeb","10":"first","11":"instock","12":"taxable","13":"shipping-taxable","14":"product-type-variable"},"_links":{"self":[{"href":"https:\/\/eyewearstore.hu\/en\/wp-json\/wp\/v2\/product\/5629","targetHints":{"allow":["GET"]}}],"collection":[{"href":"https:\/\/eyewearstore.hu\/en\/wp-json\/wp\/v2\/product"}],"about":[{"href":"https:\/\/eyewearstore.hu\/en\/wp-json\/wp\/v2\/types\/product"}],"replies":[{"embeddable":true,"href":"https:\/\/eyewearstore.hu\/en\/wp-json\/wp\/v2\/comments?post=5629"}],"wp:featuredmedia":[{"embeddable":true,"href":"https:\/\/eyewearstore.hu\/en\/wp-json\/wp\/v2\/media\/5385"}],"wp:attachment":[{"href":"https:\/\/eyewearstore.hu\/en\/wp-json\/wp\/v2\/media?parent=5629"}],"wp:term":[{"taxonomy":"product_cat","embeddable":true,"href":"https:\/\/eyewearstore.hu\/en\/wp-json\/wp\/v2\/product_cat?post=5629"},{"taxonomy":"product_tag","embeddable":true,"href":"https:\/\/eyewearstore.hu\/en\/wp-json\/wp\/v2\/product_tag?post=5629"}],"curies":[{"name":"wp","href":"https:\/\/api.w.org\/{rel}","templated":true}]}}