
{"id":5609,"date":"2022-10-06T09:41:49","date_gmt":"2022-10-06T07:41:49","guid":{"rendered":"https:\/\/eyewearstore.hu\/?post_type=product&#038;p=5609"},"modified":"2025-08-01T16:03:08","modified_gmt":"2025-08-01T14:03:08","slug":"szemuveglanc-medallal","status":"publish","type":"product","link":"https:\/\/eyewearstore.hu\/en\/product\/szemuveglanc-medallal\/","title":{"rendered":"Szem\u00fcvegl\u00e1nc med\u00e1llal"},"content":{"rendered":"","protected":false},"excerpt":{"rendered":"<p>A szem\u00fcveg sz\u00e1r\u00e1t a med\u00e1lba lehet akasztani, \u00edgy szem\u00fcvegl\u00e1nck\u00e9nt funkcion\u00e1l.<\/p>","protected":false},"featured_media":5611,"comment_status":"open","ping_status":"closed","template":"","meta":{"_seopress_robots_primary_cat":"","_seopress_titles_title":"","_seopress_titles_desc":"","_seopress_robots_index":""},"product_cat":[34,106],"product_tag":[],"class_list":{"0":"post-5609","1":"product","2":"type-product","3":"status-publish","4":"has-post-thumbnail","6":"product_cat-egyeb","7":"product_cat-zsinorok-lancok-pantok-egyeb","9":"first","10":"instock","11":"taxable","12":"shipping-taxable","13":"purchasable","14":"product-type-simple"},"_links":{"self":[{"href":"https:\/\/eyewearstore.hu\/en\/wp-json\/wp\/v2\/product\/5609","targetHints":{"allow":["GET"]}}],"collection":[{"href":"https:\/\/eyewearstore.hu\/en\/wp-json\/wp\/v2\/product"}],"about":[{"href":"https:\/\/eyewearstore.hu\/en\/wp-json\/wp\/v2\/types\/product"}],"replies":[{"embeddable":true,"href":"https:\/\/eyewearstore.hu\/en\/wp-json\/wp\/v2\/comments?post=5609"}],"wp:featuredmedia":[{"embeddable":true,"href":"https:\/\/eyewearstore.hu\/en\/wp-json\/wp\/v2\/media\/5611"}],"wp:attachment":[{"href":"https:\/\/eyewearstore.hu\/en\/wp-json\/wp\/v2\/media?parent=5609"}],"wp:term":[{"taxonomy":"product_cat","embeddable":true,"href":"https:\/\/eyewearstore.hu\/en\/wp-json\/wp\/v2\/product_cat?post=5609"},{"taxonomy":"product_tag","embeddable":true,"href":"https:\/\/eyewearstore.hu\/en\/wp-json\/wp\/v2\/product_tag?post=5609"}],"curies":[{"name":"wp","href":"https:\/\/api.w.org\/{rel}","templated":true}]}}