
{"id":5357,"date":"2022-09-20T10:47:25","date_gmt":"2022-09-20T08:47:25","guid":{"rendered":"https:\/\/eyewearstore.hu\/?post_type=product&#038;p=5357"},"modified":"2025-08-01T16:03:10","modified_gmt":"2025-08-01T14:03:10","slug":"szurke-cipzaras-napszemuvegtok-66451","status":"publish","type":"product","link":"https:\/\/eyewearstore.hu\/en\/product\/szurke-cipzaras-napszemuvegtok-66451\/","title":{"rendered":"Sz\u00fcrke cipz\u00e1ras napszem\u00fcvegtok"},"content":{"rendered":"","protected":false},"excerpt":{"rendered":"<h6>Sz\u00fcrke, cipz\u00e1ras napszem\u00fcvegtok. K\u00edv\u00fcl-bel\u00fcl sz\u00f6vet.<\/h6>\n<h6>Nagy m\u00e9ret.<\/h6>","protected":false},"featured_media":5301,"comment_status":"open","ping_status":"closed","template":"","meta":{"_seopress_robots_primary_cat":"none","_seopress_titles_title":"","_seopress_titles_desc":"","_seopress_robots_index":""},"product_cat":[34,98],"product_tag":[],"class_list":{"0":"post-5357","1":"product","2":"type-product","3":"status-publish","4":"has-post-thumbnail","6":"product_cat-egyeb","7":"product_cat-szemuvegtok","9":"first","10":"instock","11":"taxable","12":"shipping-taxable","13":"purchasable","14":"product-type-simple"},"_links":{"self":[{"href":"https:\/\/eyewearstore.hu\/en\/wp-json\/wp\/v2\/product\/5357","targetHints":{"allow":["GET"]}}],"collection":[{"href":"https:\/\/eyewearstore.hu\/en\/wp-json\/wp\/v2\/product"}],"about":[{"href":"https:\/\/eyewearstore.hu\/en\/wp-json\/wp\/v2\/types\/product"}],"replies":[{"embeddable":true,"href":"https:\/\/eyewearstore.hu\/en\/wp-json\/wp\/v2\/comments?post=5357"}],"wp:featuredmedia":[{"embeddable":true,"href":"https:\/\/eyewearstore.hu\/en\/wp-json\/wp\/v2\/media\/5301"}],"wp:attachment":[{"href":"https:\/\/eyewearstore.hu\/en\/wp-json\/wp\/v2\/media?parent=5357"}],"wp:term":[{"taxonomy":"product_cat","embeddable":true,"href":"https:\/\/eyewearstore.hu\/en\/wp-json\/wp\/v2\/product_cat?post=5357"},{"taxonomy":"product_tag","embeddable":true,"href":"https:\/\/eyewearstore.hu\/en\/wp-json\/wp\/v2\/product_tag?post=5357"}],"curies":[{"name":"wp","href":"https:\/\/api.w.org\/{rel}","templated":true}]}}