
{"id":5350,"date":"2022-09-20T10:22:45","date_gmt":"2022-09-20T08:22:45","guid":{"rendered":"https:\/\/eyewearstore.hu\/?post_type=product&#038;p=5350"},"modified":"2025-08-01T16:03:10","modified_gmt":"2025-08-01T14:03:10","slug":"barna-klasszikus-szemuvegtok-173804","status":"publish","type":"product","link":"https:\/\/eyewearstore.hu\/en\/product\/barna-klasszikus-szemuvegtok-173804\/","title":{"rendered":"Barna klasszikus szem\u00fcvegtok 173804"},"content":{"rendered":"","protected":false},"excerpt":{"rendered":"<p>Klasszikus barna szem\u00fcvegtok, m\u0171anyag bor\u00edt\u00e1s. Ac\u00e9lzsan\u00e9ros z\u00e1r\u00f3d\u00e1s. Bel\u00fcl puha sz\u00f6vet.<\/p>","protected":false},"featured_media":5310,"comment_status":"open","ping_status":"closed","template":"","meta":{"_seopress_robots_primary_cat":"none","_seopress_titles_title":"","_seopress_titles_desc":"","_seopress_robots_index":""},"product_cat":[34,98],"product_tag":[],"class_list":{"0":"post-5350","1":"product","2":"type-product","3":"status-publish","4":"has-post-thumbnail","6":"product_cat-egyeb","7":"product_cat-szemuvegtok","9":"first","10":"instock","11":"taxable","12":"shipping-taxable","13":"purchasable","14":"product-type-simple"},"_links":{"self":[{"href":"https:\/\/eyewearstore.hu\/en\/wp-json\/wp\/v2\/product\/5350","targetHints":{"allow":["GET"]}}],"collection":[{"href":"https:\/\/eyewearstore.hu\/en\/wp-json\/wp\/v2\/product"}],"about":[{"href":"https:\/\/eyewearstore.hu\/en\/wp-json\/wp\/v2\/types\/product"}],"replies":[{"embeddable":true,"href":"https:\/\/eyewearstore.hu\/en\/wp-json\/wp\/v2\/comments?post=5350"}],"wp:featuredmedia":[{"embeddable":true,"href":"https:\/\/eyewearstore.hu\/en\/wp-json\/wp\/v2\/media\/5310"}],"wp:attachment":[{"href":"https:\/\/eyewearstore.hu\/en\/wp-json\/wp\/v2\/media?parent=5350"}],"wp:term":[{"taxonomy":"product_cat","embeddable":true,"href":"https:\/\/eyewearstore.hu\/en\/wp-json\/wp\/v2\/product_cat?post=5350"},{"taxonomy":"product_tag","embeddable":true,"href":"https:\/\/eyewearstore.hu\/en\/wp-json\/wp\/v2\/product_tag?post=5350"}],"curies":[{"name":"wp","href":"https:\/\/api.w.org\/{rel}","templated":true}]}}