
{"id":5342,"date":"2022-09-19T17:23:16","date_gmt":"2022-09-19T15:23:16","guid":{"rendered":"https:\/\/eyewearstore.hu\/?post_type=product&#038;p=5342"},"modified":"2026-04-02T16:34:10","modified_gmt":"2026-04-02T14:34:10","slug":"bordo-szemuvegtok-233501","status":"publish","type":"product","link":"https:\/\/eyewearstore.hu\/en\/product\/bordo-szemuvegtok-233501\/","title":{"rendered":"Bord\u00f3 szem\u00fcvegtok"},"content":{"rendered":"<p>375900<\/p>","protected":false},"excerpt":{"rendered":"<p>Bord\u00f3, m\u0171anyag bor\u00edt\u00e1s\u00fa, m\u00e1gnesesen z\u00e1r\u00f3d\u00f3 szem\u00fcvegtok. Bel\u00fcl sz\u00f6vet.<\/p>\n<p>Norm\u00e1l m\u00e9ret.<\/p>","protected":false},"featured_media":5319,"comment_status":"open","ping_status":"closed","template":"","meta":{"_seopress_robots_primary_cat":"none","_seopress_titles_title":"","_seopress_titles_desc":"","_seopress_robots_index":""},"product_cat":[34,98],"product_tag":[],"class_list":{"0":"post-5342","1":"product","2":"type-product","3":"status-publish","4":"has-post-thumbnail","6":"product_cat-egyeb","7":"product_cat-szemuvegtok","9":"first","10":"instock","11":"taxable","12":"shipping-taxable","13":"purchasable","14":"product-type-simple"},"_links":{"self":[{"href":"https:\/\/eyewearstore.hu\/en\/wp-json\/wp\/v2\/product\/5342","targetHints":{"allow":["GET"]}}],"collection":[{"href":"https:\/\/eyewearstore.hu\/en\/wp-json\/wp\/v2\/product"}],"about":[{"href":"https:\/\/eyewearstore.hu\/en\/wp-json\/wp\/v2\/types\/product"}],"replies":[{"embeddable":true,"href":"https:\/\/eyewearstore.hu\/en\/wp-json\/wp\/v2\/comments?post=5342"}],"wp:featuredmedia":[{"embeddable":true,"href":"https:\/\/eyewearstore.hu\/en\/wp-json\/wp\/v2\/media\/5319"}],"wp:attachment":[{"href":"https:\/\/eyewearstore.hu\/en\/wp-json\/wp\/v2\/media?parent=5342"}],"wp:term":[{"taxonomy":"product_cat","embeddable":true,"href":"https:\/\/eyewearstore.hu\/en\/wp-json\/wp\/v2\/product_cat?post=5342"},{"taxonomy":"product_tag","embeddable":true,"href":"https:\/\/eyewearstore.hu\/en\/wp-json\/wp\/v2\/product_tag?post=5342"}],"curies":[{"name":"wp","href":"https:\/\/api.w.org\/{rel}","templated":true}]}}