
{"id":5332,"date":"2022-09-19T17:02:53","date_gmt":"2022-09-19T15:02:53","guid":{"rendered":"https:\/\/eyewearstore.hu\/?post_type=product&#038;p=5332"},"modified":"2025-08-01T16:03:11","modified_gmt":"2025-08-01T14:03:11","slug":"szemuvegtok-269563","status":"publish","type":"product","link":"https:\/\/eyewearstore.hu\/en\/product\/szemuvegtok-269563\/","title":{"rendered":"Szem\u00fcvegtok 269563"},"content":{"rendered":"","protected":false},"excerpt":{"rendered":"<h6>Kem\u00e9ny, ac\u00e9l zsan\u00e9ros szem\u00fcvegtok, sz\u00f6vet bor\u00edt\u00e1s\u00fa fels\u0151 r\u00e9sszel \u00e9s m\u0171anyag bor\u00edt\u00e1s\u00fa als\u00f3 r\u00e9sszel.<\/h6>\n<h6>Norm\u00e1l m\u00e9ret.<\/h6>","protected":false},"featured_media":5327,"comment_status":"open","ping_status":"closed","template":"","meta":{"_seopress_robots_primary_cat":"none","_seopress_titles_title":"","_seopress_titles_desc":"","_seopress_robots_index":""},"product_cat":[34,98],"product_tag":[],"class_list":{"0":"post-5332","1":"product","2":"type-product","3":"status-publish","4":"has-post-thumbnail","6":"product_cat-egyeb","7":"product_cat-szemuvegtok","9":"first","10":"instock","11":"taxable","12":"shipping-taxable","13":"purchasable","14":"product-type-simple"},"_links":{"self":[{"href":"https:\/\/eyewearstore.hu\/en\/wp-json\/wp\/v2\/product\/5332","targetHints":{"allow":["GET"]}}],"collection":[{"href":"https:\/\/eyewearstore.hu\/en\/wp-json\/wp\/v2\/product"}],"about":[{"href":"https:\/\/eyewearstore.hu\/en\/wp-json\/wp\/v2\/types\/product"}],"replies":[{"embeddable":true,"href":"https:\/\/eyewearstore.hu\/en\/wp-json\/wp\/v2\/comments?post=5332"}],"wp:featuredmedia":[{"embeddable":true,"href":"https:\/\/eyewearstore.hu\/en\/wp-json\/wp\/v2\/media\/5327"}],"wp:attachment":[{"href":"https:\/\/eyewearstore.hu\/en\/wp-json\/wp\/v2\/media?parent=5332"}],"wp:term":[{"taxonomy":"product_cat","embeddable":true,"href":"https:\/\/eyewearstore.hu\/en\/wp-json\/wp\/v2\/product_cat?post=5332"},{"taxonomy":"product_tag","embeddable":true,"href":"https:\/\/eyewearstore.hu\/en\/wp-json\/wp\/v2\/product_tag?post=5332"}],"curies":[{"name":"wp","href":"https:\/\/api.w.org\/{rel}","templated":true}]}}