
{"id":5280,"date":"2022-09-19T13:25:07","date_gmt":"2022-09-19T11:25:07","guid":{"rendered":"https:\/\/eyewearstore.hu\/?post_type=product&#038;p=5280"},"modified":"2026-03-17T19:03:28","modified_gmt":"2026-03-17T18:03:28","slug":"systane-ultra-10-ml-szemcsepp","status":"publish","type":"product","link":"https:\/\/eyewearstore.hu\/en\/product\/systane-ultra-10-ml-szemcsepp\/","title":{"rendered":"Systane Ultra 10 ml szemcsepp"},"content":{"rendered":"<p data-start=\"804\" data-end=\"1128\"><\/p>\n<p data-start=\"804\" data-end=\"1128\">A Systane Ultra egy megb\u00edzhat\u00f3, gyors hat\u00e1s\u00fa m\u0171k\u00f6nny, amelyet kifejezetten a szemsz\u00e1razs\u00e1g enyh\u00edt\u00e9s\u00e9re fejlesztettek ki. Ak\u00e1r \u00f3r\u00e1kon \u00e1t tart\u00f3 k\u00e9perny\u0151haszn\u00e1lat, l\u00e9gkondicion\u00e1lt k\u00f6rnyezet vagy szeles id\u0151j\u00e1r\u00e1s miatt jelentkezik a diszkomfort\u00e9rzet, a Systane Ultra seg\u00edt vissza\u00e1ll\u00edtani a szemfel\u00fclet term\u00e9szetes hidrat\u00e1lts\u00e1g\u00e1t.<\/p>\n<p data-start=\"1130\" data-end=\"1378\">Ez a korszer\u0171 szemcsepp nemcsak nedves\u00edt, hanem egy v\u00e9kony, v\u00e9d\u0151r\u00e9teget is k\u00e9pez a szaruh\u00e1rty\u00e1n, \u00edgy t\u00e1mogatja a k\u00f6nnyfilm stabilit\u00e1s\u00e1t. A Systane Ultra haszn\u00e1lata sor\u00e1n cs\u00f6kkenhet az \u00e9g\u0151, sz\u00far\u00f3, f\u00e1radt \u00e9rz\u00e9s, \u00e9s javulhat az \u00e1ltal\u00e1nos l\u00e1t\u00e1skomfort.<\/p>\n<p data-start=\"1380\" data-end=\"1671\">A Systane Ultra tart\u00f3s\u00edt\u00f3szer-mentes formul\u00e1ja miatt kifejezetten aj\u00e1nlott \u00e9rz\u00e9keny szem\u0171eknek is, valamint azoknak, akik kontaktlencs\u00e9t viselnek nap mint nap. Kompakt kiszerel\u00e9s\u00e9nek k\u00f6sz\u00f6nhet\u0151en t\u00f6k\u00e9letes v\u00e1laszt\u00e1s utaz\u00e1shoz, irod\u00e1ba vagy t\u00e1sk\u00e1ba \u2013 mindig k\u00e9zn\u00e9l van, amikor sz\u00fcks\u00e9g van r\u00e1.<\/p>\n<hr data-start=\"1673\" data-end=\"1676\" \/>\n<h3 data-start=\"1678\" data-end=\"1696\">\u2b50 <strong data-start=\"1684\" data-end=\"1696\">El\u0151ny\u00f6k:<\/strong><\/h3>\n<ul data-start=\"1697\" data-end=\"1924\">\n<li data-start=\"1697\" data-end=\"1744\">\n<p data-start=\"1699\" data-end=\"1744\">Gyors enyh\u00fcl\u00e9s a sz\u00e1raz, irrit\u00e1lt szemeknek<\/p>\n<\/li>\n<li data-start=\"1745\" data-end=\"1791\">\n<p data-start=\"1747\" data-end=\"1791\">V\u00e9delmet ny\u00fajt a k\u00f6nnyfilm p\u00e1rolg\u00e1sa ellen<\/p>\n<\/li>\n<li data-start=\"1792\" data-end=\"1824\">\n<p data-start=\"1794\" data-end=\"1824\">Tart\u00f3s\u00edt\u00f3szer-mentes formula<\/p>\n<\/li>\n<li data-start=\"1825\" data-end=\"1859\">\n<p data-start=\"1827\" data-end=\"1859\">Kompatibilis kontaktlencs\u00e9kkel<\/p>\n<\/li>\n<li data-start=\"1860\" data-end=\"1892\">\n<p data-start=\"1862\" data-end=\"1892\">Haszn\u00e1lhat\u00f3 naponta t\u00f6bbsz\u00f6r<\/p>\n<\/li>\n<li data-start=\"1893\" data-end=\"1924\">\n<p data-start=\"1895\" data-end=\"1924\">Kompakt, praktikus kiszerel\u00e9s<\/p>\n<\/li>\n<\/ul>\n<hr data-start=\"1926\" data-end=\"1929\" \/>\n<h3 data-start=\"1931\" data-end=\"1962\">\ud83d\udccb <strong data-start=\"1938\" data-end=\"1962\">Haszn\u00e1lati utas\u00edt\u00e1s:<\/strong><\/h3>\n<ol data-start=\"1963\" data-end=\"2248\">\n<li data-start=\"1963\" data-end=\"2006\">\n<p data-start=\"1966\" data-end=\"2006\">Haszn\u00e1lat el\u0151tt alaposan mosson kezet.<\/p>\n<\/li>\n<li data-start=\"2007\" data-end=\"2061\">\n<p data-start=\"2010\" data-end=\"2061\">R\u00e1zza fel az oldatot, ha nem ampull\u00e1s kiszerel\u00e9s.<\/p>\n<\/li>\n<li data-start=\"2062\" data-end=\"2131\">\n<p data-start=\"2065\" data-end=\"2131\">D\u00f6ntse h\u00e1tra a fej\u00e9t, \u00e9s cseppentsen 1\u20132 cseppet mindk\u00e9t szembe.<\/p>\n<\/li>\n<li data-start=\"2132\" data-end=\"2197\">\n<p data-start=\"2135\" data-end=\"2197\">Pislogjon n\u00e9h\u00e1nyszor, hogy az oldat egyenletesen eloszoljon.<\/p>\n<\/li>\n<li data-start=\"2198\" data-end=\"2248\">\n<p data-start=\"2201\" data-end=\"2248\">Ism\u00e9telje meg sz\u00fcks\u00e9g szerint a nap folyam\u00e1n.<\/p>\n<\/li>\n<\/ol>\n<p data-start=\"2250\" data-end=\"2421\"><strong data-start=\"2250\" data-end=\"2259\">Tipp:<\/strong> A Systane Ultra alkalmazhat\u00f3 kontaktlencse visel\u00e9se el\u0151tt \u00e9s ut\u00e1n is, de lehet\u0151s\u00e9g szerint v\u00e1rjon n\u00e9h\u00e1ny percet cseppent\u00e9s ut\u00e1n, miel\u0151tt visszahelyezi a lencs\u00e9t.<\/p>\n<hr data-start=\"2423\" data-end=\"2426\" \/>\n<h3 data-start=\"2428\" data-end=\"2467\">\ud83d\udd12 <strong data-start=\"2435\" data-end=\"2467\">T\u00e1rol\u00e1s \u00e9s figyelmeztet\u00e9sek:<\/strong><\/h3>\n<ul data-start=\"2468\" data-end=\"2661\">\n<li data-start=\"2468\" data-end=\"2502\">\n<p data-start=\"2470\" data-end=\"2502\">Sz\u00e1raz, h\u0171v\u00f6s helyen t\u00e1roland\u00f3<\/p>\n<\/li>\n<li data-start=\"2503\" data-end=\"2551\">\n<p data-start=\"2505\" data-end=\"2551\">Haszn\u00e1lat ut\u00e1n mindig z\u00e1rja vissza az \u00fcveget<\/p>\n<\/li>\n<li data-start=\"2552\" data-end=\"2600\">\n<p data-start=\"2554\" data-end=\"2600\">Felbont\u00e1s ut\u00e1n 3 h\u00f3napon bel\u00fcl haszn\u00e1lja fel<\/p>\n<\/li>\n<li data-start=\"2601\" data-end=\"2630\">\n<p data-start=\"2603\" data-end=\"2630\">Ne haszn\u00e1lja lej\u00e1rat ut\u00e1n<\/p>\n<\/li>\n<li data-start=\"2631\" data-end=\"2661\">\n<p data-start=\"2633\" data-end=\"2661\">Csak k\u00fcls\u0151leges alkalmaz\u00e1sra<\/p>\n<\/li>\n<\/ul>\n<hr data-start=\"2663\" data-end=\"2666\" \/>\n<p data-start=\"2668\" data-end=\"2928\">A Systane Ultra c\u00e9lja, hogy megk\u00f6nny\u00edtse a mindennapokat azok sz\u00e1m\u00e1ra, akik gyakran k\u00fczdenek szemsz\u00e1razs\u00e1ggal \u2013 ak\u00e1r otthon, a munkahelyen vagy \u00fatk\u00f6zben. B\u00edzd magad egy kipr\u00f3b\u00e1lt \u00e9s bev\u00e1lt megold\u00e1sra, amelyet vil\u00e1gszerte emberek milli\u00f3i haszn\u00e1lnak el\u00e9gedetten.<\/p>","protected":false},"excerpt":{"rendered":"<p>A Systane Ultra m\u0171k\u00f6nny gyors \u00e9s hat\u00e9kony megold\u00e1st ny\u00fajt a szemsz\u00e1razs\u00e1g kellemetlen t\u00fcneteire. Kifejezetten aj\u00e1nlott enyhe vagy k\u00f6zepes irrit\u00e1ci\u00f3, f\u00e1radt, piros vagy viszket\u0151 szem eset\u00e9n. Ez a tart\u00f3s\u00edt\u00f3szer-mentes szemcsepp ide\u00e1lis mindennapi haszn\u00e1latra \u2013 ak\u00e1r kontaktlencs\u00e9t visel\u0151k sz\u00e1m\u00e1ra is.<\/p>","protected":false},"featured_media":16410,"comment_status":"open","ping_status":"closed","template":"","meta":{"_seopress_robots_primary_cat":"none","_seopress_titles_title":"","_seopress_titles_desc":"","_seopress_robots_index":""},"product_cat":[94],"product_tag":[1023,1025,1021,1022,972,962,942,1026,974,1020,963,969,964,981,1024],"class_list":{"0":"post-5280","1":"product","2":"type-product","3":"status-publish","4":"has-post-thumbnail","6":"product_cat-kontaktlencse-apoloszerek-es-szemcseppek","7":"product_tag-digitalis-szemfaradtsag","8":"product_tag-ego-szem","9":"product_tag-hidratalo-szemcsepp","10":"product_tag-kontaktlencsehez-is","11":"product_tag-lataskomfort","12":"product_tag-mukonny","13":"product_tag-napi-hasznalatra","14":"product_tag-piros-szem","15":"product_tag-systane-termekek","16":"product_tag-systane-ultra","17":"product_tag-szemcsepp","18":"product_tag-szemirritacio","19":"product_tag-szemszarazsag","20":"product_tag-tartositoszer-mentes","21":"product_tag-utazashoz-praktikus","23":"first","24":"instock","25":"taxable","26":"shipping-taxable","27":"purchasable","28":"product-type-simple"},"_links":{"self":[{"href":"https:\/\/eyewearstore.hu\/en\/wp-json\/wp\/v2\/product\/5280","targetHints":{"allow":["GET"]}}],"collection":[{"href":"https:\/\/eyewearstore.hu\/en\/wp-json\/wp\/v2\/product"}],"about":[{"href":"https:\/\/eyewearstore.hu\/en\/wp-json\/wp\/v2\/types\/product"}],"replies":[{"embeddable":true,"href":"https:\/\/eyewearstore.hu\/en\/wp-json\/wp\/v2\/comments?post=5280"}],"wp:featuredmedia":[{"embeddable":true,"href":"https:\/\/eyewearstore.hu\/en\/wp-json\/wp\/v2\/media\/16410"}],"wp:attachment":[{"href":"https:\/\/eyewearstore.hu\/en\/wp-json\/wp\/v2\/media?parent=5280"}],"wp:term":[{"taxonomy":"product_cat","embeddable":true,"href":"https:\/\/eyewearstore.hu\/en\/wp-json\/wp\/v2\/product_cat?post=5280"},{"taxonomy":"product_tag","embeddable":true,"href":"https:\/\/eyewearstore.hu\/en\/wp-json\/wp\/v2\/product_tag?post=5280"}],"curies":[{"name":"wp","href":"https:\/\/api.w.org\/{rel}","templated":true}]}}