
{"id":5197,"date":"2022-09-15T15:34:32","date_gmt":"2022-09-15T13:34:32","guid":{"rendered":"https:\/\/eyewearstore.hu\/?post_type=product&#038;p=5197"},"modified":"2026-03-17T19:34:34","modified_gmt":"2026-03-17T18:34:34","slug":"opti-free-express-kontaktlencse-apoloszer","status":"publish","type":"product","link":"https:\/\/eyewearstore.hu\/en\/product\/opti-free-express-kontaktlencse-apoloszer\/","title":{"rendered":"Opti-Free Express kontaktlencse \u00e1pol\u00f3szer 355 ml tokkal"},"content":{"rendered":"<p data-start=\"226\" data-end=\"302\"><span class=\"relative -mx-px my-[-0.2rem] rounded px-px py-[0.2rem] transition-colors duration-100 ease-in-out\">Az <strong data-start=\"3\" data-end=\"48\">Opti\u2011Free Express kontaktlencse\u2011\u00e1pol\u00f3szer<\/strong> ide\u00e1lis t\u00e1rs a mindennapos lencsevisel\u00e9s sor\u00e1n: <strong data-start=\"97\" data-end=\"110\">tiszt\u00edtja<\/strong>, <strong data-start=\"112\" data-end=\"128\">fert\u0151tlen\u00edti<\/strong>, <strong data-start=\"130\" data-end=\"154\">\u00fajrameleg\u00edti (rewet)<\/strong> \u00e9s <strong data-start=\"158\" data-end=\"183\">biztons\u00e1gosan t\u00e1rolja<\/strong> a puha kontaktlencs\u00e9ket 4 \u00f3r\u00e1n \u00e1t vagy \u00e9jszakai \u00e1ztat\u00e1s sor\u00e1n<\/span> .<\/p>\n<p data-start=\"304\" data-end=\"457\"><span class=\"relative -mx-px my-[-0.2rem] rounded px-px py-[0.2rem] transition-colors duration-100 ease-in-out\">A <strong data-start=\"2\" data-end=\"33\">kett\u0151s fert\u0151tlen\u00edt\u0151rendszer<\/strong> (POLYQUAD\u00ae + ALDOX\u00ae) \u00e9s a <strong data-start=\"60\" data-end=\"74\">TearGlyde\u00ae<\/strong> hidrat\u00e1l\u00f3 technol\u00f3gia nemcsak elt\u00e1vol\u00edtja a feh\u00e9rje- \u00e9s lipidlerak\u00f3d\u00e1sokat, de ak\u00e1r 99,9\u202f%-os mikrob\u00e1s v\u00e9delmet is ny\u00fajt.<\/span>\u00a0<span class=\"relative -mx-px my-[-0.2rem] rounded px-px py-[0.2rem] transition-colors duration-100 ease-in-out\">Ez a kombin\u00e1ci\u00f3 biztos\u00edtja, hogy a lencs\u00e9k visel\u00e9s k\u00f6zben higi\u00e9nikusak, k\u00e9nyelmesek \u00e9s hidrat\u00e1ltak maradjanak ak\u00e1r hossz\u00fa \u00f3r\u00e1kon \u00e1t<\/span> .<\/p>\n<p data-start=\"459\" data-end=\"537\"><span class=\"relative -mx-px my-[-0.2rem] rounded px-px py-[0.2rem] transition-colors duration-100 ease-in-out\">Ez nem csak tiszt\u00edt\u00e1sra \u00e9s fert\u0151tlen\u00edt\u00e9sre alkalmas, hanem t\u00e1rol\u00e1sra is haszn\u00e1lhat\u00f3 \u2013 de mindig haszn\u00e1lj <strong data-start=\"105\" data-end=\"122\">friss oldatot<\/strong>, \u00e9s <strong data-start=\"127\" data-end=\"146\">ne \u00f6ntsd vissza<\/strong> a m\u00e1r haszn\u00e1lt folyad\u00e9kot<\/span> .<\/p>\n<hr data-start=\"539\" data-end=\"542\" \/>\n<h3 data-start=\"544\" data-end=\"557\">\u2b50 El\u0151ny\u00f6k<\/h3>\n<ul data-start=\"559\" data-end=\"976\">\n<li data-start=\"559\" data-end=\"642\">\n<p data-start=\"561\" data-end=\"642\"><span class=\"relative -mx-px my-[-0.2rem] rounded px-px py-[0.2rem] transition-colors duration-100 ease-in-out\">Egyszer\u0171 <strong data-start=\"9\" data-end=\"32\">all\u2011in\u2011one megold\u00e1s<\/strong> tiszt\u00edt\u00e1sra, fert\u0151tlen\u00edt\u00e9sre, hidrat\u00e1l\u00e1sra \u00e9s t\u00e1rol\u00e1sra<\/span><\/p>\n<\/li>\n<li data-start=\"643\" data-end=\"726\">\n<p data-start=\"645\" data-end=\"726\"><span class=\"relative -mx-px my-[-0.2rem] rounded px-px py-[0.2rem] transition-colors duration-100 ease-in-out\">Hat\u00e9kony <strong data-start=\"9\" data-end=\"33\">kett\u0151s fert\u0151tlen\u00edt\u00e9s<\/strong> (POLYQUAD\u00ae + ALDOX\u00ae) \u2013 megfelel az ISO k\u00f6vetelm\u00e9nyeknek<\/span><\/p>\n<\/li>\n<li data-start=\"727\" data-end=\"810\">\n<p data-start=\"729\" data-end=\"810\"><span class=\"relative -mx-px my-[-0.2rem] rounded px-px py-[0.2rem] transition-colors duration-100 ease-in-out\"><strong data-start=\"0\" data-end=\"26\" data-is-only-node=\"\">TearGlyde\u00ae technol\u00f3gia<\/strong> \u2013 hossz\u00fa napokon \u00e1t tart\u00f3 komfort \u00e9rzetet biztos\u00edt<\/span><\/p>\n<\/li>\n<li data-start=\"811\" data-end=\"894\">\n<p data-start=\"813\" data-end=\"894\"><span class=\"relative -mx-px my-[-0.2rem] rounded px-px py-[0.2rem] transition-colors duration-100 ease-in-out\">Megsz\u00fcnteti a feh\u00e9rje- \u00e9s lipidlerak\u00f3d\u00e1sokat \u2013 tiszta lencse, friss \u00e9rz\u00e9s<\/span><\/p>\n<\/li>\n<li data-start=\"895\" data-end=\"976\">\n<p data-start=\"897\" data-end=\"976\"><span class=\"relative -mx-px my-[-0.2rem] rounded px-px py-[0.2rem] transition-colors duration-100 ease-in-out\">Kompatibilis minden puha \u2013 bele\u00e9rtve a szilikon\u2011hidrog\u00e9l \u2013 lencs\u00e9vel<\/span><\/p>\n<\/li>\n<\/ul>\n<hr data-start=\"978\" data-end=\"981\" \/>\n<h3 data-start=\"983\" data-end=\"1009\">\ud83d\udccb Haszn\u00e1lati utas\u00edt\u00e1s<\/h3>\n<ol data-start=\"1011\" data-end=\"1554\">\n<li data-start=\"1011\" data-end=\"1055\">\n<p data-start=\"1014\" data-end=\"1055\"><span class=\"relative -mx-px my-[-0.2rem] rounded px-px py-[0.2rem] transition-colors duration-100 ease-in-out\">Mosd meg alaposan a kezed.<\/span><\/p>\n<\/li>\n<li data-start=\"1056\" data-end=\"1100\">\n<p data-start=\"1059\" data-end=\"1100\"><span class=\"relative -mx-px my-[-0.2rem] rounded px-px py-[0.2rem] transition-colors duration-100 ease-in-out\">T\u00f6ltsd fel a lencsetart\u00f3t friss Opti\u2011Free Express oldattal.<\/span><\/p>\n<\/li>\n<li data-start=\"1101\" data-end=\"1186\">\n<p data-start=\"1104\" data-end=\"1186\"><span class=\"relative -mx-px my-[-0.2rem] rounded px-px py-[0.2rem] transition-colors duration-100 ease-in-out\">Nedves\u00edtsd meg a lencs\u00e9d mindk\u00e9t oldal\u00e1t, <strong data-start=\"42\" data-end=\"77\">20 m\u00e1sodpercig finoman d\u00f6rzs\u00f6ld<\/strong> az ujjbegyeddel \u2013 ez seg\u00edti a lerak\u00f3d\u00e1sok elt\u00e1vol\u00edt\u00e1s\u00e1t.<\/span><\/p>\n<\/li>\n<li data-start=\"1187\" data-end=\"1272\">\n<p data-start=\"1190\" data-end=\"1272\"><span class=\"relative -mx-px my-[-0.2rem] rounded px-px py-[0.2rem] transition-colors duration-100 ease-in-out\">\u00d6bl\u00edtsd le mindk\u00e9t oldal\u00e1t <strong data-start=\"27\" data-end=\"45\">10 m\u00e1sodpercig<\/strong> foly\u00f3 oldattal<\/span> .<\/p>\n<\/li>\n<li data-start=\"1273\" data-end=\"1358\">\n<p data-start=\"1276\" data-end=\"1358\"><span class=\"relative -mx-px my-[-0.2rem] rounded px-px py-[0.2rem] transition-colors duration-100 ease-in-out\">Helyezd a lencs\u00e9t a tart\u00f3ba, t\u00f6ltsd fel oldattal, \u00e9s z\u00e1rd le \u2013 hagyd \u00e1llni <strong data-start=\"75\" data-end=\"97\">legal\u00e1bb 6 \u00f3r\u00e1n \u00e1t<\/strong> (pl. \u00e9jszak\u00e1ra)<\/span> .<\/p>\n<\/li>\n<li data-start=\"1359\" data-end=\"1403\">\n<p data-start=\"1362\" data-end=\"1403\"><span class=\"relative -mx-px my-[-0.2rem] rounded px-px py-[0.2rem] transition-colors duration-100 ease-in-out\">Reggel \u00f6bl\u00edtsd le, \u00e9s m\u00e1ris haszn\u00e1lhatod a lencs\u00e9t.<\/span><\/p>\n<\/li>\n<li data-start=\"1404\" data-end=\"1489\">\n<p data-start=\"1407\" data-end=\"1489\"><span class=\"relative -mx-px my-[-0.2rem] rounded px-px py-[0.2rem] transition-colors duration-100 ease-in-out\">Haszn\u00e1lat ut\u00e1n ne \u00f6ntsd vissza az oldatot \u2013 mindig fresh oldatot haszn\u00e1lj<\/span> .<\/p>\n<\/li>\n<li data-start=\"1490\" data-end=\"1554\">\n<p data-start=\"1493\" data-end=\"1554\"><strong data-start=\"1493\" data-end=\"1539\">A flakon bont\u00e1s ut\u00e1n 6 h\u00f3napig haszn\u00e1lhat\u00f3<\/strong>, majd cser\u00e9ld.<\/p>\n<\/li>\n<\/ol>\n<hr data-start=\"1556\" data-end=\"1559\" \/>\n<h3 data-start=\"1561\" data-end=\"1604\">\ud83d\udd12 T\u00e1rol\u00e1si tan\u00e1csok &amp; figyelmeztet\u00e9sek<\/h3>\n<ul data-start=\"1606\" data-end=\"1834\">\n<li data-start=\"1606\" data-end=\"1663\">\n<p data-start=\"1608\" data-end=\"1663\">H\u0171v\u00f6s, sz\u00e1raz helyen t\u00e1rold, t\u00e1vol k\u00f6zvetlen f\u00e9nyt\u0151l.<\/p>\n<\/li>\n<li data-start=\"1664\" data-end=\"1697\">\n<p data-start=\"1666\" data-end=\"1697\">Fedj\u00fck vissza haszn\u00e1lat ut\u00e1n.<\/p>\n<\/li>\n<li data-start=\"1698\" data-end=\"1751\">\n<p data-start=\"1700\" data-end=\"1751\">Csak k\u00fcls\u0151leg \u2013 ne ker\u00fclj\u00f6n k\u00f6zvetlen\u00fcl a szembe!<\/p>\n<\/li>\n<li data-start=\"1752\" data-end=\"1779\">\n<p data-start=\"1754\" data-end=\"1779\">Gyermekek el\u0151l elz\u00e1rva.<\/p>\n<\/li>\n<li data-start=\"1780\" data-end=\"1834\">\n<p data-start=\"1782\" data-end=\"1834\">Ne haszn\u00e1lj \u00fajrafelhaszn\u00e1lt oldatot, mindig cser\u00e9lj.<\/p>\n<\/li>\n<\/ul>","protected":false},"excerpt":{"rendered":"<p>Az Opti\u2011Free Express egy pr\u00e9mium min\u0151s\u00e9g\u0171, <strong data-start=\"43\" data-end=\"81\">all\u2011in\u2011one kontaktlencse\u2011\u00e1pol\u00f3szer<\/strong>, amely hat\u00e9konyan tiszt\u00edtja, fert\u0151tlen\u00edti, hidrat\u00e1lja \u00e9s t\u00e1rolja a puha kontaktlencs\u00e9ket \u2013 bele\u00e9rtve a szilikon-hidrog\u00e9l v\u00e1ltozatokat is. A <strong data-start=\"222\" data-end=\"248\">TearGlyde\u00ae technol\u00f3gia<\/strong> \u00e9s a kett\u0151s fert\u0151tlen\u00edt\u0151rendszer gondoskodik r\u00f3la, hogy a lencs\u00e9id eg\u00e9sz nap k\u00e9nyelmesek \u00e9s frissnek \u00e9rezz\u00e9k magukat. Philips-Alcon gy\u00e1rt\u00e1s, megb\u00edzhat\u00f3 v\u00e9delemre tervezve!<\/p>","protected":false},"featured_media":16692,"comment_status":"open","ping_status":"closed","template":"","meta":{"_seopress_robots_primary_cat":"none","_seopress_titles_title":"","_seopress_titles_desc":"","_seopress_robots_index":""},"product_cat":[94],"product_tag":[1108,1107,1111,950,919,1105,918,935,920,951,1106,1104,1114,1113,1112,1095,1110,1109],"class_list":{"0":"post-5197","1":"product","2":"type-product","3":"status-publish","4":"has-post-thumbnail","6":"product_cat-kontaktlencse-apoloszerek-es-szemcseppek","7":"product_tag-alcon-kontaktlencse-folyadek","8":"product_tag-all-in-one-kontaktlencse-folyadek","9":"product_tag-fertotlenito-folyadek-kontaktlencsehez","10":"product_tag-kontaktlencse-apolo-folyadek","11":"product_tag-kontaktlencse-apoloszer","12":"product_tag-kontaktlencse-fertotlenito","13":"product_tag-kontaktlencse-folyadek","14":"product_tag-kontaktlencse-folyadek-rendeles","15":"product_tag-kontaktlencse-oldat","16":"product_tag-kontaktlencse-tisztito-oldat","17":"product_tag-napi-kontaktlencse-tisztitas","18":"product_tag-opti-free-express-355-ml","19":"product_tag-opti-free-express-ar","20":"product_tag-opti-free-express-velemeny","21":"product_tag-opti-free-hasznalat","22":"product_tag-opti-free-express","23":"product_tag-szemlencse-folyadek","24":"product_tag-szilikon-hidrogel-lencsehez","26":"first","27":"instock","28":"taxable","29":"shipping-taxable","30":"purchasable","31":"product-type-simple"},"_links":{"self":[{"href":"https:\/\/eyewearstore.hu\/en\/wp-json\/wp\/v2\/product\/5197","targetHints":{"allow":["GET"]}}],"collection":[{"href":"https:\/\/eyewearstore.hu\/en\/wp-json\/wp\/v2\/product"}],"about":[{"href":"https:\/\/eyewearstore.hu\/en\/wp-json\/wp\/v2\/types\/product"}],"replies":[{"embeddable":true,"href":"https:\/\/eyewearstore.hu\/en\/wp-json\/wp\/v2\/comments?post=5197"}],"wp:featuredmedia":[{"embeddable":true,"href":"https:\/\/eyewearstore.hu\/en\/wp-json\/wp\/v2\/media\/16692"}],"wp:attachment":[{"href":"https:\/\/eyewearstore.hu\/en\/wp-json\/wp\/v2\/media?parent=5197"}],"wp:term":[{"taxonomy":"product_cat","embeddable":true,"href":"https:\/\/eyewearstore.hu\/en\/wp-json\/wp\/v2\/product_cat?post=5197"},{"taxonomy":"product_tag","embeddable":true,"href":"https:\/\/eyewearstore.hu\/en\/wp-json\/wp\/v2\/product_tag?post=5197"}],"curies":[{"name":"wp","href":"https:\/\/api.w.org\/{rel}","templated":true}]}}