
{"id":5189,"date":"2022-09-15T15:26:25","date_gmt":"2022-09-15T13:26:25","guid":{"rendered":"https:\/\/eyewearstore.hu\/?post_type=product&#038;p=5189"},"modified":"2026-03-17T19:46:17","modified_gmt":"2026-03-17T18:46:17","slug":"opti-free-replenish-300-ml-kontaktlencse-apoloszer","status":"publish","type":"product","link":"https:\/\/eyewearstore.hu\/en\/product\/opti-free-replenish-300-ml-kontaktlencse-apoloszer\/","title":{"rendered":"Opti-Free Replenish 300 ml kontaktlencse folyad\u00e9k tokkal"},"content":{"rendered":"<p data-start=\"235\" data-end=\"274\"><\/p>\n<p data-start=\"235\" data-end=\"274\"><span class=\"relative -mx-px my-[-0.2rem] rounded px-px py-[0.2rem] transition-colors duration-100 ease-in-out\">Az <strong data-start=\"3\" data-end=\"26\">Opti\u2011Free Replenish<\/strong> oldat t\u00f6bb fontos feladatot is ell\u00e1t:<\/span><\/p>\n<ul data-start=\"275\" data-end=\"556\">\n<li data-start=\"275\" data-end=\"354\">\n<p data-start=\"277\" data-end=\"354\"><span class=\"relative -mx-px my-[-0.2rem] rounded px-px py-[0.2rem] transition-colors duration-100 ease-in-out\"><strong data-start=\"0\" data-end=\"11\" data-is-only-node=\"\">Tiszt\u00edt<\/strong>: elt\u00e1vol\u00edtja a feh\u00e9rje\u2011 \u00e9s zs\u00edrr\u00e9tegeket, hogy a lencse tiszta maradjon\u00a0<\/span>.<\/p>\n<\/li>\n<li data-start=\"355\" data-end=\"434\">\n<p data-start=\"357\" data-end=\"434\"><span class=\"relative -mx-px my-[-0.2rem] rounded px-px py-[0.2rem] transition-colors duration-100 ease-in-out\"><strong data-start=\"0\" data-end=\"15\" data-is-only-node=\"\">Fert\u0151tlen\u00edt<\/strong>: a kett\u0151s POLYQUAD\u00ae + ALDOX\u00ae rendszer biztos\u00edtja a bakt\u00e9riumok elpuszt\u00edt\u00e1s\u00e1t.<\/span><\/p>\n<\/li>\n<li data-start=\"435\" data-end=\"514\">\n<p data-start=\"437\" data-end=\"514\"><span class=\"relative -mx-px my-[-0.2rem] rounded px-px py-[0.2rem] transition-colors duration-100 ease-in-out\"><strong data-start=\"0\" data-end=\"30\" data-is-only-node=\"\">Hidrat\u00e1l \u00e9s \u00fajracsomagolja<\/strong> a lencs\u00e9t a TearGlyde\u00ae seg\u00edts\u00e9g\u00e9vel, folyamatos k\u00e9nyelmet biztos\u00edtva.<\/span><\/p>\n<\/li>\n<li data-start=\"515\" data-end=\"556\">\n<p data-start=\"517\" data-end=\"556\"><span class=\"relative -mx-px my-[-0.2rem] rounded px-px py-[0.2rem] transition-colors duration-100 ease-in-out\"><strong data-start=\"0\" data-end=\"22\" data-is-only-node=\"\">T\u00e1rol\u00e1sra alkalmas<\/strong>: \u00e9jszakai vagy minimum 6 \u00f3r\u00e1s \u00e1ztat\u00e1s ut\u00e1n a lencse k\u00e9szen \u00e1ll a haszn\u00e1latra.<\/span><\/p>\n<\/li>\n<\/ul>\n<p data-start=\"558\" data-end=\"597\"><span class=\"relative -mx-px my-[-0.2rem] rounded px-px py-[0.2rem] transition-colors duration-100 ease-in-out\">Ez az oldat nem ig\u00e9nyel t\u00f6bb l\u00e9p\u00e9st, egyetlen folyad\u00e9kkal \u00e1polhatsz \u2013 \u00edgy id\u0151t sp\u00f3rolsz, mik\u00f6zben a komfort sem csorbul.<\/span><\/p>\n<hr data-start=\"599\" data-end=\"602\" \/>\n<h3 data-start=\"604\" data-end=\"617\">\u2b50 El\u0151ny\u00f6k<\/h3>\n<ul data-start=\"619\" data-end=\"992\">\n<li data-start=\"619\" data-end=\"701\">\n<p data-start=\"621\" data-end=\"701\"><span class=\"relative -mx-px my-[-0.2rem] rounded px-px py-[0.2rem] transition-colors duration-100 ease-in-out\">Egyszer\u0171 <strong data-start=\"9\" data-end=\"33\">all\u2011in\u2011one haszn\u00e1lat<\/strong> (tiszt\u00edt\u00e1s, fert\u0151tlen\u00edt\u00e9s, t\u00e1rol\u00e1s)<\/span><\/p>\n<\/li>\n<li data-start=\"702\" data-end=\"784\">\n<p data-start=\"704\" data-end=\"784\"><span class=\"relative -mx-px my-[-0.2rem] rounded px-px py-[0.2rem] transition-colors duration-100 ease-in-out\">Hat\u00e9kony kett\u0151s fert\u0151tlen\u00edt\u0151 rendszer (POLYQUAD\u00ae + ALDOX\u00ae)\u00a0<\/span><\/p>\n<\/li>\n<li data-start=\"785\" data-end=\"867\">\n<p data-start=\"787\" data-end=\"867\"><span class=\"relative -mx-px my-[-0.2rem] rounded px-px py-[0.2rem] transition-colors duration-100 ease-in-out\"><strong data-start=\"0\" data-end=\"26\" data-is-only-node=\"\">TearGlyde\u00ae technol\u00f3gia<\/strong>: hosszan tart\u00f3 hidrat\u00e1ci\u00f3 \u00e9s komfort<\/span><\/p>\n<\/li>\n<li data-start=\"868\" data-end=\"950\">\n<p data-start=\"870\" data-end=\"950\"><span class=\"relative -mx-px my-[-0.2rem] rounded px-px py-[0.2rem] transition-colors duration-100 ease-in-out\">Alapos tiszt\u00edt\u00e1s \u2013 feh\u00e9rje- \u00e9s zs\u00edrszennyez\u0151d\u00e9sek ellen is hat\u00e1sos\u00a0<\/span><\/p>\n<\/li>\n<li data-start=\"951\" data-end=\"992\">\n<p data-start=\"953\" data-end=\"992\"><span class=\"relative -mx-px my-[-0.2rem] rounded px-px py-[0.2rem] transition-colors duration-100 ease-in-out\">Kompatibilis puha \u00e9s szilikon\u2011hidrog\u00e9l lencs\u00e9kkel<\/span><\/p>\n<\/li>\n<\/ul>\n<hr data-start=\"994\" data-end=\"997\" \/>\n<h3 data-start=\"999\" data-end=\"1025\">\ud83d\udccb Haszn\u00e1lati utas\u00edt\u00e1s<\/h3>\n<ol data-start=\"1027\" data-end=\"1539\">\n<li data-start=\"1027\" data-end=\"1071\">\n<p data-start=\"1030\" data-end=\"1071\"><span class=\"relative -mx-px my-[-0.2rem] rounded px-px py-[0.2rem] transition-colors duration-100 ease-in-out\">Tiszt\u00edtsd meg a kezed \u00e9s a lencsetart\u00f3t.<\/span><\/p>\n<\/li>\n<li data-start=\"1072\" data-end=\"1156\">\n<p data-start=\"1075\" data-end=\"1156\"><span class=\"relative -mx-px my-[-0.2rem] rounded px-px py-[0.2rem] transition-colors duration-100 ease-in-out\">Nedves\u00edtsd be a lencs\u00e9t az oldattal, majd <strong data-start=\"42\" data-end=\"51\">20 mp<\/strong> ujjbeggyel finoman d\u00f6rzs\u00f6ld \u00e1t.<\/span><\/p>\n<\/li>\n<li data-start=\"1157\" data-end=\"1241\">\n<p data-start=\"1160\" data-end=\"1241\"><span class=\"relative -mx-px my-[-0.2rem] rounded px-px py-[0.2rem] transition-colors duration-100 ease-in-out\">\u00d6bl\u00edtsd le mindk\u00e9t oldalt <strong data-start=\"26\" data-end=\"35\">10 mp<\/strong> folyamatos \u00f6bl\u00edt\u00e9ssel\u00a0<\/span>.<\/p>\n<\/li>\n<li data-start=\"1242\" data-end=\"1326\">\n<p data-start=\"1245\" data-end=\"1326\"><span class=\"relative -mx-px my-[-0.2rem] rounded px-px py-[0.2rem] transition-colors duration-100 ease-in-out\">Helyezd a lencs\u00e9t tart\u00f3ba, t\u00f6ltsd fel oldattal, \u00e9s z\u00e1rd le \u2013 <strong data-start=\"61\" data-end=\"89\">hagy b\u00e1rhogy 6 \u00f3r\u00e1t \u00e1zni<\/strong> (vagy \u00e9jszak\u00e1ra)\u00a0<\/span>.<\/p>\n<\/li>\n<li data-start=\"1327\" data-end=\"1371\">\n<p data-start=\"1330\" data-end=\"1371\"><span class=\"relative -mx-px my-[-0.2rem] rounded px-px py-[0.2rem] transition-colors duration-100 ease-in-out\">Reggel vedd ki, \u00f6bl\u00edtsd le gyorsan, \u00e9s m\u00e1r haszn\u00e1lhatod is.<\/span><\/p>\n<\/li>\n<li data-start=\"1372\" data-end=\"1456\">\n<p data-start=\"1375\" data-end=\"1456\"><span class=\"relative -mx-px my-[-0.2rem] rounded px-px py-[0.2rem] transition-colors duration-100 ease-in-out\"><strong data-start=\"0\" data-end=\"33\" data-is-only-node=\"\">Mindig friss oldatot haszn\u00e1lj<\/strong> \u2013 a haszn\u00e1ltat ne \u00f6ntsd vissza\u00a0<\/span>.<\/p>\n<\/li>\n<li data-start=\"1457\" data-end=\"1539\">\n<p data-start=\"1460\" data-end=\"1539\"><span class=\"relative -mx-px my-[-0.2rem] rounded px-px py-[0.2rem] transition-colors duration-100 ease-in-out\">Felbont\u00e1s ut\u00e1n <strong data-start=\"15\" data-end=\"40\">6 h\u00f3napig haszn\u00e1lhat\u00f3<\/strong>, ut\u00e1na cser\u00e9ld a flakont\u00a0<\/span>.<\/p>\n<\/li>\n<\/ol>\n<hr data-start=\"1541\" data-end=\"1544\" \/>\n<h3 data-start=\"1546\" data-end=\"1572\">\ud83d\udd12 T\u00e1rol\u00e1s &amp; biztons\u00e1g<\/h3>\n<ul data-start=\"1574\" data-end=\"1831\">\n<li data-start=\"1574\" data-end=\"1617\">\n<p data-start=\"1576\" data-end=\"1617\"><span class=\"relative -mx-px my-[-0.2rem] rounded px-px py-[0.2rem] transition-colors duration-100 ease-in-out\">T\u00e1rold szobah\u0151m\u00e9rs\u00e9kleten, napf\u00e9nyt\u0151l v\u00e9detten.<\/span><\/p>\n<\/li>\n<li data-start=\"1618\" data-end=\"1661\">\n<p data-start=\"1620\" data-end=\"1661\"><span class=\"relative -mx-px my-[-0.2rem] rounded px-px py-[0.2rem] transition-colors duration-100 ease-in-out\">Mindig z\u00e1rd vissza rendesen.<\/span><\/p>\n<\/li>\n<li data-start=\"1662\" data-end=\"1705\">\n<p data-start=\"1664\" data-end=\"1705\"><span class=\"relative -mx-px my-[-0.2rem] rounded px-px py-[0.2rem] transition-colors duration-100 ease-in-out\">Csak k\u00fcls\u0151 haszn\u00e1latra \u2013 ne cseppentsd k\u00f6zvetlen\u00fcl a szembe!<\/span><\/p>\n<\/li>\n<li data-start=\"1706\" data-end=\"1749\">\n<p data-start=\"1708\" data-end=\"1749\"><span class=\"relative -mx-px my-[-0.2rem] rounded px-px py-[0.2rem] transition-colors duration-100 ease-in-out\">Gyermekekt\u0151l elz\u00e1rva tartsd.<\/span><\/p>\n<\/li>\n<li data-start=\"1750\" data-end=\"1831\">\n<p data-start=\"1752\" data-end=\"1831\"><span class=\"relative -mx-px my-[-0.2rem] rounded px-px py-[0.2rem] transition-colors duration-100 ease-in-out\">Ne haszn\u00e1lj \u00fajrafelhaszn\u00e1lt oldatot\u00a0<\/span>.<\/p>\n<\/li>\n<\/ul>\n<hr data-start=\"1833\" data-end=\"1836\" \/>\n<p data-start=\"1838\" data-end=\"2029\">Az <strong data-start=\"1841\" data-end=\"1871\">Opti\u2011Free Replenish 355 ml<\/strong> megb\u00edzhat\u00f3, k\u00e9nyelmes \u00e9s hat\u00e9kony megold\u00e1st ny\u00fajt a kontaktlencse\u2011visel\u0151k sz\u00e1m\u00e1ra \u2013 tiszta, hidrat\u00e1lt \u00e9s komfortos l\u00e1t\u00e1s nap mint nap, egyszer\u0171en \u00e9s gyorsan.<\/p>","protected":false},"excerpt":{"rendered":"<p>Az Opti\u2011Free Replenish egy pr\u00e9mium min\u0151s\u00e9g\u0171, <strong data-start=\"45\" data-end=\"83\">all\u2011in\u2011one kontaktlencse\u2011\u00e1pol\u00f3szer<\/strong>, ami tiszt\u00edtja, fert\u0151tlen\u00edti, hidrat\u00e1lja \u00e9s t\u00e1rolja a puha, valamint szilikon\u2011hidrog\u00e9l lencs\u00e9ket \u2013 mindezt alv\u00e1s k\u00f6zben is, k\u00e9nyelmes \u00e9s egyszer\u0171 haszn\u00e1lattal. A be\u00e9p\u00edtett <strong data-start=\"256\" data-end=\"282\">TearGlyde\u00ae technol\u00f3gia<\/strong> gondoskodik r\u00f3la, hogy lencs\u00e9d visel\u00e9s k\u00f6zben is megfelel\u0151en hidrat\u00e1lt maradjon.<\/p>","protected":false},"featured_media":16697,"comment_status":"open","ping_status":"closed","template":"","meta":{"_seopress_robots_primary_cat":"none","_seopress_titles_title":"","_seopress_titles_desc":"","_seopress_robots_index":""},"product_cat":[94],"product_tag":[1121,919,1105,918,1124,1123,1117,1118,1125,1119,1122,1126,1120],"class_list":{"0":"post-5189","1":"product","2":"type-product","3":"status-publish","4":"has-post-thumbnail","6":"product_cat-kontaktlencse-apoloszerek-es-szemcseppek","7":"product_tag-alcon-kontaktlencse-oldat","8":"product_tag-kontaktlencse-apoloszer","9":"product_tag-kontaktlencse-fertotlenito","10":"product_tag-kontaktlencse-folyadek","11":"product_tag-kontaktlencse-hidratalas","12":"product_tag-kontaktlencse-tisztitas","13":"product_tag-opti-free-replenish","14":"product_tag-opti-free-replenish-355-ml","15":"product_tag-opti-free-replenish-hasznalata","16":"product_tag-opti-free-replenish-oldat","17":"product_tag-polyquad-aldox-oldat","18":"product_tag-szemlencse-fertotlenito","19":"product_tag-tearglyde-kontaktlencse","21":"first","22":"instock","23":"taxable","24":"shipping-taxable","25":"purchasable","26":"product-type-simple"},"_links":{"self":[{"href":"https:\/\/eyewearstore.hu\/en\/wp-json\/wp\/v2\/product\/5189","targetHints":{"allow":["GET"]}}],"collection":[{"href":"https:\/\/eyewearstore.hu\/en\/wp-json\/wp\/v2\/product"}],"about":[{"href":"https:\/\/eyewearstore.hu\/en\/wp-json\/wp\/v2\/types\/product"}],"replies":[{"embeddable":true,"href":"https:\/\/eyewearstore.hu\/en\/wp-json\/wp\/v2\/comments?post=5189"}],"wp:featuredmedia":[{"embeddable":true,"href":"https:\/\/eyewearstore.hu\/en\/wp-json\/wp\/v2\/media\/16697"}],"wp:attachment":[{"href":"https:\/\/eyewearstore.hu\/en\/wp-json\/wp\/v2\/media?parent=5189"}],"wp:term":[{"taxonomy":"product_cat","embeddable":true,"href":"https:\/\/eyewearstore.hu\/en\/wp-json\/wp\/v2\/product_cat?post=5189"},{"taxonomy":"product_tag","embeddable":true,"href":"https:\/\/eyewearstore.hu\/en\/wp-json\/wp\/v2\/product_tag?post=5189"}],"curies":[{"name":"wp","href":"https:\/\/api.w.org\/{rel}","templated":true}]}}