
{"id":5135,"date":"2022-09-14T16:05:44","date_gmt":"2022-09-14T14:05:44","guid":{"rendered":"https:\/\/eyewearstore.hu\/?post_type=product&#038;p=5135"},"modified":"2025-08-01T16:03:12","modified_gmt":"2025-08-01T14:03:12","slug":"dosuno-du305201sc-traffic-sc-szemuvegkeret-napszemuveg-elotettel","status":"publish","type":"product","link":"https:\/\/eyewearstore.hu\/en\/product\/dosuno-du305201sc-traffic-sc-szemuvegkeret-napszemuveg-elotettel\/","title":{"rendered":"Dosuno DU305201SC TRAFFIC SC szem\u00fcvegkeret napszem\u00fcveg el\u0151t\u00e9ttel"},"content":{"rendered":"","protected":false},"excerpt":{"rendered":"<ul>\n<li>\n<h6>2-az 1 -ben szem\u00fcveg, egyedi r\u00f6gz\u00edt\u0151 rendszerrel.<\/h6>\n<\/li>\n<li>\n<h6>Anyaga: SILIFLEX<sup>TM<\/sup>\u00a0egyedi fejleszt\u00e9s 100 %-ban \u00fajrahasznos\u00edthat\u00f3 \u00e9s egy k\u00f6rnyezetk\u00edm\u00e9l\u0151 elj\u00e1r\u00e1ssal k\u00e9sz\u00fcl<\/h6>\n<\/li>\n<li>\n<h6>Rendk\u00edv\u00fcl ellen\u00e1ll\u00f3 anyag, nagy er\u0151hat\u00e1snak kit\u00e9ve sem deform\u00e1l\u00f3dik el.<\/h6>\n<\/li>\n<li>\n<h6>Anyaga ellen\u00e1ll a k\u00e1ros UV sugaraknak, \u00e9s meg\u0151rzi a sz\u00edn\u00e9t<\/h6>\n<\/li>\n<\/ul>","protected":false},"featured_media":5178,"comment_status":"open","ping_status":"closed","template":"","meta":{"_seopress_robots_primary_cat":"none","_seopress_titles_title":"","_seopress_titles_desc":"","_seopress_robots_index":""},"product_cat":[58,61,81,85],"product_tag":[],"class_list":{"0":"post-5135","1":"product","2":"type-product","3":"status-publish","4":"has-post-thumbnail","6":"product_cat-products_frame","7":"product_cat-ferfi","8":"product_cat-muanyag","9":"product_cat-teli-keret","11":"first","12":"instock","13":"taxable","14":"shipping-taxable","15":"purchasable","16":"product-type-simple"},"_links":{"self":[{"href":"https:\/\/eyewearstore.hu\/en\/wp-json\/wp\/v2\/product\/5135","targetHints":{"allow":["GET"]}}],"collection":[{"href":"https:\/\/eyewearstore.hu\/en\/wp-json\/wp\/v2\/product"}],"about":[{"href":"https:\/\/eyewearstore.hu\/en\/wp-json\/wp\/v2\/types\/product"}],"replies":[{"embeddable":true,"href":"https:\/\/eyewearstore.hu\/en\/wp-json\/wp\/v2\/comments?post=5135"}],"wp:featuredmedia":[{"embeddable":true,"href":"https:\/\/eyewearstore.hu\/en\/wp-json\/wp\/v2\/media\/5178"}],"wp:attachment":[{"href":"https:\/\/eyewearstore.hu\/en\/wp-json\/wp\/v2\/media?parent=5135"}],"wp:term":[{"taxonomy":"product_cat","embeddable":true,"href":"https:\/\/eyewearstore.hu\/en\/wp-json\/wp\/v2\/product_cat?post=5135"},{"taxonomy":"product_tag","embeddable":true,"href":"https:\/\/eyewearstore.hu\/en\/wp-json\/wp\/v2\/product_tag?post=5135"}],"curies":[{"name":"wp","href":"https:\/\/api.w.org\/{rel}","templated":true}]}}