
{"id":5055,"date":"2022-08-30T14:58:16","date_gmt":"2022-08-30T12:58:16","guid":{"rendered":"https:\/\/eyewearstore.hu\/?post_type=product&#038;p=5055"},"modified":"2025-08-01T16:03:12","modified_gmt":"2025-08-01T14:03:12","slug":"zeiss-tisztitoszett-tisztitospray-es-mikroszalas-torlokendo","status":"publish","type":"product","link":"https:\/\/eyewearstore.hu\/en\/product\/zeiss-tisztitoszett-tisztitospray-es-mikroszalas-torlokendo\/","title":{"rendered":"ZEISS tiszt\u00edt\u00f3szett (tiszt\u00edt\u00f3spray \u00e9s mikrosz\u00e1las t\u00f6rl\u0151kend\u0151)"},"content":{"rendered":"<p>Alapos \u00e9s k\u00edm\u00e9letes tiszt\u00edt\u00e1s az optika szak\u00e9rt\u0151j\u00e9t\u0151l, a ZEISS-t\u0151l: tiszt\u00edt\u00f3spray \u00e9s mikrosz\u00e1las t\u00f6rl\u0151kend\u0151.<\/p>\n<p>Hat\u00e9kony szerek speci\u00e1lis kombin\u00e1ci\u00f3ja: nem tartalmaz agressz\u00edv hat\u00e1s\u00fa tiszt\u00edt\u00f3szereket. Nem tartalmaz adal\u00e9kokat \u00e9s illatanyagot.<\/p>\n<p>Biztons\u00e1gos \u00e9s egyszer\u0171 tiszt\u00edt\u00e1s an\u00e9lk\u00fcl, hogy foltos maradna a lencse.<\/p>\n<p>Haszn\u00e1lhat\u00f3 magas min\u0151s\u00e9g\u0171 lencs\u00e9khez alapanyagt\u00f3l f\u00fcggetlen\u00fcl; m\u0171anyaghoz, polikarbon\u00e1thoz \u00e9s \u00fcveghez is. Biztons\u00e1ggal haszn\u00e1lhat\u00f3 m\u00e1s finom optikai fel\u00fcletekhez is (pl. LCD kijelz\u0151h\u00f6z, okostelefonhoz, tablethez, laptophoz stb.).<\/p>\n<p>A ZEISS korrekci\u00f3s szem\u00fcveglencs\u00e9k t\u00f6k\u00e9letes kieg\u00e9sz\u00edt\u0151je a megszokott ZEISS min\u0151s\u00e9gben.<\/p>\n<p>Rugalmas k\u00edn\u00e1lat \u00fcgyfelei sz\u00e1m\u00e1ra: alapos \u00e9s k\u00edm\u00e9letes tiszt\u00edt\u00e1s az optika szak\u00e9rt\u0151j\u00e9t\u0151l, a ZEISS-t\u0151l otthonra vagy b\u00e1rhova.<\/p>","protected":false},"excerpt":{"rendered":"<h6>Alapos \u00e9s k\u00edm\u00e9letes tiszt\u00edt\u00e1s az optika szak\u00e9rt\u0151j\u00e9t\u0151l, a ZEISS-t\u0151l: tiszt\u00edt\u00f3spray (30ml) \u00e9s mikrosz\u00e1las (15x18mm) t\u00f6rl\u0151kend\u0151.<\/h6>","protected":false},"featured_media":6816,"comment_status":"open","ping_status":"closed","template":"","meta":{"_seopress_robots_primary_cat":"none","_seopress_titles_title":"","_seopress_titles_desc":"","_seopress_robots_index":""},"product_cat":[34,92],"product_tag":[],"class_list":{"0":"post-5055","1":"product","2":"type-product","3":"status-publish","4":"has-post-thumbnail","6":"product_cat-egyeb","7":"product_cat-tisztitoeszkozok","9":"first","10":"instock","11":"taxable","12":"shipping-taxable","13":"purchasable","14":"product-type-simple"},"_links":{"self":[{"href":"https:\/\/eyewearstore.hu\/en\/wp-json\/wp\/v2\/product\/5055","targetHints":{"allow":["GET"]}}],"collection":[{"href":"https:\/\/eyewearstore.hu\/en\/wp-json\/wp\/v2\/product"}],"about":[{"href":"https:\/\/eyewearstore.hu\/en\/wp-json\/wp\/v2\/types\/product"}],"replies":[{"embeddable":true,"href":"https:\/\/eyewearstore.hu\/en\/wp-json\/wp\/v2\/comments?post=5055"}],"wp:featuredmedia":[{"embeddable":true,"href":"https:\/\/eyewearstore.hu\/en\/wp-json\/wp\/v2\/media\/6816"}],"wp:attachment":[{"href":"https:\/\/eyewearstore.hu\/en\/wp-json\/wp\/v2\/media?parent=5055"}],"wp:term":[{"taxonomy":"product_cat","embeddable":true,"href":"https:\/\/eyewearstore.hu\/en\/wp-json\/wp\/v2\/product_cat?post=5055"},{"taxonomy":"product_tag","embeddable":true,"href":"https:\/\/eyewearstore.hu\/en\/wp-json\/wp\/v2\/product_tag?post=5055"}],"curies":[{"name":"wp","href":"https:\/\/api.w.org\/{rel}","templated":true}]}}