
{"id":5049,"date":"2022-08-30T14:53:00","date_gmt":"2022-08-30T12:53:00","guid":{"rendered":"https:\/\/eyewearstore.hu\/?post_type=product&#038;p=5049"},"modified":"2025-08-01T16:03:12","modified_gmt":"2025-08-01T14:03:12","slug":"zeiss-mikroszalas-torlokendo-40x40mm","status":"publish","type":"product","link":"https:\/\/eyewearstore.hu\/en\/product\/zeiss-mikroszalas-torlokendo-40x40mm\/","title":{"rendered":"ZEISS mikrosz\u00e1las t\u00f6rl\u0151kend\u0151 (400x400mm)"},"content":{"rendered":"<p>ZEISS mikrosz\u00e1las t\u00f6rl\u0151kend\u0151 mindennapi haszn\u00e1lathoz. Hat\u00e9kony \u00e9s k\u00edm\u00e9letes, sz\u00e1razon, vagy langyos v\u00edzzel nedves\u00edtve, vagy a ZEISS lencsetiszt\u00edt\u00f3 spray-vel is lehet haszn\u00e1lni. Optim\u00e1lis tiszt\u00edt\u00e1s a hossz\u00fa lencse \u00e9lettartam\u00e9rt.<\/p>\n<p>Ezzel a nagym\u00e9ret\u0171 mikrosz\u00e1las t\u00f6rl\u0151kend\u0151vel cs\u00edkmentesen tudja tiszt\u00edtani szem\u00fcveglencs\u00e9it.<\/p>","protected":false},"excerpt":{"rendered":"<h6>ZEISS \u00f3ri\u00e1s mikrosz\u00e1las t\u00f6rl\u0151kend\u0151!<\/h6>\n<h6>M\u00e9ret: 40x40cm<\/h6>","protected":false},"featured_media":12327,"comment_status":"open","ping_status":"closed","template":"","meta":{"_seopress_robots_primary_cat":"none","_seopress_titles_title":"","_seopress_titles_desc":"","_seopress_robots_index":""},"product_cat":[34,92],"product_tag":[],"class_list":{"0":"post-5049","1":"product","2":"type-product","3":"status-publish","4":"has-post-thumbnail","6":"product_cat-egyeb","7":"product_cat-tisztitoeszkozok","9":"first","10":"instock","11":"taxable","12":"shipping-taxable","13":"purchasable","14":"product-type-simple"},"_links":{"self":[{"href":"https:\/\/eyewearstore.hu\/en\/wp-json\/wp\/v2\/product\/5049","targetHints":{"allow":["GET"]}}],"collection":[{"href":"https:\/\/eyewearstore.hu\/en\/wp-json\/wp\/v2\/product"}],"about":[{"href":"https:\/\/eyewearstore.hu\/en\/wp-json\/wp\/v2\/types\/product"}],"replies":[{"embeddable":true,"href":"https:\/\/eyewearstore.hu\/en\/wp-json\/wp\/v2\/comments?post=5049"}],"wp:featuredmedia":[{"embeddable":true,"href":"https:\/\/eyewearstore.hu\/en\/wp-json\/wp\/v2\/media\/12327"}],"wp:attachment":[{"href":"https:\/\/eyewearstore.hu\/en\/wp-json\/wp\/v2\/media?parent=5049"}],"wp:term":[{"taxonomy":"product_cat","embeddable":true,"href":"https:\/\/eyewearstore.hu\/en\/wp-json\/wp\/v2\/product_cat?post=5049"},{"taxonomy":"product_tag","embeddable":true,"href":"https:\/\/eyewearstore.hu\/en\/wp-json\/wp\/v2\/product_tag?post=5049"}],"curies":[{"name":"wp","href":"https:\/\/api.w.org\/{rel}","templated":true}]}}