
{"id":5005,"date":"2022-08-26T15:22:35","date_gmt":"2022-08-26T13:22:35","guid":{"rendered":"https:\/\/eyewearstore.hu\/?post_type=product&#038;p=5005"},"modified":"2025-08-01T16:03:12","modified_gmt":"2025-08-01T14:03:12","slug":"elefantos-mikroszalas-torlokendo","status":"publish","type":"product","link":"https:\/\/eyewearstore.hu\/en\/product\/elefantos-mikroszalas-torlokendo\/","title":{"rendered":"Elef\u00e1ntos mikrosz\u00e1las t\u00f6rl\u0151kend\u0151"},"content":{"rendered":"<p>139063<\/p>","protected":false},"excerpt":{"rendered":"<p>Mint\u00e1s mikrosz\u00e1las szem\u00fcveg t\u00f6rl\u0151kend\u0151.<\/p>\n<p>M\u00e9ret: 148mm x 178mm<\/p>","protected":false},"featured_media":4987,"comment_status":"open","ping_status":"closed","template":"","meta":{"_seopress_robots_primary_cat":"none","_seopress_titles_title":"","_seopress_titles_desc":"","_seopress_robots_index":""},"product_cat":[96],"product_tag":[],"class_list":{"0":"post-5005","1":"product","2":"type-product","3":"status-publish","4":"has-post-thumbnail","6":"product_cat-mintas-mikroszalas-torlokendok","8":"first","9":"instock","10":"taxable","11":"shipping-taxable","12":"purchasable","13":"product-type-simple"},"_links":{"self":[{"href":"https:\/\/eyewearstore.hu\/en\/wp-json\/wp\/v2\/product\/5005","targetHints":{"allow":["GET"]}}],"collection":[{"href":"https:\/\/eyewearstore.hu\/en\/wp-json\/wp\/v2\/product"}],"about":[{"href":"https:\/\/eyewearstore.hu\/en\/wp-json\/wp\/v2\/types\/product"}],"replies":[{"embeddable":true,"href":"https:\/\/eyewearstore.hu\/en\/wp-json\/wp\/v2\/comments?post=5005"}],"wp:featuredmedia":[{"embeddable":true,"href":"https:\/\/eyewearstore.hu\/en\/wp-json\/wp\/v2\/media\/4987"}],"wp:attachment":[{"href":"https:\/\/eyewearstore.hu\/en\/wp-json\/wp\/v2\/media?parent=5005"}],"wp:term":[{"taxonomy":"product_cat","embeddable":true,"href":"https:\/\/eyewearstore.hu\/en\/wp-json\/wp\/v2\/product_cat?post=5005"},{"taxonomy":"product_tag","embeddable":true,"href":"https:\/\/eyewearstore.hu\/en\/wp-json\/wp\/v2\/product_tag?post=5005"}],"curies":[{"name":"wp","href":"https:\/\/api.w.org\/{rel}","templated":true}]}}