
{"id":4915,"date":"2022-08-16T15:08:30","date_gmt":"2022-08-16T13:08:30","guid":{"rendered":"https:\/\/eyewearstore.hu\/?post_type=product&#038;p=4915"},"modified":"2026-03-10T10:03:03","modified_gmt":"2026-03-10T09:03:03","slug":"2-in-1-zseb-nagyito","status":"publish","type":"product","link":"https:\/\/eyewearstore.hu\/en\/product\/2-in-1-zseb-nagyito\/","title":{"rendered":"2 in 1 zseb nagy\u00edt\u00f3"},"content":{"rendered":"","protected":false},"excerpt":{"rendered":"<h5>2 az 1-ben zseb nagy\u00edt\u00f3 LED l\u00e1mp\u00e1val<\/h5>\n<h5>Nagy\u00edt\u00e1s: 2,5x<\/h5>","protected":false},"featured_media":4888,"comment_status":"open","ping_status":"closed","template":"","meta":{"_seopress_robots_primary_cat":"none","_seopress_titles_title":"","_seopress_titles_desc":"","_seopress_robots_index":""},"product_cat":[95],"product_tag":[],"class_list":{"0":"post-4915","1":"product","2":"type-product","3":"status-publish","4":"has-post-thumbnail","6":"product_cat-nagyito","8":"first","9":"instock","10":"taxable","11":"shipping-taxable","12":"purchasable","13":"product-type-simple"},"_links":{"self":[{"href":"https:\/\/eyewearstore.hu\/en\/wp-json\/wp\/v2\/product\/4915","targetHints":{"allow":["GET"]}}],"collection":[{"href":"https:\/\/eyewearstore.hu\/en\/wp-json\/wp\/v2\/product"}],"about":[{"href":"https:\/\/eyewearstore.hu\/en\/wp-json\/wp\/v2\/types\/product"}],"replies":[{"embeddable":true,"href":"https:\/\/eyewearstore.hu\/en\/wp-json\/wp\/v2\/comments?post=4915"}],"wp:featuredmedia":[{"embeddable":true,"href":"https:\/\/eyewearstore.hu\/en\/wp-json\/wp\/v2\/media\/4888"}],"wp:attachment":[{"href":"https:\/\/eyewearstore.hu\/en\/wp-json\/wp\/v2\/media?parent=4915"}],"wp:term":[{"taxonomy":"product_cat","embeddable":true,"href":"https:\/\/eyewearstore.hu\/en\/wp-json\/wp\/v2\/product_cat?post=4915"},{"taxonomy":"product_tag","embeddable":true,"href":"https:\/\/eyewearstore.hu\/en\/wp-json\/wp\/v2\/product_tag?post=4915"}],"curies":[{"name":"wp","href":"https:\/\/api.w.org\/{rel}","templated":true}]}}