
{"id":4876,"date":"2022-08-15T18:04:46","date_gmt":"2022-08-15T16:04:46","guid":{"rendered":"https:\/\/eyewearstore.hu\/?post_type=product&#038;p=4876"},"modified":"2025-08-01T16:03:13","modified_gmt":"2025-08-01T14:03:13","slug":"ote-hydro-shield-360-ml-kontaktlencse-folyadek","status":"publish","type":"product","link":"https:\/\/eyewearstore.hu\/en\/product\/ote-hydro-shield-360-ml-kontaktlencse-folyadek\/","title":{"rendered":"Ot\u00e9 Hydro-shield 360 ml kontaktlencse folyad\u00e9k"},"content":{"rendered":"<p dir=\"ltr\" data-placeholder=\"Ford\u00edt\u00e1s\"><\/p>\n<p data-start=\"0\" data-end=\"83\"><strong data-start=\"0\" data-end=\"81\">Ot\u00e9 Hydro-Shield kontaktlencse folyad\u00e9k \u2013 term\u00e9kle\u00edr\u00e1s \u00e9s haszn\u00e1lati \u00fatmutat\u00f3<\/strong><\/p>\n<p data-start=\"85\" data-end=\"431\">Az Ot\u00e9 Hydro-Shield kontaktlencse folyad\u00e9k egy innovat\u00edv, t\u00f6bbfunkci\u00f3s \u00e1pol\u00f3szer, amely kiv\u00e1l\u00f3 v\u00e9delmet \u00e9s hidrat\u00e1l\u00e1st biztos\u00edt a kontaktlencs\u00e9k sz\u00e1m\u00e1ra. A speci\u00e1lis \u00f6sszet\u00e9telnek k\u00f6sz\u00f6nhet\u0151en az Ot\u00e9 Hydro-Shield kontaktlencse folyad\u00e9k megakad\u00e1lyozza a lencs\u00e9k kisz\u00e1rad\u00e1s\u00e1t, n\u00f6veli a komfort\u00e9rzetet \u00e9s hat\u00e9konyan elt\u00e1vol\u00edtja a szennyez\u0151d\u00e9seket.<\/p>\n<h3 data-start=\"433\" data-end=\"464\">Tulajdons\u00e1gok \u00e9s el\u0151ny\u00f6k:<\/h3>\n<ul data-start=\"465\" data-end=\"1147\">\n<li data-start=\"465\" data-end=\"638\"><strong data-start=\"467\" data-end=\"486\">Hidrat\u00e1l\u00f3 hat\u00e1s<\/strong>: Az Ot\u00e9 Hydro-Shield kontaktlencse folyad\u00e9k biztos\u00edtja a lencs\u00e9k folyamatos nedves\u00edt\u00e9s\u00e9t, \u00edgy seg\u00edt megel\u0151zni a szemirrit\u00e1ci\u00f3t \u00e9s a sz\u00e1razs\u00e1g\u00e9rzetet.<\/li>\n<li data-start=\"639\" data-end=\"763\"><strong data-start=\"641\" data-end=\"663\">Hat\u00e9kony tiszt\u00edt\u00e1s<\/strong>: Elt\u00e1vol\u00edtja a feh\u00e9rje- \u00e9s zs\u00edrr\u00e9tegeket, amelyek a napi viselet sor\u00e1n lerak\u00f3dhatnak a lencs\u00e9kre.<\/li>\n<li data-start=\"764\" data-end=\"914\"><strong data-start=\"766\" data-end=\"793\">Fert\u0151tlen\u00edt\u0151 \u00f6sszet\u00e9tel<\/strong>: Az Ot\u00e9 Hydro-Shield kontaktlencse folyad\u00e9k elpuszt\u00edtja a k\u00e1ros mikroorganizmusokat, cs\u00f6kkentve a fert\u0151z\u00e9s kock\u00e1zat\u00e1t.<\/li>\n<li data-start=\"915\" data-end=\"1029\"><strong data-start=\"917\" data-end=\"958\">Minden l\u00e1gy kontaktlencs\u00e9hez alkalmas<\/strong>: Ide\u00e1lis szilikon-hidrog\u00e9l \u00e9s hagyom\u00e1nyos l\u00e1gy lencs\u00e9k \u00e1pol\u00e1s\u00e1ra is.<\/li>\n<li data-start=\"1030\" data-end=\"1147\"><strong data-start=\"1032\" data-end=\"1051\">Tart\u00f3s k\u00e9nyelem<\/strong>: A hidrat\u00e1l\u00f3 \u00f6sszetev\u0151knek k\u00f6sz\u00f6nhet\u0151en a lencs\u00e9k eg\u00e9sz nap k\u00e9nyelmes viseletet biztos\u00edtanak.<\/li>\n<\/ul>\n<h3 data-start=\"1149\" data-end=\"1175\">Haszn\u00e1lati \u00fatmutat\u00f3:<\/h3>\n<ol data-start=\"1177\" data-end=\"2068\">\n<li data-start=\"1177\" data-end=\"1459\">\n<p data-start=\"1180\" data-end=\"1196\"><strong data-start=\"1180\" data-end=\"1193\">Tiszt\u00edt\u00e1s<\/strong>:<\/p>\n<ul data-start=\"1200\" data-end=\"1459\">\n<li data-start=\"1200\" data-end=\"1262\">Mosson kezet alaposan, miel\u0151tt a kontaktlencs\u00e9khez ny\u00falna.<\/li>\n<li data-start=\"1266\" data-end=\"1375\">Helyezze a lencs\u00e9t a tenyer\u00e9be, \u00e9s cseppentsen r\u00e1 n\u00e9h\u00e1ny csepp Ot\u00e9 Hydro-Shield kontaktlencse folyad\u00e9kot.<\/li>\n<li data-start=\"1379\" data-end=\"1459\">Ujjaival \u00f3vatosan d\u00f6rzs\u00f6lje meg a lencse mindk\u00e9t oldal\u00e1t kb. 10 m\u00e1sodpercig.<\/li>\n<\/ul>\n<\/li>\n<li data-start=\"1461\" data-end=\"1573\">\n<p data-start=\"1464\" data-end=\"1478\"><strong data-start=\"1464\" data-end=\"1475\">\u00d6bl\u00edt\u00e9s<\/strong>:<\/p>\n<ul data-start=\"1482\" data-end=\"1573\">\n<li data-start=\"1482\" data-end=\"1573\">A megtiszt\u00edtott lencs\u00e9t alaposan \u00f6bl\u00edtse le Ot\u00e9 Hydro-Shield kontaktlencse folyad\u00e9kkal.<\/li>\n<\/ul>\n<\/li>\n<li data-start=\"1575\" data-end=\"1896\">\n<p data-start=\"1578\" data-end=\"1609\"><strong data-start=\"1578\" data-end=\"1606\">Fert\u0151tlen\u00edt\u00e9s \u00e9s t\u00e1rol\u00e1s<\/strong>:<\/p>\n<ul data-start=\"1613\" data-end=\"1896\">\n<li data-start=\"1613\" data-end=\"1674\">Helyezze a lencs\u00e9ket egy tiszta kontaktlencsetart\u00f3 tokba.<\/li>\n<li data-start=\"1678\" data-end=\"1793\">T\u00f6ltse fel a tart\u00f3t friss Ot\u00e9 Hydro-Shield kontaktlencse folyad\u00e9kkal \u00fagy, hogy a lencs\u00e9k teljesen elmer\u00fcljenek.<\/li>\n<li data-start=\"1797\" data-end=\"1896\">Hagyja a lencs\u00e9ket a folyad\u00e9kban legal\u00e1bb 4 \u00f3r\u00e1n kereszt\u00fcl, de lehet\u0151s\u00e9g szerint eg\u00e9sz \u00e9jszaka.<\/li>\n<\/ul>\n<\/li>\n<li data-start=\"1898\" data-end=\"2068\">\n<p data-start=\"1901\" data-end=\"1923\"><strong data-start=\"1901\" data-end=\"1920\">Haszn\u00e1lat el\u0151tt<\/strong>:<\/p>\n<ul data-start=\"1927\" data-end=\"2068\">\n<li data-start=\"1927\" data-end=\"2068\">Vegye ki a lencs\u00e9ket a tokb\u00f3l, \u00e9s sz\u00fcks\u00e9g eset\u00e9n \u00f6bl\u00edtse le friss Ot\u00e9 Hydro-Shield kontaktlencse folyad\u00e9kkal, miel\u0151tt a szem\u00e9re helyezn\u00e9.<\/li>\n<\/ul>\n<\/li>\n<\/ol>\n<h3 data-start=\"2070\" data-end=\"2094\">Fontos tudnival\u00f3k:<\/h3>\n<ul data-start=\"2095\" data-end=\"2592\">\n<li data-start=\"2095\" data-end=\"2218\">Minden haszn\u00e1lat ut\u00e1n friss Ot\u00e9 Hydro-Shield kontaktlencse folyad\u00e9kot \u00f6nts\u00f6n a tokba, ne haszn\u00e1lja \u00fajra a r\u00e9gi oldatot.<\/li>\n<li data-start=\"2219\" data-end=\"2286\">Ne \u00e9rintse meg a flakon cs\u0151r\u00e9t, hogy elker\u00fclje a szennyez\u0151d\u00e9st.<\/li>\n<li data-start=\"2287\" data-end=\"2421\">Ha b\u00e1rmilyen irrit\u00e1ci\u00f3t, v\u00f6r\u00f6ss\u00e9get vagy kellemetlens\u00e9get tapasztal, hagyja abba a lencs\u00e9k haszn\u00e1lat\u00e1t, \u00e9s forduljon szakemberhez.<\/li>\n<li data-start=\"2422\" data-end=\"2493\">A lencsetart\u00f3t rendszeresen tiszt\u00edtsa \u00e9s cser\u00e9lje legal\u00e1bb havonta.<\/li>\n<li data-start=\"2494\" data-end=\"2592\">Az Ot\u00e9 Hydro-Shield kontaktlencse folyad\u00e9kot szobah\u0151m\u00e9rs\u00e9kleten, gyermekekt\u0151l elz\u00e1rva t\u00e1rolja.<\/li>\n<\/ul>\n<p data-start=\"2594\" data-end=\"2765\" data-is-last-node=\"\">Az Ot\u00e9 Hydro-Shield kontaktlencse folyad\u00e9k a kontaktlencs\u00e9k teljes k\u00f6r\u0171 \u00e1pol\u00e1s\u00e1t biztos\u00edtja, \u00edgy hosszabb ideig \u00e9lvezheti a tiszta, k\u00e9nyelmes \u00e9s higi\u00e9nikus lencsevisel\u00e9st.<\/p>","protected":false},"excerpt":{"rendered":"<p id=\"tw-target-text\" class=\"tw-data-text tw-text-large tw-ta\" dir=\"ltr\" data-placeholder=\"Ford\u00edt\u00e1s\"><strong><span class=\"Y2IQFc\" lang=\"hu\">Ot\u00e9 Hydro-shield multifunkcion\u00e1lis tiszt\u00edt\u00f3 l\u00e1gy kontaktlencs\u00e9khez. Megtiszt\u00edtja a lencs\u00e9t a feh\u00e9rjelerak\u00f3d\u00e1sokt\u00f3l \u00e9s zs\u00edrokt\u00f3l.\u00a0 <\/span><\/strong><\/p>\n<p class=\"tw-data-text tw-text-large tw-ta\" dir=\"ltr\" data-placeholder=\"Ford\u00edt\u00e1s\">Fert\u0151tlen\u00edt\u00e9shez, nedves\u00edt\u00e9shez, t\u00e1rol\u00e1shoz, illeszt\u00e9shez \u00e9s hidrat\u00e1l\u00e1shoz alkalmazhat\u00f3.<\/p>\n<p>Akt\u00edv \u00f6sszetev\u0151k: Pufferelt, izot\u00f3ni\u00e1s oldat. Hydropro, Remopro, Tart\u00f3s\u00edt\u00f3szer: 0,0001%.<\/p>","protected":false},"featured_media":6981,"comment_status":"open","ping_status":"closed","template":"","meta":{"_seopress_robots_primary_cat":"none","_seopress_titles_title":"","_seopress_titles_desc":"","_seopress_robots_index":""},"product_cat":[94],"product_tag":[],"class_list":{"0":"post-4876","1":"product","2":"type-product","3":"status-publish","4":"has-post-thumbnail","6":"product_cat-kontaktlencse-apoloszerek-es-szemcseppek","8":"first","9":"instock","10":"taxable","11":"shipping-taxable","12":"purchasable","13":"product-type-simple"},"_links":{"self":[{"href":"https:\/\/eyewearstore.hu\/en\/wp-json\/wp\/v2\/product\/4876","targetHints":{"allow":["GET"]}}],"collection":[{"href":"https:\/\/eyewearstore.hu\/en\/wp-json\/wp\/v2\/product"}],"about":[{"href":"https:\/\/eyewearstore.hu\/en\/wp-json\/wp\/v2\/types\/product"}],"replies":[{"embeddable":true,"href":"https:\/\/eyewearstore.hu\/en\/wp-json\/wp\/v2\/comments?post=4876"}],"wp:featuredmedia":[{"embeddable":true,"href":"https:\/\/eyewearstore.hu\/en\/wp-json\/wp\/v2\/media\/6981"}],"wp:attachment":[{"href":"https:\/\/eyewearstore.hu\/en\/wp-json\/wp\/v2\/media?parent=4876"}],"wp:term":[{"taxonomy":"product_cat","embeddable":true,"href":"https:\/\/eyewearstore.hu\/en\/wp-json\/wp\/v2\/product_cat?post=4876"},{"taxonomy":"product_tag","embeddable":true,"href":"https:\/\/eyewearstore.hu\/en\/wp-json\/wp\/v2\/product_tag?post=4876"}],"curies":[{"name":"wp","href":"https:\/\/api.w.org\/{rel}","templated":true}]}}