
{"id":4784,"date":"2022-08-09T10:34:09","date_gmt":"2022-08-09T08:34:09","guid":{"rendered":"https:\/\/eyewearstore.hu\/?post_type=product&#038;p=4784"},"modified":"2025-08-01T16:03:13","modified_gmt":"2025-08-01T14:03:13","slug":"optix-tisztito-spray-30ml","status":"publish","type":"product","link":"https:\/\/eyewearstore.hu\/en\/product\/optix-tisztito-spray-30ml\/","title":{"rendered":"Optix tiszt\u00edt\u00f3 spray 30ml"},"content":{"rendered":"","protected":false},"excerpt":{"rendered":"<h6>B\u00e1rmilyen fajta szem\u00fcveglencs\u00e9hez haszn\u00e1lhat\u00f3 tiszt\u00edt\u00f3 spray, mar\u00f3 hat\u00e1s\u00fa anyagokat nem tartalmaz.<\/h6>","protected":false},"featured_media":4786,"comment_status":"open","ping_status":"closed","template":"","meta":{"_seopress_robots_primary_cat":"none","_seopress_titles_title":"","_seopress_titles_desc":"","_seopress_robots_index":""},"product_cat":[34,92],"product_tag":[],"class_list":{"0":"post-4784","1":"product","2":"type-product","3":"status-publish","4":"has-post-thumbnail","6":"product_cat-egyeb","7":"product_cat-tisztitoeszkozok","9":"first","10":"instock","11":"taxable","12":"shipping-taxable","13":"purchasable","14":"product-type-simple"},"_links":{"self":[{"href":"https:\/\/eyewearstore.hu\/en\/wp-json\/wp\/v2\/product\/4784","targetHints":{"allow":["GET"]}}],"collection":[{"href":"https:\/\/eyewearstore.hu\/en\/wp-json\/wp\/v2\/product"}],"about":[{"href":"https:\/\/eyewearstore.hu\/en\/wp-json\/wp\/v2\/types\/product"}],"replies":[{"embeddable":true,"href":"https:\/\/eyewearstore.hu\/en\/wp-json\/wp\/v2\/comments?post=4784"}],"wp:featuredmedia":[{"embeddable":true,"href":"https:\/\/eyewearstore.hu\/en\/wp-json\/wp\/v2\/media\/4786"}],"wp:attachment":[{"href":"https:\/\/eyewearstore.hu\/en\/wp-json\/wp\/v2\/media?parent=4784"}],"wp:term":[{"taxonomy":"product_cat","embeddable":true,"href":"https:\/\/eyewearstore.hu\/en\/wp-json\/wp\/v2\/product_cat?post=4784"},{"taxonomy":"product_tag","embeddable":true,"href":"https:\/\/eyewearstore.hu\/en\/wp-json\/wp\/v2\/product_tag?post=4784"}],"curies":[{"name":"wp","href":"https:\/\/api.w.org\/{rel}","templated":true}]}}