
{"id":4662,"date":"2022-07-31T15:49:55","date_gmt":"2022-07-31T13:49:55","guid":{"rendered":"https:\/\/eyewearstore.hu\/?post_type=product&#038;p=4662"},"modified":"2026-02-25T19:37:41","modified_gmt":"2026-02-25T18:37:41","slug":"csavarhuzo-kulcstarto","status":"publish","type":"product","link":"https:\/\/eyewearstore.hu\/en\/product\/csavarhuzo-kulcstarto\/","title":{"rendered":"B&#038;S csavarh\u00faz\u00f3 kulcstart\u00f3 szem\u00fcveghez"},"content":{"rendered":"<p data-start=\"884\" data-end=\"1158\">A <strong data-start=\"886\" data-end=\"943\">Breitfeld &amp; Schliekert szem\u00fcveg csavarh\u00faz\u00f3 kulcstart\u00f3<\/strong> egy praktikus, min\u0151s\u00e9gi kieg\u00e9sz\u00edt\u0151 minden szem\u00fcvegvisel\u0151 sz\u00e1m\u00e1ra. N\u00e9met m\u00e1rk\u00e1j\u00fa term\u00e9k, amit arra terveztek, hogy mindig k\u00e9zn\u00e9l legyen, amikor a szem\u00fcveged csavarjai meglazulnak, vagy gyors be\u00e1ll\u00edt\u00e1sra van sz\u00fcks\u00e9g.<\/p>\n<p data-start=\"1160\" data-end=\"1528\">Az eszk\u00f6z t\u00f6bbf\u00e9le fejet tartalmaz: lapos (flat), Phillips (kereszt), \u00e9s k\u00fcl\u00f6nb\u00f6z\u0151 imbusz m\u00e9reteket (hex). Az el\u00e9rhet\u0151 inform\u00e1ci\u00f3k szerint a lapos csavarh\u00faz\u00f3 m\u00e9rete 1,8 mm, a Phillips +1,8 mm, valamint h\u00e1rom imbusz kulcs: 2,02 mm, 2,32 mm \u00e9s 2,57 mm. <span class=\"\" data-state=\"closed\"><span class=\"ms-1 inline-flex max-w-full items-center relative top-[-0.094rem] animate-[show_150ms_ease-in]\" data-testid=\"webpage-citation-pill\"><a class=\"flex h-4.5 overflow-hidden rounded-xl px-2 text-[9px] font-medium transition-colors duration-150 ease-in-out text-token-text-secondary! bg-[#F4F4F4]! dark:bg-[#303030]!\" href=\"https:\/\/latinafy.com\/products\/breitfeld-schliekert-eyeglass-screwdriver-keychain\/?utm_source=chatgpt.com\" target=\"_blank\" rel=\"noopener\"><span class=\"relative start-0 bottom-0 flex h-full w-full items-center\"><span class=\"flex h-4 w-full items-center justify-between overflow-hidden\"><span class=\"max-w-[15ch] grow truncate overflow-hidden text-center\">latinafy.com<\/span><\/span><\/span><\/a><\/span><\/span> Ez lehet\u0151v\u00e9 teszi, hogy szinte minden szem\u00fcvegcsavarhoz legyen megfelel\u0151 fej.<\/p>\n<p data-start=\"1530\" data-end=\"1856\">A kulcstart\u00f3 kialak\u00edt\u00e1sa kompakt \u00e9s strapab\u00edr\u00f3; k\u00f6nnyen felf\u0171zheted a kulcsaid k\u00f6z\u00e9, a t\u00e1sk\u00e1ba vagy a szem\u00fcvegtokot mell\u00e9, \u00edgy mindig k\u00e9zn\u00e9l lesz. A t\u00f6bbf\u00e9le sz\u00edn (k\u00e9k, piros, narancs, lila, citroms\u00e1rga) nem csak dekorat\u00edv, de seg\u00edti, hogy k\u00f6nnyen elk\u00fcl\u00f6n\u00edthet\u0151 legyen t\u00f6bb eszk\u00f6z k\u00f6z\u00f6tt. <span class=\"\" data-state=\"closed\"><span class=\"ms-1 inline-flex max-w-full items-center relative top-[-0.094rem] animate-[show_150ms_ease-in]\" data-testid=\"webpage-citation-pill\"><a class=\"flex h-4.5 overflow-hidden rounded-xl px-2 text-[9px] font-medium transition-colors duration-150 ease-in-out text-token-text-secondary! bg-[#F4F4F4]! dark:bg-[#303030]!\" href=\"https:\/\/latinafy.com\/products\/breitfeld-schliekert-eyeglass-screwdriver-keychain\/?utm_source=chatgpt.com\" target=\"_blank\" rel=\"noopener\"><span class=\"relative start-0 bottom-0 flex h-full w-full items-center\"><span class=\"flex h-4 w-full items-center justify-between\"><span class=\"max-w-[15ch] grow truncate overflow-hidden text-center\">latinafy.com<\/span><span class=\"-me-1 flex h-full items-center rounded-full px-1 text-[#8F8F8F]\">+1<\/span><\/span><\/span><\/a><\/span><\/span><\/p>\n<p data-start=\"1858\" data-end=\"2062\">Ez a Breitfeld &amp; Schliekert modell gyors megold\u00e1st k\u00edn\u00e1l akkor, ha \u00faton vagy, \u00e9s nincs k\u00e9zn\u00e9l rendes csavarh\u00faz\u00f3. Ide\u00e1lis aj\u00e1nd\u00e9k szem\u00fcveget visel\u0151knek, optik\u00e1kban is kaphat\u00f3 gyakran tartal\u00e9k megold\u00e1sk\u00e9nt.<\/p>\n<hr data-start=\"2064\" data-end=\"2067\" \/>\n<h3 data-start=\"2069\" data-end=\"2082\">\u2b50 El\u0151ny\u00f6k<\/h3>\n<ul data-start=\"2084\" data-end=\"2357\">\n<li data-start=\"2084\" data-end=\"2125\">\n<p data-start=\"2086\" data-end=\"2125\">T\u00f6bbf\u00e9le fej \u2013 lapos, kereszt, imbusz<\/p>\n<\/li>\n<li data-start=\"2126\" data-end=\"2159\">\n<p data-start=\"2128\" data-end=\"2159\">Kompakt kulcstart\u00f3 kialak\u00edt\u00e1s<\/p>\n<\/li>\n<li data-start=\"2160\" data-end=\"2224\">\n<p data-start=\"2162\" data-end=\"2224\">T\u00f6bbf\u00e9le \u00e9l\u00e9nk sz\u00edn (k\u00e9k, piros, narancs, lila, citroms\u00e1rga)<\/p>\n<\/li>\n<li data-start=\"2225\" data-end=\"2260\">\n<p data-start=\"2227\" data-end=\"2260\">N\u00e9met m\u00e1rka, megb\u00edzhat\u00f3 min\u0151s\u00e9g<\/p>\n<\/li>\n<li data-start=\"2261\" data-end=\"2314\">\n<p data-start=\"2263\" data-end=\"2314\">Mindig k\u00e9zn\u00e9l, nem kell k\u00fcl\u00f6n csavarh\u00faz\u00f3t hordani<\/p>\n<\/li>\n<li data-start=\"2315\" data-end=\"2357\">\n<p data-start=\"2317\" data-end=\"2357\">Hasznos aj\u00e1nd\u00e9k lehet szem\u00fcvegvisel\u0151knek<\/p>\n<\/li>\n<\/ul>\n<hr data-start=\"2359\" data-end=\"2362\" \/>\n<h3 data-start=\"2364\" data-end=\"2390\">\ud83d\udccb Haszn\u00e1lati utas\u00edt\u00e1s<\/h3>\n<ol data-start=\"2392\" data-end=\"2784\">\n<li data-start=\"2392\" data-end=\"2462\">\n<p data-start=\"2395\" data-end=\"2462\">V\u00e1laszd ki a sz\u00fcks\u00e9ges csavarfejet (lapos, Phillips vagy imbusz).<\/p>\n<\/li>\n<li data-start=\"2463\" data-end=\"2546\">\n<p data-start=\"2466\" data-end=\"2546\">Helyezd a fejet a szem\u00fcveg csavarj\u00e1ra, \u00e9s finoman tekerd be vagy ki a csavart.<\/p>\n<\/li>\n<li data-start=\"2547\" data-end=\"2606\">\n<p data-start=\"2550\" data-end=\"2606\">Ne h\u00fazd t\u00fal er\u0151sen \u2013 ink\u00e1bb l\u00e9gy finom a be\u00e1ll\u00edt\u00e1sban.<\/p>\n<\/li>\n<li data-start=\"2607\" data-end=\"2712\">\n<p data-start=\"2610\" data-end=\"2712\">A kulcstart\u00f3t r\u00f6gz\u00edtheted kulcscsom\u00f3ra, t\u00e1sk\u00e1ra vagy szem\u00fcvegtok mell\u00e9, hogy mindig el\u00e9rhet\u0151 legyen.<\/p>\n<\/li>\n<li data-start=\"2713\" data-end=\"2784\">\n<p data-start=\"2716\" data-end=\"2784\">Haszn\u00e1lat ut\u00e1n z\u00e1rd vissza j\u00f3l a fejet, hogy ne vesz\u00edts el r\u00e9szeket.<\/p>\n<\/li>\n<\/ol>\n<hr data-start=\"2786\" data-end=\"2789\" \/>\n<h3 data-start=\"2791\" data-end=\"2825\">\ud83d\udd12 Figyelmeztet\u00e9sek &amp; tan\u00e1csok<\/h3>\n<ul data-start=\"2827\" data-end=\"3102\">\n<li data-start=\"2827\" data-end=\"2898\">\n<p data-start=\"2829\" data-end=\"2898\">Ne er\u0151ltesd a csavarfejet rossz m\u00e9retre \u2013 haszn\u00e1lj megfelel\u0151 fejet.<\/p>\n<\/li>\n<li data-start=\"2899\" data-end=\"2971\">\n<p data-start=\"2901\" data-end=\"2971\">Ker\u00fcld a t\u00falzott er\u0151t, mert a szem\u00fcveg csavarja vagy menet s\u00e9r\u00fclhet.<\/p>\n<\/li>\n<li data-start=\"2972\" data-end=\"3045\">\n<p data-start=\"2974\" data-end=\"3045\">Ne hagyd, hogy v\u00edz vagy por juthasson be a kulcstart\u00f3 mechanizmus\u00e1ba.<\/p>\n<\/li>\n<li data-start=\"3046\" data-end=\"3102\">\n<p data-start=\"3048\" data-end=\"3102\">A sz\u00ednes bevonat kop\u00e1ssal j\u00e1rhat \u2013 b\u00e1nj vele \u00f3vatosan.<\/p>\n<\/li>\n<\/ul>","protected":false},"excerpt":{"rendered":"<p>\ud83d\udd27 <strong data-start=\"401\" data-end=\"458\">Breitfeld &amp; Schliekert szem\u00fcveg csavarh\u00faz\u00f3 kulcstart\u00f3<\/strong><\/p>\n<p>Ez a Breitfeld &amp; Schliekert szem\u00fcveg csavarh\u00faz\u00f3 kulcstart\u00f3 egy kompakt, sokoldal\u00fa eszk\u00f6z, amit mindig magaddal vihetsz. Tartalmaz t\u00f6bbf\u00e9le fej \u2013 lapos, csillag \u00e9s imbusz kulcsokat \u2013 \u00edgy gyorsan elv\u00e9gezheted a szem\u00fcvegcsavarok megh\u00faz\u00e1s\u00e1t \u00fatk\u00f6zben is. T\u00f6bbf\u00e9le sz\u00ednben el\u00e9rhet\u0151: k\u00e9k, piros, narancs, lila \u00e9s citroms\u00e1rga. Ide\u00e1lis v\u00e1laszt\u00e1s, ha nem akarsz k\u00fcl\u00f6n csavarh\u00faz\u00f3t hordani.<\/p>","protected":false},"featured_media":11291,"comment_status":"open","ping_status":"closed","template":"","meta":{"_seopress_robots_primary_cat":"none","_seopress_titles_title":"","_seopress_titles_desc":"","_seopress_robots_index":""},"product_cat":[34,97],"product_tag":[1192,1196,1201,1198,1194,1195,1200,1202,1199,1193,1197],"class_list":{"0":"post-4662","1":"product","2":"type-product","3":"status-publish","4":"has-post-thumbnail","6":"product_cat-egyeb","7":"product_cat-hasznos-praktikus","8":"product_tag-breitfeld-schliekert","9":"product_tag-eyeglass-screwdriver-keychain","10":"product_tag-kek-csavarhuzo-kulcstarto","11":"product_tag-kulcstarto-csavarhuzo","12":"product_tag-kulcstarto-eszkoz","13":"product_tag-multifunkcios-csavarhuzo-kulcstarto","14":"product_tag-optikai-eszkoz","15":"product_tag-piros-csavarhuzo-kulcstarto","16":"product_tag-szemuveg-csavarbeallito","17":"product_tag-szemuveg-csavarhuzo","18":"product_tag-szemuveg-javito-eszkoz","20":"first","21":"instock","22":"taxable","23":"shipping-taxable","24":"purchasable","25":"product-type-variable"},"_links":{"self":[{"href":"https:\/\/eyewearstore.hu\/en\/wp-json\/wp\/v2\/product\/4662","targetHints":{"allow":["GET"]}}],"collection":[{"href":"https:\/\/eyewearstore.hu\/en\/wp-json\/wp\/v2\/product"}],"about":[{"href":"https:\/\/eyewearstore.hu\/en\/wp-json\/wp\/v2\/types\/product"}],"replies":[{"embeddable":true,"href":"https:\/\/eyewearstore.hu\/en\/wp-json\/wp\/v2\/comments?post=4662"}],"wp:featuredmedia":[{"embeddable":true,"href":"https:\/\/eyewearstore.hu\/en\/wp-json\/wp\/v2\/media\/11291"}],"wp:attachment":[{"href":"https:\/\/eyewearstore.hu\/en\/wp-json\/wp\/v2\/media?parent=4662"}],"wp:term":[{"taxonomy":"product_cat","embeddable":true,"href":"https:\/\/eyewearstore.hu\/en\/wp-json\/wp\/v2\/product_cat?post=4662"},{"taxonomy":"product_tag","embeddable":true,"href":"https:\/\/eyewearstore.hu\/en\/wp-json\/wp\/v2\/product_tag?post=4662"}],"curies":[{"name":"wp","href":"https:\/\/api.w.org\/{rel}","templated":true}]}}