
{"id":4646,"date":"2022-07-29T17:11:09","date_gmt":"2022-07-29T15:11:09","guid":{"rendered":"https:\/\/eyewearstore.hu\/?post_type=product&#038;p=4646"},"modified":"2025-08-01T16:03:14","modified_gmt":"2025-08-01T14:03:14","slug":"zeiss-nedves-szemuveg-torlokendo-200-db-box","status":"publish","type":"product","link":"https:\/\/eyewearstore.hu\/en\/product\/zeiss-nedves-szemuveg-torlokendo-200-db-box\/","title":{"rendered":"ZEISS nedves szem\u00fcveg t\u00f6rl\u0151kend\u0151 (200 db\/box)"},"content":{"rendered":"<p data-start=\"690\" data-end=\"963\">A ZEISS nedves szem\u00fcveg t\u00f6rl\u0151kend\u0151 seg\u00edts\u00e9g\u00e9vel m\u00e1sodpercek alatt megtiszt\u00edthatod a szem\u00fcveged \u2013 ak\u00e1r otthon, munka k\u00f6zben, vagy \u00fatk\u00f6zben. Az egyenk\u00e9nt csomagolt kend\u0151k alkoholos oldattal vannak \u00e1titatva, ami gyorsan elp\u00e1rolog, \u00e9s <strong data-start=\"921\" data-end=\"947\">cs\u00edkmentes tisztas\u00e1got<\/strong> hagy maga ut\u00e1n.<\/p>\n<p data-start=\"965\" data-end=\"1196\">A ZEISS nedves szem\u00fcveg t\u00f6rl\u0151kend\u0151 nem karcolja a lencs\u00e9t, nem sz\u00f6sz\u00f6l, \u00e9s teljesen biztons\u00e1gos a legt\u00f6bb modern fel\u00fclethez: ak\u00e1r t\u00fckr\u00f6z\u0151d\u00e9scs\u00f6kkent\u0151, k\u00e9kf\u00e9nysz\u0171r\u0151s vagy f\u00e9nyre s\u00f6t\u00e9ted\u0151 r\u00e9teggel ell\u00e1tott lencs\u00e9khez is haszn\u00e1lhatod.<\/p>\n<p data-start=\"1198\" data-end=\"1446\">A 200 darabos box ide\u00e1lis v\u00e1laszt\u00e1s, ha hosszabb t\u00e1vra keresel praktikus megold\u00e1st. Dobozb\u00f3l, t\u00e1sk\u00e1b\u00f3l vagy keszty\u0171tart\u00f3b\u00f3l el\u0151kapva mindig k\u00e9zn\u00e9l van \u2013 \u00edgy a ZEISS nedves szem\u00fcveg t\u00f6rl\u0151kend\u0151 gondoskodik r\u00f3la, hogy a l\u00e1t\u00e1sod mindig tiszta maradjon.<\/p>\n<hr data-start=\"1448\" data-end=\"1451\" \/>\n<h3 data-start=\"1453\" data-end=\"1477\">\u2b50 <strong data-start=\"1459\" data-end=\"1477\">Mi\u00e9rt v\u00e1laszd?<\/strong><\/h3>\n<ul data-start=\"1478\" data-end=\"1641\">\n<li data-start=\"1478\" data-end=\"1509\">\n<p data-start=\"1480\" data-end=\"1509\">Cs\u00edkmentes, gyors tiszt\u00edt\u00e1s<\/p>\n<\/li>\n<li data-start=\"1510\" data-end=\"1537\">\n<p data-start=\"1512\" data-end=\"1537\">Nem sz\u00f6sz\u00f6l, nem karcol<\/p>\n<\/li>\n<li data-start=\"1538\" data-end=\"1579\">\n<p data-start=\"1540\" data-end=\"1579\">Haszn\u00e1latra k\u00e9sz, egyenk\u00e9nt csomagolt<\/p>\n<\/li>\n<li data-start=\"1580\" data-end=\"1605\">\n<p data-start=\"1582\" data-end=\"1605\">Higi\u00e9nikus \u00e9s kompakt<\/p>\n<\/li>\n<li data-start=\"1606\" data-end=\"1641\">\n<p data-start=\"1608\" data-end=\"1641\">200 darabos gazdas\u00e1gos kiszerel\u00e9s<\/p>\n<\/li>\n<\/ul>\n<hr data-start=\"1643\" data-end=\"1646\" \/>\n<h3 data-start=\"1648\" data-end=\"1679\">\ud83d\udccb <strong data-start=\"1655\" data-end=\"1679\">Haszn\u00e1lati utas\u00edt\u00e1s:<\/strong><\/h3>\n<ul data-start=\"1680\" data-end=\"1942\">\n<li data-start=\"1680\" data-end=\"1721\">\n<p data-start=\"1682\" data-end=\"1721\">Vegy\u00e9l ki egy t\u00f6rl\u0151kend\u0151t a dobozb\u00f3l.<\/p>\n<\/li>\n<li data-start=\"1722\" data-end=\"1853\">\n<p data-start=\"1724\" data-end=\"1853\">Bontsd ki a csomagot, de m\u00e9g <strong data-start=\"1753\" data-end=\"1780\">ne hajtsd sz\u00e9t a kend\u0151t<\/strong> \u2013 el\u0151sz\u00f6r <strong data-start=\"1791\" data-end=\"1850\">z\u00e1rt \u00e1llapotban t\u00f6r\u00f6ld \u00e1t vele a lencse mindk\u00e9t oldal\u00e1t<\/strong>.<\/p>\n<\/li>\n<li data-start=\"1854\" data-end=\"1942\">\n<p data-start=\"1856\" data-end=\"1942\">Ezut\u00e1n <strong data-start=\"1863\" data-end=\"1880\">sz\u00e9thajthatod<\/strong>, \u00e9s ha az oldat elp\u00e1rolgott, <strong data-start=\"1910\" data-end=\"1941\">t\u00f6r\u00f6ld sz\u00e1razra a lencs\u00e9ket<\/strong>.<\/p>\n<\/li>\n<\/ul>\n<hr data-start=\"1944\" data-end=\"1947\" \/>\n<h3 data-start=\"1949\" data-end=\"1998\">\ud83d\udd12 <strong data-start=\"1956\" data-end=\"1998\">T\u00e1rol\u00e1si javaslat \u00e9s figyelmeztet\u00e9sek:<\/strong><\/h3>\n<ul data-start=\"1999\" data-end=\"2123\">\n<li data-start=\"1999\" data-end=\"2030\">\n<p data-start=\"2001\" data-end=\"2030\">Sz\u00e1raz, h\u0171v\u00f6s helyen t\u00e1rold<\/p>\n<\/li>\n<li data-start=\"2031\" data-end=\"2062\">\n<p data-start=\"2033\" data-end=\"2062\">Gyermekekt\u0151l elz\u00e1rva tartsd<\/p>\n<\/li>\n<li data-start=\"2063\" data-end=\"2089\">\n<p data-start=\"2065\" data-end=\"2089\">Csak k\u00fcls\u0151 haszn\u00e1latra<\/p>\n<\/li>\n<li data-start=\"2090\" data-end=\"2123\">\n<p data-start=\"2092\" data-end=\"2123\">Ne ker\u00fclj\u00f6n szembe, ne nyeld le<\/p>\n<\/li>\n<\/ul>\n<hr data-start=\"2125\" data-end=\"2128\" \/>\n<p data-start=\"2130\" data-end=\"2263\">A ZEISS nedves szem\u00fcveg t\u00f6rl\u0151kend\u0151 egyszer\u0171en haszn\u00e1lhat\u00f3, hat\u00e9kony, \u00e9s minden helyzetben tiszta lencs\u00e9t biztos\u00edt \u2013 b\u00e1rhol, b\u00e1rmikor.<\/p>","protected":false},"excerpt":{"rendered":"<p>A ZEISS nedves szem\u00fcveg t\u00f6rl\u0151kend\u0151 a legegyszer\u0171bb m\u00f3dja annak, hogy szem\u00fcveged mindig tiszta, cs\u00edkmentes \u00e9s \u00e9les maradjon. A 200 darabos adagol\u00f3s doboz minden napra elegend\u0151, b\u00e1rhov\u00e1 magaddal viheted. Gyors, praktikus, higi\u00e9nikus.<\/p>","protected":false},"featured_media":6812,"comment_status":"open","ping_status":"closed","template":"","meta":{"_seopress_robots_primary_cat":"none","_seopress_titles_title":"","_seopress_titles_desc":"","_seopress_robots_index":""},"product_cat":[92],"product_tag":[1039,1034,1038,1033,1040,1031,1036,1041,1030,1037,1035,1029,1032,1042],"class_list":{"0":"post-4646","1":"product","2":"type-product","3":"status-publish","4":"has-post-thumbnail","6":"product_cat-tisztitoeszkozok","7":"product_tag-200-darabos","8":"product_tag-csikmentes-tisztitas","9":"product_tag-higienikus-kendo","10":"product_tag-lencsetisztito","11":"product_tag-nagy-kiszereles","12":"product_tag-nedves-torlokendo","13":"product_tag-optikai-kendo","14":"product_tag-praktikus-tisztito","15":"product_tag-szemuveg-torlokendo","16":"product_tag-szemuvegapolas","17":"product_tag-szemuvegtisztito","18":"product_tag-zeiss","19":"product_tag-zeiss-kendo","20":"product_tag-zeiss-optikai-kendo","22":"first","23":"instock","24":"taxable","25":"shipping-taxable","26":"purchasable","27":"product-type-simple"},"_links":{"self":[{"href":"https:\/\/eyewearstore.hu\/en\/wp-json\/wp\/v2\/product\/4646","targetHints":{"allow":["GET"]}}],"collection":[{"href":"https:\/\/eyewearstore.hu\/en\/wp-json\/wp\/v2\/product"}],"about":[{"href":"https:\/\/eyewearstore.hu\/en\/wp-json\/wp\/v2\/types\/product"}],"replies":[{"embeddable":true,"href":"https:\/\/eyewearstore.hu\/en\/wp-json\/wp\/v2\/comments?post=4646"}],"wp:featuredmedia":[{"embeddable":true,"href":"https:\/\/eyewearstore.hu\/en\/wp-json\/wp\/v2\/media\/6812"}],"wp:attachment":[{"href":"https:\/\/eyewearstore.hu\/en\/wp-json\/wp\/v2\/media?parent=4646"}],"wp:term":[{"taxonomy":"product_cat","embeddable":true,"href":"https:\/\/eyewearstore.hu\/en\/wp-json\/wp\/v2\/product_cat?post=4646"},{"taxonomy":"product_tag","embeddable":true,"href":"https:\/\/eyewearstore.hu\/en\/wp-json\/wp\/v2\/product_tag?post=4646"}],"curies":[{"name":"wp","href":"https:\/\/api.w.org\/{rel}","templated":true}]}}