
{"id":4640,"date":"2022-07-29T17:05:54","date_gmt":"2022-07-29T15:05:54","guid":{"rendered":"https:\/\/eyewearstore.hu\/?post_type=product&#038;p=4640"},"modified":"2025-08-01T16:03:14","modified_gmt":"2025-08-01T14:03:14","slug":"zeiss-paramentesito-nedves-torlokendo-20-db-box","status":"publish","type":"product","link":"https:\/\/eyewearstore.hu\/en\/product\/zeiss-paramentesito-nedves-torlokendo-20-db-box\/","title":{"rendered":"ZEISS p\u00e1ramentes\u00edt\u0151 nedves t\u00f6rl\u0151kend\u0151 (20 db\/box)"},"content":{"rendered":"","protected":false},"excerpt":{"rendered":"<h6>Az \u00faj ZEISS p\u00e1ramentes\u00edt\u0151 nedves t\u00f6rl\u0151kend\u0151 a p\u00e1ramentes\u00edt\u0151 r\u00e9tegek vonz\u00f3 \u00e1rfekv\u00e9s\u0171 \u00e9s k\u00f6nnyen haszn\u00e1lhat\u00f3 alternat\u00edv\u00e1ja. A lencse \u00e1tt\u00f6rl\u00e9se ut\u00e1n megakad\u00e1lyozza a zavar\u00f3 p\u00e1r\u00e1sod\u00e1st an\u00e9lk\u00fcl, hogy befoly\u00e1soln\u00e1 a lencse optikai teljes\u00edtm\u00e9ny\u00e9t.<\/h6>\n<p>B\u00e1rmilyen optikai fel\u00fclethez haszn\u00e1lhat\u00f3, \u00edgy a ZEISS p\u00e1ramentes\u00edt\u0151 nedves t\u00f6rl\u0151kend\u0151 ide\u00e1lis p\u00e9ld\u00e1ul motoroz\u00e1shoz, b\u00fav\u00e1rkod\u00e1shoz \u00e9s s\u00edel\u00e9shez is.<\/p>\n<p>Tiszta \u00e9s p\u00e1ramentes. A csomagban 20 db 15 x 13 cm<\/p>","protected":false},"featured_media":4634,"comment_status":"open","ping_status":"closed","template":"","meta":{"_seopress_robots_primary_cat":"none","_seopress_titles_title":"","_seopress_titles_desc":"","_seopress_robots_index":""},"product_cat":[92],"product_tag":[],"class_list":{"0":"post-4640","1":"product","2":"type-product","3":"status-publish","4":"has-post-thumbnail","6":"product_cat-tisztitoeszkozok","8":"first","9":"instock","10":"taxable","11":"shipping-taxable","12":"purchasable","13":"product-type-simple"},"_links":{"self":[{"href":"https:\/\/eyewearstore.hu\/en\/wp-json\/wp\/v2\/product\/4640","targetHints":{"allow":["GET"]}}],"collection":[{"href":"https:\/\/eyewearstore.hu\/en\/wp-json\/wp\/v2\/product"}],"about":[{"href":"https:\/\/eyewearstore.hu\/en\/wp-json\/wp\/v2\/types\/product"}],"replies":[{"embeddable":true,"href":"https:\/\/eyewearstore.hu\/en\/wp-json\/wp\/v2\/comments?post=4640"}],"wp:featuredmedia":[{"embeddable":true,"href":"https:\/\/eyewearstore.hu\/en\/wp-json\/wp\/v2\/media\/4634"}],"wp:attachment":[{"href":"https:\/\/eyewearstore.hu\/en\/wp-json\/wp\/v2\/media?parent=4640"}],"wp:term":[{"taxonomy":"product_cat","embeddable":true,"href":"https:\/\/eyewearstore.hu\/en\/wp-json\/wp\/v2\/product_cat?post=4640"},{"taxonomy":"product_tag","embeddable":true,"href":"https:\/\/eyewearstore.hu\/en\/wp-json\/wp\/v2\/product_tag?post=4640"}],"curies":[{"name":"wp","href":"https:\/\/api.w.org\/{rel}","templated":true}]}}