
{"id":4637,"date":"2022-07-29T17:04:40","date_gmt":"2022-07-29T15:04:40","guid":{"rendered":"https:\/\/eyewearstore.hu\/?post_type=product&#038;p=4637"},"modified":"2025-08-01T16:03:14","modified_gmt":"2025-08-01T14:03:14","slug":"zeiss-mikroszalas-torlokendo-15x18mm","status":"publish","type":"product","link":"https:\/\/eyewearstore.hu\/en\/product\/zeiss-mikroszalas-torlokendo-15x18mm\/","title":{"rendered":"ZEISS mikrosz\u00e1las t\u00f6rl\u0151kend\u0151 (150x180mm)"},"content":{"rendered":"","protected":false},"excerpt":{"rendered":"<h6>Klasszikus lencsetiszt\u00edt\u00f3 igazi ZEISS min\u0151s\u00e9gben: A ZEISS mikrosz\u00e1las t\u00f6rl\u0151kend\u0151 hat\u00e9konyan \u00e9s k\u00edm\u00e9letesen tiszt\u00edtja a lencs\u00e9t mindennap.<\/h6>\n<p>Haszn\u00e1lhat\u00f3 a ZEISS tiszt\u00edt\u00f3spray-vel egy\u00fctt, sz\u00e1razon vagy a lencs\u00e9t langyos v\u00edzzel le\u00f6bl\u00edtve, \u00edgy a ZEISS mikrosz\u00e1las t\u00f6rl\u0151kend\u0151 mindig els\u0151dleges v\u00e1laszt\u00e1s lesz a hossz\u00fa \u00e9lettartam\u00fa lencs\u00e9k tiszt\u00edt\u00e1s\u00e1hoz.<\/p>","protected":false},"featured_media":4639,"comment_status":"open","ping_status":"closed","template":"","meta":{"_seopress_robots_primary_cat":"none","_seopress_titles_title":"","_seopress_titles_desc":"","_seopress_robots_index":""},"product_cat":[34,92],"product_tag":[],"class_list":{"0":"post-4637","1":"product","2":"type-product","3":"status-publish","4":"has-post-thumbnail","6":"product_cat-egyeb","7":"product_cat-tisztitoeszkozok","9":"first","10":"instock","11":"taxable","12":"shipping-taxable","13":"purchasable","14":"product-type-simple"},"_links":{"self":[{"href":"https:\/\/eyewearstore.hu\/en\/wp-json\/wp\/v2\/product\/4637","targetHints":{"allow":["GET"]}}],"collection":[{"href":"https:\/\/eyewearstore.hu\/en\/wp-json\/wp\/v2\/product"}],"about":[{"href":"https:\/\/eyewearstore.hu\/en\/wp-json\/wp\/v2\/types\/product"}],"replies":[{"embeddable":true,"href":"https:\/\/eyewearstore.hu\/en\/wp-json\/wp\/v2\/comments?post=4637"}],"wp:featuredmedia":[{"embeddable":true,"href":"https:\/\/eyewearstore.hu\/en\/wp-json\/wp\/v2\/media\/4639"}],"wp:attachment":[{"href":"https:\/\/eyewearstore.hu\/en\/wp-json\/wp\/v2\/media?parent=4637"}],"wp:term":[{"taxonomy":"product_cat","embeddable":true,"href":"https:\/\/eyewearstore.hu\/en\/wp-json\/wp\/v2\/product_cat?post=4637"},{"taxonomy":"product_tag","embeddable":true,"href":"https:\/\/eyewearstore.hu\/en\/wp-json\/wp\/v2\/product_tag?post=4637"}],"curies":[{"name":"wp","href":"https:\/\/api.w.org\/{rel}","templated":true}]}}