
{"id":4628,"date":"2022-07-29T16:58:48","date_gmt":"2022-07-29T14:58:48","guid":{"rendered":"https:\/\/eyewearstore.hu\/?post_type=product&#038;p=4628"},"modified":"2025-08-01T16:03:14","modified_gmt":"2025-08-01T14:03:14","slug":"zeiss-tisztito-spray-240ml","status":"publish","type":"product","link":"https:\/\/eyewearstore.hu\/en\/product\/zeiss-tisztito-spray-240ml\/","title":{"rendered":"ZEISS Tiszt\u00edt\u00f3 spray 240ml"},"content":{"rendered":"","protected":false},"excerpt":{"rendered":"<h6>A ZEISS tiszt\u00edt\u00f3spray alaposan, \u00e9s m\u00e9gis k\u00edm\u00e9letesen tiszt\u00edtja a szem\u00fcveglencs\u00e9t. Tiszt\u00edt\u00e1skor f\u00fajja a folyad\u00e9kot a mikrosz\u00e1las t\u00f6rl\u0151kend\u0151re \u00e9s t\u00f6r\u00f6lje \u00e1t a lencse mindk\u00e9t oldal\u00e1t.<\/h6>\n<p>Ezzel a m\u00f3dszerrel az optikai fel\u00fcleteket is alaposan \u00e9s k\u00edm\u00e9letesen tiszt\u00edthatja meg. A spray nem tartalmaz olyan agressz\u00edv hat\u00e1s\u00fa tiszt\u00edt\u00f3szert, amely k\u00e1rt tenne a lencs\u00e9ben, a r\u00e9tegben vagy a kijelz\u0151kben.<\/p>","protected":false},"featured_media":6815,"comment_status":"open","ping_status":"closed","template":"","meta":{"_seopress_robots_primary_cat":"none","_seopress_titles_title":"","_seopress_titles_desc":"","_seopress_robots_index":""},"product_cat":[34,92],"product_tag":[],"class_list":{"0":"post-4628","1":"product","2":"type-product","3":"status-publish","4":"has-post-thumbnail","6":"product_cat-egyeb","7":"product_cat-tisztitoeszkozok","9":"first","10":"instock","11":"taxable","12":"shipping-taxable","13":"purchasable","14":"product-type-simple"},"_links":{"self":[{"href":"https:\/\/eyewearstore.hu\/en\/wp-json\/wp\/v2\/product\/4628","targetHints":{"allow":["GET"]}}],"collection":[{"href":"https:\/\/eyewearstore.hu\/en\/wp-json\/wp\/v2\/product"}],"about":[{"href":"https:\/\/eyewearstore.hu\/en\/wp-json\/wp\/v2\/types\/product"}],"replies":[{"embeddable":true,"href":"https:\/\/eyewearstore.hu\/en\/wp-json\/wp\/v2\/comments?post=4628"}],"wp:featuredmedia":[{"embeddable":true,"href":"https:\/\/eyewearstore.hu\/en\/wp-json\/wp\/v2\/media\/6815"}],"wp:attachment":[{"href":"https:\/\/eyewearstore.hu\/en\/wp-json\/wp\/v2\/media?parent=4628"}],"wp:term":[{"taxonomy":"product_cat","embeddable":true,"href":"https:\/\/eyewearstore.hu\/en\/wp-json\/wp\/v2\/product_cat?post=4628"},{"taxonomy":"product_tag","embeddable":true,"href":"https:\/\/eyewearstore.hu\/en\/wp-json\/wp\/v2\/product_tag?post=4628"}],"curies":[{"name":"wp","href":"https:\/\/api.w.org\/{rel}","templated":true}]}}