
{"id":3876,"date":"2022-07-14T17:08:19","date_gmt":"2022-07-14T15:08:19","guid":{"rendered":"https:\/\/eyewearstore.hu\/termek\/tom-tailor-60525-col-611-54-17-135\/"},"modified":"2025-08-01T16:03:14","modified_gmt":"2025-08-01T14:03:14","slug":"tom-tailor-60525-col-611-54-17-135","status":"publish","type":"product","link":"https:\/\/eyewearstore.hu\/en\/product\/tom-tailor-60525-col-611-54-17-135\/","title":{"rendered":"Tom Tailor 60525 Col.611 54\/17\/135"},"content":{"rendered":"","protected":false},"excerpt":{"rendered":"<p>1962-ben nagy er\u0151bedob\u00e1ssal indult a v\u00e1llalkoz\u00e1s. Egy st\u00edlus ami szak\u00edtott a r\u00e9gi hagyom\u00e1nyokkal \u00e9s amit az &#8222;\u00faj&#8221; vil\u00e1g divatja inspir\u00e1l. A legjobb min\u0151s\u00e9g meggy\u0151z\u0151 \u00e1rakon.<\/p>\n<p>\u00cdgy sz\u00fcletett a TOM TAILOR.<\/p>\n<p>Az\u00f3ta is t\u00f6retlen\u0171l\u00a0h\u0171\u00a0maradt az elveihez: Mindig fiatalos, pozit\u00edv \u00e9letfelfog\u00e1s\u00fa, frissess\u00e9get sugall\u00f3.<\/p>","protected":false},"featured_media":12171,"comment_status":"open","ping_status":"closed","template":"","meta":{"_seopress_robots_primary_cat":"none","_seopress_titles_title":"","_seopress_titles_desc":"","_seopress_robots_index":""},"product_cat":[82,61,58,85,70],"product_tag":[],"class_list":{"0":"post-3876","1":"product","2":"type-product","3":"status-publish","4":"has-post-thumbnail","6":"product_cat-fem","7":"product_cat-ferfi","8":"product_cat-products_frame","9":"product_cat-teli-keret","10":"product_cat-tom-tailor","12":"first","13":"instock","14":"taxable","15":"shipping-taxable","16":"purchasable","17":"product-type-simple"},"_links":{"self":[{"href":"https:\/\/eyewearstore.hu\/en\/wp-json\/wp\/v2\/product\/3876","targetHints":{"allow":["GET"]}}],"collection":[{"href":"https:\/\/eyewearstore.hu\/en\/wp-json\/wp\/v2\/product"}],"about":[{"href":"https:\/\/eyewearstore.hu\/en\/wp-json\/wp\/v2\/types\/product"}],"replies":[{"embeddable":true,"href":"https:\/\/eyewearstore.hu\/en\/wp-json\/wp\/v2\/comments?post=3876"}],"wp:featuredmedia":[{"embeddable":true,"href":"https:\/\/eyewearstore.hu\/en\/wp-json\/wp\/v2\/media\/12171"}],"wp:attachment":[{"href":"https:\/\/eyewearstore.hu\/en\/wp-json\/wp\/v2\/media?parent=3876"}],"wp:term":[{"taxonomy":"product_cat","embeddable":true,"href":"https:\/\/eyewearstore.hu\/en\/wp-json\/wp\/v2\/product_cat?post=3876"},{"taxonomy":"product_tag","embeddable":true,"href":"https:\/\/eyewearstore.hu\/en\/wp-json\/wp\/v2\/product_tag?post=3876"}],"curies":[{"name":"wp","href":"https:\/\/api.w.org\/{rel}","templated":true}]}}