
{"id":3782,"date":"2022-07-13T18:54:16","date_gmt":"2022-07-13T16:54:16","guid":{"rendered":"https:\/\/eyewearstore.hu\/termek\/progear-eg-m1020-c17-52-18\/"},"modified":"2026-04-20T20:01:04","modified_gmt":"2026-04-20T18:01:04","slug":"progear-eg-m1020-c17-52-18","status":"publish","type":"product","link":"https:\/\/eyewearstore.hu\/en\/product\/progear-eg-m1020-c17-52-18\/","title":{"rendered":"PROGEAR EG-M1020 C17 52\/18\/ sportszem\u00fcveg"},"content":{"rendered":"<p>H\u00f3dit a sportszem\u00fcvegek piac\u00e1n a Progear Eyewear. A 4 m\u00e9retben \u00e9s 12 sz\u00ednben megtal\u00e1lhat\u00f3 szem\u00fcveg a legjobb v\u00e1laszt\u00e1s b\u00e1rmilyen sportr\u00f3l is legyen sz\u00f3.<\/p>\n<p>&nbsp;<\/p>\n<p>Rugalmas anyag\u00e1nak k\u00f6sz\u00f6nhet\u0151en a legbiztons\u00e1gosabb szem\u00fcveg viselet b\u00e1rmilyen sport k\u00f6zben.<\/p>\n<p>&nbsp;<\/p>\n<p>Jellemz\u0151k:<\/p>\n<p>&nbsp;<\/p>\n<p>\u2013 Bels\u0151 oldals\u00f3 p\u00e1rn\u00e1k<\/p>\n<p>&nbsp;<\/p>\n<p>\u2013 Nagy viszkozit\u00e1s\u00fa polikarbon\u00e1t lencs\u00e9k 3 mm-es k\u00f6z\u00e9p vastags\u00e1g\u00fa, optikai min\u0151s\u00e9ggel, kem\u00e9ny bevonattal \u00e9s UV-v\u00e9delemmel<\/p>\n<p>&nbsp;<\/p>\n<p>\u2013 Kiterjesztett termoplasztikus gumi (TPR) orrp\u00e1rna (antiallerg\u00e9n) a kiterjesztett v\u00e9delem \u00e9rdek\u00e9ben<\/p>\n<p>&nbsp;<\/p>\n<p>\u2013 V alak\u00fa \u00fctk\u00f6z\u0151 (1,6 mm vastag bels\u0151 \u00edr\u00e1nyba) a lencse biztons\u00e1ga \u00e9rdek\u00e9ben \u00fctk\u00f6z\u00e9s eset\u00e9n<\/p>\n<p>&nbsp;<\/p>\n<p>\u2013 Kiv\u00e1l\u00f3 min\u0151s\u00e9g\u0171 rozsdamentes ac\u00e9lb\u00f3l k\u00e9sz\u00fclt csavarok, a korr\u00f3zi\u00f3 megel\u0151z\u00e9se \u00e9s az \u00fcvegez\u00e9s megk\u00f6nny\u00edt\u00e9se \u00e9rdek\u00e9ben<\/p>\n<p>&nbsp;<\/p>\n<p>\u2013 Szuperkem\u00e9ny polikarbon\u00e1t keret a megn\u00f6velt \u00fctk\u00f6z\u00e9sv\u00e9delem \u00e9rdek\u00e9ben<\/p>\n<p>&nbsp;<\/p>\n<p>\u2013 Kivehet\u0151 neopr\u00e9n szalag, moshat\u00f3 t\u00e9p\u0151z\u00e1rral<\/p>\n<p>&nbsp;<\/p>\n<p>\u2013 Cs\u00fasz\u00e1sg\u00e1tl\u00f3 gumibet\u00e9t a f\u00fclhallgat\u00f3ban<\/p>\n<p>&nbsp;<\/p>\n<p>Mindh\u00e1rom nemzetk\u00f6zi biztons\u00e1g fel\u00fcgyeleti bizotts\u00e1g krit\u00e9riumainak megfelel: ASTM F803 (USA) , EN 1066 (Eur\u00f3pa) , JIS T8147.5.1d (Jap\u00e1n)<\/p>\n<p>&nbsp;<\/p>\n<p>A k\u00f6vetkez\u0151 dioptri\u00e1s szem\u00fcveglencs\u00e9kkel is k\u00e9rheted:<\/p>\n<p>&nbsp;<\/p>\n<p>\u2013 Napszem\u00fcveg lencs\u00e9vel<\/p>\n<p>&nbsp;<\/p>\n<p>\u2013 Polariz\u00e1lt napszem\u00fcveglencs\u00e9vel<\/p>\n<p>&nbsp;<\/p>\n<p>\u2013 Sz\u00edntelen szem\u00fcveglencs\u00e9vel<\/p>\n<p>&nbsp;<\/p>\n<p>\u2013 F\u00e9nyre s\u00f6t\u00e9ted\u0151 lencs\u00e9vel<\/p>","protected":false},"excerpt":{"rendered":"<h6>Rugalmas, \u00fct\u00e9s\u00e1ll\u00f3 keret a lehet\u0151 legmagasabb szint\u0171 biztons\u00e1got jelenti sportol\u00e1s k\u00f6zben, amely mindh\u00e1rom nemzetk\u00f6zi biztons\u00e1gi szabv\u00e1ny \u2013 ASTM F803 (USA), EN 166 (Eur\u00f3pa), JIS T8147.5.1d (Jap\u00e1n) \u2013 legszigor\u00fabb krit\u00e9riumainak is megfelel.<\/h6>","protected":false},"featured_media":4777,"comment_status":"open","ping_status":"closed","template":"","meta":{"_seopress_robots_primary_cat":"none","_seopress_titles_title":"","_seopress_titles_desc":"","_seopress_robots_index":""},"product_cat":[58,81,91,90,85,63],"product_tag":[],"class_list":{"0":"post-3782","1":"product","2":"type-product","3":"status-publish","4":"has-post-thumbnail","6":"product_cat-products_frame","7":"product_cat-muanyag","8":"product_cat-progear","9":"product_cat-sportszemuveg","10":"product_cat-teli-keret","11":"product_cat-unisex","13":"first","14":"instock","15":"taxable","16":"shipping-taxable","17":"purchasable","18":"product-type-simple"},"_links":{"self":[{"href":"https:\/\/eyewearstore.hu\/en\/wp-json\/wp\/v2\/product\/3782","targetHints":{"allow":["GET"]}}],"collection":[{"href":"https:\/\/eyewearstore.hu\/en\/wp-json\/wp\/v2\/product"}],"about":[{"href":"https:\/\/eyewearstore.hu\/en\/wp-json\/wp\/v2\/types\/product"}],"replies":[{"embeddable":true,"href":"https:\/\/eyewearstore.hu\/en\/wp-json\/wp\/v2\/comments?post=3782"}],"wp:featuredmedia":[{"embeddable":true,"href":"https:\/\/eyewearstore.hu\/en\/wp-json\/wp\/v2\/media\/4777"}],"wp:attachment":[{"href":"https:\/\/eyewearstore.hu\/en\/wp-json\/wp\/v2\/media?parent=3782"}],"wp:term":[{"taxonomy":"product_cat","embeddable":true,"href":"https:\/\/eyewearstore.hu\/en\/wp-json\/wp\/v2\/product_cat?post=3782"},{"taxonomy":"product_tag","embeddable":true,"href":"https:\/\/eyewearstore.hu\/en\/wp-json\/wp\/v2\/product_tag?post=3782"}],"curies":[{"name":"wp","href":"https:\/\/api.w.org\/{rel}","templated":true}]}}