
{"id":3774,"date":"2022-07-13T18:54:12","date_gmt":"2022-07-13T16:54:12","guid":{"rendered":"https:\/\/eyewearstore.hu\/termek\/progear-eg-l1031-c09-55-19\/"},"modified":"2026-04-20T20:01:04","modified_gmt":"2026-04-20T18:01:04","slug":"progear-eg-l1031-c09-55-19","status":"publish","type":"product","link":"https:\/\/eyewearstore.hu\/en\/product\/progear-eg-l1031-c09-55-19\/","title":{"rendered":"PROGEAR EG-L1031 C09 55\/19\/"},"content":{"rendered":"","protected":false},"excerpt":{"rendered":"<h6>Rugalmas, \u00fct\u00e9s\u00e1ll\u00f3 keret a lehet\u0151 legmagasabb szint\u0171 biztons\u00e1got jelenti sportol\u00e1s k\u00f6zben, amely mindh\u00e1rom nemzetk\u00f6zi biztons\u00e1gi szabv\u00e1ny \u2013 ASTM F803 (USA), EN 166 (Eur\u00f3pa), JIS T8147.5.1d (Jap\u00e1n) \u2013 legszigor\u00fabb krit\u00e9riumainak is megfelel.<\/h6>","protected":false},"featured_media":4538,"comment_status":"open","ping_status":"closed","template":"","meta":{"_seopress_robots_primary_cat":"none","_seopress_titles_title":"","_seopress_titles_desc":"","_seopress_robots_index":""},"product_cat":[58,81,91,90,85,63],"product_tag":[],"class_list":{"0":"post-3774","1":"product","2":"type-product","3":"status-publish","4":"has-post-thumbnail","6":"product_cat-products_frame","7":"product_cat-muanyag","8":"product_cat-progear","9":"product_cat-sportszemuveg","10":"product_cat-teli-keret","11":"product_cat-unisex","13":"first","14":"instock","15":"taxable","16":"shipping-taxable","17":"purchasable","18":"product-type-simple"},"_links":{"self":[{"href":"https:\/\/eyewearstore.hu\/en\/wp-json\/wp\/v2\/product\/3774","targetHints":{"allow":["GET"]}}],"collection":[{"href":"https:\/\/eyewearstore.hu\/en\/wp-json\/wp\/v2\/product"}],"about":[{"href":"https:\/\/eyewearstore.hu\/en\/wp-json\/wp\/v2\/types\/product"}],"replies":[{"embeddable":true,"href":"https:\/\/eyewearstore.hu\/en\/wp-json\/wp\/v2\/comments?post=3774"}],"wp:featuredmedia":[{"embeddable":true,"href":"https:\/\/eyewearstore.hu\/en\/wp-json\/wp\/v2\/media\/4538"}],"wp:attachment":[{"href":"https:\/\/eyewearstore.hu\/en\/wp-json\/wp\/v2\/media?parent=3774"}],"wp:term":[{"taxonomy":"product_cat","embeddable":true,"href":"https:\/\/eyewearstore.hu\/en\/wp-json\/wp\/v2\/product_cat?post=3774"},{"taxonomy":"product_tag","embeddable":true,"href":"https:\/\/eyewearstore.hu\/en\/wp-json\/wp\/v2\/product_tag?post=3774"}],"curies":[{"name":"wp","href":"https:\/\/api.w.org\/{rel}","templated":true}]}}