
{"id":3503,"date":"2022-07-12T16:45:13","date_gmt":"2022-07-12T14:45:13","guid":{"rendered":"https:\/\/eyewearstore.hu\/termek\/swarovski-sk5451-032-55-16-140\/"},"modified":"2025-08-01T16:03:11","modified_gmt":"2025-08-01T14:03:11","slug":"swarovski-sk5451-032-55-16-140","status":"publish","type":"product","link":"https:\/\/eyewearstore.hu\/en\/product\/swarovski-sk5451-032-55-16-140\/","title":{"rendered":"SWAROVSKI SK5451 032 55\/16\/140"},"content":{"rendered":"","protected":false},"excerpt":{"rendered":"<h6>A Swarovski a p\u00e1ratlan min\u0151s\u00e9g, a kivitelez\u00e9s \u00e9s a kreativit\u00e1s v\u00e1ltozatos portf\u00f3li\u00e1j\u00e1t k\u00edn\u00e1lja: kiv\u00e1l\u00f3 min\u0151s\u00e9g\u0171 krist\u00e1lyokat, val\u00f3di dr\u00e1gak\u00f6veket \u00e9s kre\u00e1lt k\u00f6veket, valamint k\u00e9szterm\u00e9keket mint p\u00e9ld\u00e1ul \u00f6lt\u00f6zk\u00f6d\u00e9si kieg\u00e9sz\u00edt\u0151ket \u00e9s l\u00e1mp\u00e1kat.<\/h6>","protected":false},"featured_media":4519,"comment_status":"open","ping_status":"closed","template":"","meta":{"_seopress_robots_primary_cat":"none","_seopress_titles_title":"","_seopress_titles_desc":"","_seopress_robots_index":""},"product_cat":[58,82,62,85],"product_tag":[],"class_list":{"0":"post-3503","1":"product","2":"type-product","3":"status-publish","4":"has-post-thumbnail","6":"product_cat-products_frame","7":"product_cat-fem","8":"product_cat-noi","9":"product_cat-teli-keret","11":"first","12":"instock","13":"taxable","14":"shipping-taxable","15":"purchasable","16":"product-type-simple"},"_links":{"self":[{"href":"https:\/\/eyewearstore.hu\/en\/wp-json\/wp\/v2\/product\/3503","targetHints":{"allow":["GET"]}}],"collection":[{"href":"https:\/\/eyewearstore.hu\/en\/wp-json\/wp\/v2\/product"}],"about":[{"href":"https:\/\/eyewearstore.hu\/en\/wp-json\/wp\/v2\/types\/product"}],"replies":[{"embeddable":true,"href":"https:\/\/eyewearstore.hu\/en\/wp-json\/wp\/v2\/comments?post=3503"}],"wp:featuredmedia":[{"embeddable":true,"href":"https:\/\/eyewearstore.hu\/en\/wp-json\/wp\/v2\/media\/4519"}],"wp:attachment":[{"href":"https:\/\/eyewearstore.hu\/en\/wp-json\/wp\/v2\/media?parent=3503"}],"wp:term":[{"taxonomy":"product_cat","embeddable":true,"href":"https:\/\/eyewearstore.hu\/en\/wp-json\/wp\/v2\/product_cat?post=3503"},{"taxonomy":"product_tag","embeddable":true,"href":"https:\/\/eyewearstore.hu\/en\/wp-json\/wp\/v2\/product_tag?post=3503"}],"curies":[{"name":"wp","href":"https:\/\/api.w.org\/{rel}","templated":true}]}}