
{"id":3495,"date":"2022-07-12T16:45:09","date_gmt":"2022-07-12T14:45:09","guid":{"rendered":"https:\/\/eyewearstore.hu\/termek\/timberland-tb1758-049-56-18-145\/"},"modified":"2025-08-01T16:03:11","modified_gmt":"2025-08-01T14:03:11","slug":"timberland-tb1758-049-56-18-145","status":"publish","type":"product","link":"https:\/\/eyewearstore.hu\/en\/product\/timberland-tb1758-049-56-18-145\/","title":{"rendered":"TIMBERLAND TB1758 049 56\/18\/145"},"content":{"rendered":"","protected":false},"excerpt":{"rendered":"<h6>A Timberland optikai \u00e9s napszem\u00fcveg kollekci\u00f3 klasszikus \u00e9s f\u00e9rfias, finom log\u00f3kkal \u00e9s vonz\u00f3 form\u00e1kkal vonzza a tekintetet.<\/h6>","protected":false},"featured_media":4577,"comment_status":"open","ping_status":"closed","template":"","meta":{"_seopress_robots_primary_cat":"none","_seopress_titles_title":"","_seopress_titles_desc":"","_seopress_robots_index":""},"product_cat":[58,87,82,61],"product_tag":[],"class_list":{"0":"post-3495","1":"product","2":"type-product","3":"status-publish","4":"has-post-thumbnail","6":"product_cat-products_frame","7":"product_cat-damilos-keret","8":"product_cat-fem","9":"product_cat-ferfi","11":"first","12":"outofstock","13":"taxable","14":"shipping-taxable","15":"purchasable","16":"product-type-simple"},"_links":{"self":[{"href":"https:\/\/eyewearstore.hu\/en\/wp-json\/wp\/v2\/product\/3495","targetHints":{"allow":["GET"]}}],"collection":[{"href":"https:\/\/eyewearstore.hu\/en\/wp-json\/wp\/v2\/product"}],"about":[{"href":"https:\/\/eyewearstore.hu\/en\/wp-json\/wp\/v2\/types\/product"}],"replies":[{"embeddable":true,"href":"https:\/\/eyewearstore.hu\/en\/wp-json\/wp\/v2\/comments?post=3495"}],"wp:featuredmedia":[{"embeddable":true,"href":"https:\/\/eyewearstore.hu\/en\/wp-json\/wp\/v2\/media\/4577"}],"wp:attachment":[{"href":"https:\/\/eyewearstore.hu\/en\/wp-json\/wp\/v2\/media?parent=3495"}],"wp:term":[{"taxonomy":"product_cat","embeddable":true,"href":"https:\/\/eyewearstore.hu\/en\/wp-json\/wp\/v2\/product_cat?post=3495"},{"taxonomy":"product_tag","embeddable":true,"href":"https:\/\/eyewearstore.hu\/en\/wp-json\/wp\/v2\/product_tag?post=3495"}],"curies":[{"name":"wp","href":"https:\/\/api.w.org\/{rel}","templated":true}]}}