
{"id":3487,"date":"2022-07-12T16:45:05","date_gmt":"2022-07-12T14:45:05","guid":{"rendered":"https:\/\/eyewearstore.hu\/termek\/timberland-tb1740-026-56-16-145\/"},"modified":"2025-08-13T20:03:36","modified_gmt":"2025-08-13T18:03:36","slug":"timberland-tb1740-026-56-16-145","status":"publish","type":"product","link":"https:\/\/eyewearstore.hu\/en\/product\/timberland-tb1740-026-56-16-145\/","title":{"rendered":"TIMBERLAND TB1740 026 56\/16\/145"},"content":{"rendered":"","protected":false},"excerpt":{"rendered":"<h5>A Timberland optikai \u00e9s napszem\u00fcveg kollekci\u00f3 klasszikus \u00e9s f\u00e9rfias, finom log\u00f3kkal \u00e9s vonz\u00f3 form\u00e1kkal vonzza a tekintetet.<\/h5>\n<h5>\u00c1tl\u00e1tsz\u00f3, m\u0171anyag szem\u00fcvegkeret.<\/h5>","protected":false},"featured_media":4575,"comment_status":"open","ping_status":"closed","template":"","meta":{"_seopress_robots_primary_cat":"none","_seopress_titles_title":"","_seopress_titles_desc":"","_seopress_robots_index":""},"product_cat":[61,81,58,85],"product_tag":[],"class_list":{"0":"post-3487","1":"product","2":"type-product","3":"status-publish","4":"has-post-thumbnail","6":"product_cat-ferfi","7":"product_cat-muanyag","8":"product_cat-products_frame","9":"product_cat-teli-keret","11":"first","12":"instock","13":"taxable","14":"shipping-taxable","15":"purchasable","16":"product-type-simple"},"_links":{"self":[{"href":"https:\/\/eyewearstore.hu\/en\/wp-json\/wp\/v2\/product\/3487","targetHints":{"allow":["GET"]}}],"collection":[{"href":"https:\/\/eyewearstore.hu\/en\/wp-json\/wp\/v2\/product"}],"about":[{"href":"https:\/\/eyewearstore.hu\/en\/wp-json\/wp\/v2\/types\/product"}],"replies":[{"embeddable":true,"href":"https:\/\/eyewearstore.hu\/en\/wp-json\/wp\/v2\/comments?post=3487"}],"wp:featuredmedia":[{"embeddable":true,"href":"https:\/\/eyewearstore.hu\/en\/wp-json\/wp\/v2\/media\/4575"}],"wp:attachment":[{"href":"https:\/\/eyewearstore.hu\/en\/wp-json\/wp\/v2\/media?parent=3487"}],"wp:term":[{"taxonomy":"product_cat","embeddable":true,"href":"https:\/\/eyewearstore.hu\/en\/wp-json\/wp\/v2\/product_cat?post=3487"},{"taxonomy":"product_tag","embeddable":true,"href":"https:\/\/eyewearstore.hu\/en\/wp-json\/wp\/v2\/product_tag?post=3487"}],"curies":[{"name":"wp","href":"https:\/\/api.w.org\/{rel}","templated":true}]}}