
{"id":3476,"date":"2022-07-12T16:45:00","date_gmt":"2022-07-12T14:45:00","guid":{"rendered":"https:\/\/eyewearstore.hu\/termek\/timberland-tb9253-02r-58-17-140\/"},"modified":"2025-10-21T20:03:37","modified_gmt":"2025-10-21T18:03:37","slug":"timberland-tb9253-02r-58-17-140","status":"publish","type":"product","link":"https:\/\/eyewearstore.hu\/en\/product\/timberland-tb9253-02r-58-17-140\/","title":{"rendered":"TIMBERLAND TB9253 02R 58\/17\/140"},"content":{"rendered":"","protected":false},"excerpt":{"rendered":"<h6>A Timberland optikai \u00e9s napszem\u00fcveg kollekci\u00f3 klasszikus \u00e9s f\u00e9rfias, finom log\u00f3kkal \u00e9s vonz\u00f3 form\u00e1kkal vonzza a tekintetet.<\/h6>","protected":false},"featured_media":4583,"comment_status":"open","ping_status":"closed","template":"","meta":{"_seopress_robots_primary_cat":"none","_seopress_titles_title":"","_seopress_titles_desc":"","_seopress_robots_index":""},"product_cat":[59,61,81,85],"product_tag":[],"class_list":{"0":"post-3476","1":"product","2":"type-product","3":"status-publish","4":"has-post-thumbnail","6":"product_cat-products_sunglasses","7":"product_cat-ferfi","8":"product_cat-muanyag","9":"product_cat-teli-keret","11":"first","12":"instock","13":"sale","14":"taxable","15":"shipping-taxable","16":"purchasable","17":"product-type-simple"},"_links":{"self":[{"href":"https:\/\/eyewearstore.hu\/en\/wp-json\/wp\/v2\/product\/3476","targetHints":{"allow":["GET"]}}],"collection":[{"href":"https:\/\/eyewearstore.hu\/en\/wp-json\/wp\/v2\/product"}],"about":[{"href":"https:\/\/eyewearstore.hu\/en\/wp-json\/wp\/v2\/types\/product"}],"replies":[{"embeddable":true,"href":"https:\/\/eyewearstore.hu\/en\/wp-json\/wp\/v2\/comments?post=3476"}],"wp:featuredmedia":[{"embeddable":true,"href":"https:\/\/eyewearstore.hu\/en\/wp-json\/wp\/v2\/media\/4583"}],"wp:attachment":[{"href":"https:\/\/eyewearstore.hu\/en\/wp-json\/wp\/v2\/media?parent=3476"}],"wp:term":[{"taxonomy":"product_cat","embeddable":true,"href":"https:\/\/eyewearstore.hu\/en\/wp-json\/wp\/v2\/product_cat?post=3476"},{"taxonomy":"product_tag","embeddable":true,"href":"https:\/\/eyewearstore.hu\/en\/wp-json\/wp\/v2\/product_tag?post=3476"}],"curies":[{"name":"wp","href":"https:\/\/api.w.org\/{rel}","templated":true}]}}