
{"id":3453,"date":"2022-07-12T16:44:50","date_gmt":"2022-07-12T14:44:50","guid":{"rendered":"https:\/\/eyewearstore.hu\/termek\/maxco-mo5002-001-53-17-140\/"},"modified":"2025-08-01T16:03:13","modified_gmt":"2025-08-01T14:03:13","slug":"maxco-mo5002-001-53-17-140","status":"publish","type":"product","link":"https:\/\/eyewearstore.hu\/en\/product\/maxco-mo5002-001-53-17-140\/","title":{"rendered":"MAX&#038;CO MO5002 001 53\/17\/140"},"content":{"rendered":"","protected":false},"excerpt":{"rendered":"<h6>A MAX&amp;Co. diz\u00e1jn \u00e9s elnevez\u00e9s, az angol egyenes (MAX) \u00e9s az \u00edvelt (&amp;Co.) vonalakra utal, ebb\u0151l gy\u0171jt inspir\u00e1ci\u00f3t.<\/h6>\n<h6>A hal\u00e1nt\u00e9ki cs\u00facsok k\u00edv\u00fcl laposak, bel\u00fcl dombor\u00faak \u2013 az eredm\u00e9ny egy jellegzetes, visszat\u00e9r\u0151 diz\u00e1jnelem a MAX&amp;Co. szem\u00fcvegekn\u00e9l. A form\u00e1nak funkcion\u00e1lis el\u0151nye is van, a pontosabb illeszked\u00e9s jobb stabilit\u00e1st biztos\u00edt visel\u0151j\u00e9nek.<\/h6>","protected":false},"featured_media":4559,"comment_status":"open","ping_status":"closed","template":"","meta":{"_seopress_robots_primary_cat":"none","_seopress_titles_title":"","_seopress_titles_desc":"","_seopress_robots_index":""},"product_cat":[81,62,58,85],"product_tag":[],"class_list":{"0":"post-3453","1":"product","2":"type-product","3":"status-publish","4":"has-post-thumbnail","6":"product_cat-muanyag","7":"product_cat-noi","8":"product_cat-products_frame","9":"product_cat-teli-keret","11":"first","12":"instock","13":"taxable","14":"shipping-taxable","15":"purchasable","16":"product-type-simple"},"_links":{"self":[{"href":"https:\/\/eyewearstore.hu\/en\/wp-json\/wp\/v2\/product\/3453","targetHints":{"allow":["GET"]}}],"collection":[{"href":"https:\/\/eyewearstore.hu\/en\/wp-json\/wp\/v2\/product"}],"about":[{"href":"https:\/\/eyewearstore.hu\/en\/wp-json\/wp\/v2\/types\/product"}],"replies":[{"embeddable":true,"href":"https:\/\/eyewearstore.hu\/en\/wp-json\/wp\/v2\/comments?post=3453"}],"wp:featuredmedia":[{"embeddable":true,"href":"https:\/\/eyewearstore.hu\/en\/wp-json\/wp\/v2\/media\/4559"}],"wp:attachment":[{"href":"https:\/\/eyewearstore.hu\/en\/wp-json\/wp\/v2\/media?parent=3453"}],"wp:term":[{"taxonomy":"product_cat","embeddable":true,"href":"https:\/\/eyewearstore.hu\/en\/wp-json\/wp\/v2\/product_cat?post=3453"},{"taxonomy":"product_tag","embeddable":true,"href":"https:\/\/eyewearstore.hu\/en\/wp-json\/wp\/v2\/product_tag?post=3453"}],"curies":[{"name":"wp","href":"https:\/\/api.w.org\/{rel}","templated":true}]}}