
{"id":3435,"date":"2022-07-12T16:44:42","date_gmt":"2022-07-12T14:44:42","guid":{"rendered":"https:\/\/eyewearstore.hu\/termek\/police-vpl414-09pd-52-16\/"},"modified":"2026-05-04T20:01:30","modified_gmt":"2026-05-04T18:01:30","slug":"police-vpl414-09pd-52-16","status":"publish","type":"product","link":"https:\/\/eyewearstore.hu\/en\/product\/police-vpl414-09pd-52-16\/","title":{"rendered":"POLICE VPL414 09PD 52\/16\/"},"content":{"rendered":"","protected":false},"excerpt":{"rendered":"<h6>A Police legend\u00e1s t\u00f6rt\u00e9nete \u00e9vtizedek \u00f3ta siker sztori. Napjainkban is piacvezet\u0151 szerepet t\u00f6lt be a szem\u00fcvegkeretek vil\u00e1g\u00e1ban, k\u00f6sz\u00f6nhet\u0151 mindez az innovat\u00edv technol\u00f3giai h\u00e1tt\u00e9rnek \u00e9s a tradicion\u00e1lis olasz gy\u00f6kerekben rejl\u0151 divat szeretet\u00e9nek.<\/h6>","protected":false},"featured_media":4452,"comment_status":"open","ping_status":"closed","template":"","meta":{"_seopress_robots_primary_cat":"none","_seopress_titles_title":"","_seopress_titles_desc":"","_seopress_robots_index":""},"product_cat":[81,62,65,58,85],"product_tag":[],"class_list":{"0":"post-3435","1":"product","2":"type-product","3":"status-publish","4":"has-post-thumbnail","6":"product_cat-muanyag","7":"product_cat-noi","8":"product_cat-police","9":"product_cat-products_frame","10":"product_cat-teli-keret","12":"first","13":"instock","14":"sale","15":"taxable","16":"shipping-taxable","17":"purchasable","18":"product-type-simple"},"_links":{"self":[{"href":"https:\/\/eyewearstore.hu\/en\/wp-json\/wp\/v2\/product\/3435","targetHints":{"allow":["GET"]}}],"collection":[{"href":"https:\/\/eyewearstore.hu\/en\/wp-json\/wp\/v2\/product"}],"about":[{"href":"https:\/\/eyewearstore.hu\/en\/wp-json\/wp\/v2\/types\/product"}],"replies":[{"embeddable":true,"href":"https:\/\/eyewearstore.hu\/en\/wp-json\/wp\/v2\/comments?post=3435"}],"wp:featuredmedia":[{"embeddable":true,"href":"https:\/\/eyewearstore.hu\/en\/wp-json\/wp\/v2\/media\/4452"}],"wp:attachment":[{"href":"https:\/\/eyewearstore.hu\/en\/wp-json\/wp\/v2\/media?parent=3435"}],"wp:term":[{"taxonomy":"product_cat","embeddable":true,"href":"https:\/\/eyewearstore.hu\/en\/wp-json\/wp\/v2\/product_cat?post=3435"},{"taxonomy":"product_tag","embeddable":true,"href":"https:\/\/eyewearstore.hu\/en\/wp-json\/wp\/v2\/product_tag?post=3435"}],"curies":[{"name":"wp","href":"https:\/\/api.w.org\/{rel}","templated":true}]}}